{"id":11,"date":"2021-01-05T18:28:49","date_gmt":"2021-01-05T18:28:49","guid":{"rendered":"https:\/\/prettechcanada.com\/?page_id=11"},"modified":"2022-09-19T21:16:10","modified_gmt":"2022-09-19T21:16:10","slug":"chiller-heat-exchanger","status":"publish","type":"page","link":"https:\/\/prettechcanada.com\/es\/chiller-heat-exchanger\/","title":{"rendered":"Enfriadoras e intercambiadores de calor"},"content":{"rendered":"<p>[et_pb_section fb_built=\"1\u2033 _builder_version=\"4.16\u2033 _module_preset=\"default\" use_background_color_gradient=\"on\" background_color_gradient_stops=\"rgba(0,0,0,0.45) 0%|rgba(0,0,0,0.5) 100%\" background_color_gradient_overlays_image=\"on\" background_color_gradient_start=\"rgba(0,0,0,0.45)\" background_color_gradient_end=\"rgba(0,0,0,0.5)\" background_image=\"https:\/\/prettechcanada.com\/wp-content\/uploads\/2021\/01\/beer-drinking.jpg\" min_height=\"531px\" custom_padding=\"157px||123px|||\" global_colors_info=\"{}\"][et_pb_row _builder_version=\"4.16\u2033 _module_preset=\"default\" global_colors_info=\"{}\"][et_pb_column type=\"4_4\u2033 _builder_version=\"4.16\u2033 _module_preset=\"default\" global_colors_info=\"{}\"][et_pb_cta title=\"REFRIGERADORES E INTERCAMBIADORES DE CALOR\" button_url=\"tel:604-783-6003\u2033 _builder_version=\"4.18.0\u2033 _module_preset=\"default\" header_font=\"|700|||||||\" header_font_size=\"53px\" body_font_size=\"24px\" background_color=\"rgba(0,0,0,0)\" custom_button=\"on\" button_bg_color=\"#e02b20\u2033 button_border_radius=\"0px\" button_font=\"|600|||||||\" hover_enabled=\"0\u2033 header_font_size_tablet=\"\" header_font_size_phone=\"31px\" header_font_size_last_edited=\"on|desktop\" global_colors_info=\"{}\" header_level=\"h1\u2033 sticky_enabled=\"0\u2033][\/et_pb_cta][\/et_pb_column][\/et_pb_row][\/et_pb_section][et_pb_section fb_built=\"1\u2033 _builder_version=\"4.16\u2033 _module_preset=\"default\" custom_padding=\"109px||99px|||\" global_colors_info=\"{}\"][et_pb_row _builder_version=\"4.16\u2033 _module_preset=\"default\" global_colors_info=\"{}\"][et_pb_column type=\"4_4\u2033 _builder_version=\"4.16\u2033 _module_preset=\"default\" global_colors_info=\"{}\"][et_pb_text _builder_version=\"4.16\u2033 _module_preset=\"default\" global_colors_info=\"{}\"]<\/p>\n<h3 style=\"text-align: center;\">FERMENTACI\u00d3N SALUDABLE DEPENDEN DE FACTORES DE REFRIGERACI\u00d3N.<\/h3>\n<h3 style=\"text-align: center;\">LA CLAVE #1 PARA QUE TU \"CERVEZA ARTESANA\" TENGA UN SABOR INCRE\u00cdBLE ES LA TEMPERATURA.<\/h3>\n<p>[\/et_pb_text][\/et_pb_column][\/et_pb_row][\/et_pb_section][et_pb_section fb_built=\"1\u2033 _builder_version=\"4.16\u2033 _module_preset=\"default\" background_color=\"rgba(0,0,0,0.04)\" global_colors_info=\"{}\"][et_pb_row column_structure=\"3_5,2_5\u2033 _builder_version=\"4.16\u2033 _module_preset=\"default\" global_colors_info=\"{}\"][et_pb_column type=\"3_5\u2033 _builder_version=\"4.16\u2033 _module_preset=\"default\" global_colors_info=\"{}\"][et_pb_text _builder_version=\"4.16\u2033 _module_preset=\"default\" global_colors_info=\"{}\"]<\/p>\n<h3>TEMPERATURA<\/h3>\n<p>La temperatura correcta de fermentaci\u00f3n depende de la cepa de levadura. Las cepas de levadura Ale suelen fermentar a 60-72\u00b0 F, mientras que las Lagers suelen fermentar a 45-60\u00b0 F. A medida que aumenta la temperatura, tiende a aumentar la producci\u00f3n de sabores extra\u00f1os. Fermentar por debajo de las temperaturas recomendadas puede provocar un bloqueo de la fermentaci\u00f3n. Del mismo modo, la fluctuaci\u00f3n de la temperatura estresa a la levadura, lo que provoca un aumento de los sabores desagradables o el estancamiento de la fermentaci\u00f3n.<\/p>\n<p>El proceso de fermentaci\u00f3n saludable genera calor, de ah\u00ed el uso de medidores de temperatura PT100 en el pozo t\u00e9rmico de un recipiente de fermentaci\u00f3n. La temperatura se regula mediante un enfriador, lo que garantiza una cerveza de gran sabor sin prote\u00ednas derivadas del sobrecalentamiento de nuestra esclusa de fermentaci\u00f3n.<\/p>\n<p>El ox\u00edgeno, la velocidad de dosificaci\u00f3n y la temperatura son los factores m\u00e1s importantes que influyen en el \u00e9xito de la fermentaci\u00f3n, aunque ciertamente no son los \u00fanicos.<\/p>\n<p>&nbsp;<\/p>\n<h3>OX\u00cdGENO<\/h3>\n<p>Se necesitan de 8 a 12 ppm de O2 disuelto para una fermentaci\u00f3n sana de la cerveza Ale. Las fermentaciones de la cerveza rubia requieren hasta 15 ppm. A presi\u00f3n atmosf\u00e9rica, alrededor de 8 ppm es el nivel m\u00e1ximo de O2 que se puede alcanzar en el mosto normal agitando un fermentador. La difusi\u00f3n de aire comprimido a trav\u00e9s de una piedra sinterizada alcanza niveles m\u00e1s altos, y el O2 puro empujado a trav\u00e9s de una piedra sinterizada es a\u00fan mejor. La aireaci\u00f3n en cualquier punto una vez iniciada la fermentaci\u00f3n es generalmente indeseable.<\/p>\n<p>&nbsp;<\/p>\n<h3>TASA DE LANZAMIENTO<\/h3>\n<p>Las fermentaciones de cerveza requieren unos 10 millones de c\u00e9lulas\/ml, y las de cerveza rubia, 15 millones de c\u00e9lulas\/ml, para un mosto de fuerza normal, aunque los requisitos de velocidad de lanzamiento aumentan con la gravedad. En un lote de 5 galones, el uso de un \"pitchable tube\" o un \"smack pack\" por s\u00ed solos garantizan pr\u00e1cticamente que se lanzar\u00e1 poco. Prepare un starter para aumentar el n\u00famero de c\u00e9lulas antes del lanzamiento. Para obtener informaci\u00f3n detallada sobre la elaboraci\u00f3n de starters, visite www.mrmalty.com.<\/p>\n<p>La mejor manera de salvaguardar su levadura es llevarla a temperatura con un Intercambiador de Calor.<\/p>\n<p>&nbsp;<\/p>\n<p>[\/et_pb_text][\/et_pb_column][et_pb_column type=\"2_5\u2033 _builder_version=\"4.16\u2033 _module_preset=\"default\" global_colors_info=\"{}\"][et_pb_image src=\"https:\/\/prettechcanada.com\/wp-content\/uploads\/2021\/01\/Chiller-Photo.jpg\" title_text=\"Chiller-Foto\" _builder_version=\"4.16\u2033 _module_preset=\"default\" global_colors_info=\"{}\"][\/et_pb_image][\/et_pb_column][\/et_pb_row][\/et_pb_section][et_pb_section fb_built=\"1\u2033 _builder_version=\"4.16\u2033 _module_preset=\"default\" use_background_color_gradient=\"on\" background_color_gradient_stops=\"#140a02 0%|rgba(0,0,0,0.13) 100%\" background_color_gradient_overlays_image=\"on\" background_color_gradient_start=\"#140a02\u2033 background_color_gradient_end=\"rgba(0,0,0,0.13)\" background_image=\"https:\/\/prettechcanada.com\/wp-content\/uploads\/2021\/03\/tank-collage.jpg\" custom_padding=\"72px||52px|||\" global_colors_info=\"{}\"][et_pb_row _builder_version=\"4.16\u2033 _module_preset=\"default\" global_colors_info=\"{}\"][et_pb_column type=\"4_4\u2033 _builder_version=\"4.16\u2033 _module_preset=\"default\" global_colors_info=\"{}\"][et_pb_cta title=\"\u00bfQuieres saber m\u00e1s?\" button_text=\"Haz clic aqu\u00ed\" _builder_version=\"4.16\u2033 _module_preset=\"default\" header_font_size=\"30px\" body_font_size=\"18px\" background_color=\"rgba(0,0,0,0)\" global_colors_info=\"{}\"]<\/p>\n<p>P\u00f3ngase en contacto con nosotros y le atenderemos enseguida.<\/p>\n<p>[\/et_pb_cta][\/et_pb_column][\/et_pb_row][\/et_pb_section][et_pb_section fb_built=\"1\u2033 _builder_version=\"4.7.7\u2033 _module_preset=\"default\" background_color=\"#000000\u2033 background_enable_image=\"off\" global_module=\"84\u2033 saved_tabs=\"all\" global_colors_info=\"{}\"][et_pb_row column_structure=\"1_3,2_3\u2033 _builder_version=\"4.16\u2033 _module_preset=\"default\" global_colors_info=\"{}\"][et_pb_column type=\"1_3\u2033 _builder_version=\"4.16\u2033 _module_preset=\"default\" global_colors_info=\"{}\"][et_pb_text _builder_version=\"4.16\u2033 _module_preset=\"default\" text_font_size=\"17px\" header_2_text_color=\"#5bcc22\u2033 global_colors_info=\"{}\"]<\/p>\n<h2>Contacte con nosotros<\/h2>\n<p><span style=\"color: #ffffff;\"><\/span><\/p>\n<p><span style=\"color: #ffffff;\"><strong>Tel: <span style=\"color: #ffffff;\"><a href=\"tel:604.783.6003\" style=\"color: #ffffff;\">604-783-6003<\/a><\/span><br \/>Fax: 778-371-3401<\/strong><\/span><br \/><span style=\"color: #ffffff;\"> <strong> <a href=\"mailto:mike@prettechcanada.com\" style=\"color: #ffffff;\">mike@prettechcanada.com<\/a><\/strong><\/span><\/p>\n<p>[\/et_pb_text][et_pb_button button_url=\"https:\/\/cal.services\/havenplex\/My-Meeting\/dv24IfOAV\" button_text=\"Reserva tiempo con un ingeniero\" _builder_version=\"4.16\u2033 _module_preset=\"default\" custom_button=\"on\" button_text_size=\"15px\" button_text_color=\"#ffffff\" button_bg_color=\"#20af1d\" button_icon=\"\ue025||divi||400\u2033 global_colors_info=\"{}\"][\/et_pb_button][et_pb_social_media_follow _builder_version=\"4.16\u2033 _module_preset=\"default\" global_colors_info=\"{}\"][et_pb_social_media_follow_network social_network=\"facebook\" url=\"https:\/\/www.facebook.com\/prettechcanadavancouver\/\" _builder_version=\"4.16\u2033 _module_preset=\"default\" background_color=\"#3b5998\u2033 global_colors_info=\"{}\" follow_button=\"off\" url_new_window=\"on\"]facebook[\/et_pb_social_media_follow_network][et_pb_social_media_follow_network social_network=\"twitter\" url=\"https:\/\/twitter.com\/prettech_canada\" _builder_version=\"4.16\u2033 _module_preset=\"default\" background_color=\"#00aced\" global_colors_info=\"{}\" follow_button=\"off\" url_new_window=\"on\"]twitter[\/et_pb_social_media_follow_network][et_pb_social_media_follow_network social_network=\"instagram\" url=\"https:\/\/www.instagram.com\/prettechcanada\/\" _builder_version=\"4.16\u2033 _module_preset=\"default\" background_color=\"#ea2c59\u2033 global_colors_info=\"{}\" follow_button=\"off\" url_new_window=\"on\"]instagram[\/et_pb_social_media_follow_network][\/et_pb_social_media_follow][\/et_pb_column][et_pb_column type=\"2_3\u2033 _builder_version=\"4.16\u2033 _module_preset=\"default\" global_colors_info=\"{}\"][et_pb_contact_form use_spam_service=\"on\" recaptcha_list=\"Prettech|Prettech-0\u2033 email=\"havenplex@gmail.com\" title=\"Mensaje Prettech Canad\u00e1\" custom_message=\"%%name%%||et_pb_line_break_holder||%%email%%||et_pb_line_break_holder|%%phone%%||et_pb_line_break_holder||%%company%%||et_pb_line_break_holder||%%message%%\" success_message=\"Gracias por su mensaje.\" module_id=\"contactForm\" _builder_version=\"4.18.0\u2033 _module_preset=\u201ddefault\u201d _unique_id=\u201d1f8b8ac7-48bb-4152-a22c-7bf313178c2a\" title_level=\"h4\u2033 title_font=\"||||||||\" title_text_color=\"#5bcc22\u2033 title_font_size=\"24px\" captcha_text_color=\"#ffffff\" custom_button=\"on\" button_text_color=\"#FFFFFF\" button_bg_color=\"#5bcc22\u2033 button_border_color=\"RGBA(0,0,0,0)\" global_colors_info=\"{}\"][et_pb_contact_field field_id=\"Nombre\" field_title=\"Nombre\" _builder_version=\"4.16\u2033 global_colors_info=\"{}\" button_text_size__hover_enabled=\"off\" button_one_text_size__hover_enabled=\"off\" button_two_text_size__hover_enabled=\"off\" button_text_color__hover_enabled=\"off\" button_one_text_color__hover_enabled=\"off\" button_two_text_color__hover_enabled=\"off\" button_border_width__hover_enabled=\"off\" button_one_border_width__hover_enabled=\"off\" button_two_border_width__hover_enabled=\"off\" button_border_color__hover_enabled=\"off\" button_one_border_color__hover_enabled=\"off\" button_two_border_color__hover_enabled=\"off\" button_border_radius__hover_enabled=\"off\" button_one_border_radius__hover_enabled=\"off\" button_two_border_radius__hover_enabled=\"off\" button_letter_spacing__hover_enabled=\"off\" button_one_letter_spacing__hover_enabled=\"off\" button_two_letter_spacing__hover_enabled=\"off\" button_bg_color__hover_enabled=\"off\" button_one_bg_color__hover_enabled=\"off\" button_two_bg_color__hover_enabled=\"off\"][\/et_pb_contact_field][et_pb_contact_field field_id=\"Correo electr\u00f3nico\" field_title=\"Correo electr\u00f3nico\" field_type=\"correo electr\u00f3nico\" _builder_version=\"4.16\u2033 global_colors_info=\"{}\" button_text_size__hover_enabled=\"off\" button_one_text_size__hover_enabled=\"off\" button_two_text_size__hover_enabled=\"off\" button_text_color__hover_enabled=\"off\" button_one_text_color__hover_enabled=\"off\" button_two_text_color__hover_enabled=\"desactivado\" button_border_width__hover_enabled=\"desactivado\" button_one_border_width__hover_enabled=\"desactivado\" button_two_border_width__hover_enabled=\"desactivado\" button_border_color__hover_enabled=\"desactivado\" button_one_border_color__hover_enabled=\"desactivado\" button_two_border_color__hover_enabled=\"off\" button_border_radius__hover_enabled=\"off\" button_one_border_radius__hover_enabled=\"off\" button_two_border_radius__hover_enabled=\"off\" button_letter_spacing__hover_enabled=\"off\" button_one_letter_spacing__hover_enabled=\"off\" button_two_letter_spacing__hover_enabled=\"off\" button_bg_color__hover_enabled=\"off\" button_one_bg_color__hover_enabled=\"off\" button_two_bg_color__hover_enabled=\"off\"][\/et_pb_contact_field][et_pb_contact_field field_id=\"Tel\u00e9fono\" field_title=\"Tel\u00e9fono\" _builder_version=\"4.16\u2033 global_colors_info=\"{}\" button_text_size__hover_enabled=\"off\" button_one_text_size__hover_enabled=\"off\" button_two_text_size__hover_enabled=\"off\" button_text_color__hover_enabled=\"off\" button_one_text_color__hover_enabled=\"off\" button_two_text_color__hover_enabled=\"desactivado\" button_border_width__hover_enabled=\"desactivado\" button_one_border_width__hover_enabled=\"desactivado\" button_two_border_width__hover_enabled=\"desactivado\" button_border_color__hover_enabled=\"desactivado\" button_one_border_color__hover_enabled=\"desactivado\" button_two_border_color__hover_enabled=\"off\" button_border_radius__hover_enabled=\"off\" button_one_border_radius__hover_enabled=\"off\" button_two_border_radius__hover_enabled=\"off\" button_letter_spacing__hover_enabled=\"off\" button_one_letter_spacing__hover_enabled=\"off\" button_two_letter_spacing__hover_enabled=\"off\" button_bg_color__hover_enabled=\"off\" button_one_bg_color__hover_enabled=\"off\" button_two_bg_color__hover_enabled=\"off\"][\/et_pb_contact_field][et_pb_contact_field field_id=\"Empresa\" field_title=\"Empresa\" _builder_version=\"4.16\u2033 global_colors_info=\"{}\" button_text_size__hover_enabled=\"off\" button_one_text_size__hover_enabled=\"off\" button_two_text_size__hover_enabled=\"off\" button_text_color__hover_enabled=\"off\" button_one_text_color__hover_enabled=\"off\" button_two_text_color__hover_enabled=\"off\" button_border_width__hover_enabled=\"off\" button_one_border_width__hover_enabled=\"off\" button_two_border_width__hover_enabled=\"off\" button_border_color__hover_enabled=\"off\" button_one_border_color__hover_enabled=\"off\" button_two_border_color__hover_enabled=\"off\" button_border_radius__hover_enabled=\"off\" button_one_border_radius__hover_enabled=\"off\" button_two_border_radius__hover_enabled=\"off\" button_letter_spacing__hover_enabled=\"off\" button_one_letter_spacing__hover_enabled=\"off\" button_two_letter_spacing__hover_enabled=\"off\" button_bg_color__hover_enabled=\"off\" button_one_bg_color__hover_enabled=\"off\" button_two_bg_color__hover_enabled=\"off\"][\/et_pb_contact_field][et_pb_contact_field field_id=\"Mensaje\" field_title=\"Mensaje\" field_type=\"text\" fullwidth_field=\"on\" _builder_version=\"4.16\u2033 global_colors_info=\"{}\" button_text_size__hover_enabled=\"off\" button_one_text_size__hover_enabled=\"off\" button_two_text_size__hover_enabled=\"off\" button_text_color__hover_enabled=\"off\" button_one_text_color__hover_enabled=\"off\" button_two_text_color__hover_enabled=\"desactivado\" button_border_width__hover_enabled=\"desactivado\" button_one_border_width__hover_enabled=\"desactivado\" button_two_border_width__hover_enabled=\"desactivado\" button_border_color__hover_enabled=\"desactivado\" button_one_border_color__hover_enabled=\"desactivado\" button_two_border_color__hover_enabled=\"off\" button_border_radius__hover_enabled=\"off\" button_one_border_radius__hover_enabled=\"off\" button_two_border_radius__hover_enabled=\"off\" button_letter_spacing__hover_enabled=\"off\" button_one_letter_spacing__hover_enabled=\"off\" button_two_letter_spacing__hover_enabled=\"off\" button_bg_color__hover_enabled=\"off\" button_one_bg_color__hover_enabled=\"off\" button_two_bg_color__hover_enabled=\"off\"][\/et_pb_contact_field][\/et_pb_contact_form][et_pb_text _builder_version=\"4.16\u2033 _module_preset=\"default\" text_font_size=\"11px\" global_colors_info=\"{}\"]<\/p>\n<div class=\"\">\n<div><span style=\"color: #ffffff;\"><span class=\"enlighter-text\"><span style=\"color: #999999;\">Este sitio est\u00e1 protegido por reCAPTCHA y por la pol\u00edtica de privacidad de Google.<\/span>\u00a0<\/span><span class=\"enlighter-g1\"><\/span><span style=\"color: #999999;\"><a href=\"https:\/\/policies.google.com\/privacy\" target=\"_blank\" rel=\"noopener noreferrer\" style=\"color: #999999;\"><span class=\"enlighter-text\">Pol\u00edtica de privacidad<\/span><\/a><\/span><span class=\"enlighter-text\"><span style=\"color: #ff0000;\">\u00a0<\/span><span style=\"color: #999999;\">y<\/span><span style=\"color: #ff0000;\">\u00a0<\/span><\/span><span class=\"enlighter-text\"><span style=\"color: #999999;\"><a href=\"https:\/\/policies.google.com\/terms\" target=\"_blank\" rel=\"noopener noreferrer\" style=\"color: #999999;\">Condiciones de uso<\/a><\/span>\u00a0<\/span><span class=\"enlighter-text\" style=\"color: #999999;\">aplicar.<\/span><\/span><\/div>\n<\/div>\n<p>[\/et_pb_text][\/et_pb_column][\/et_pb_row][\/et_pb_section]<\/p>","protected":false},"excerpt":{"rendered":"<p>UNA FERMENTACI\u00d3N SANA DEPENDE DE FACTORES DE REFRIGERACI\u00d3N. LA CLAVE #1 PARA QUE SU \"CRAFT BEER\" TENGA UN SABOR INCRE\u00cdBLE ES LA TEMPERATURA.La temperatura correcta de fermentaci\u00f3n depende de la cepa de levadura. Las cepas de levadura Ale suelen fermentar a 60-72\u00b0 F, mientras que las Lagers suelen fermentar a 45-60\u00b0 F. A medida que aumenta la temperatura, tiende a aumentar la producci\u00f3n de sabores extra\u00f1os. Fermentar por debajo de las temperaturas recomendadas puede [...]<\/p>","protected":false},"author":1,"featured_media":0,"parent":0,"menu_order":0,"comment_status":"closed","ping_status":"closed","template":"","meta":{"_et_pb_use_builder":"on","_et_pb_old_content":"<!-- wp:divi\/placeholder \/-->","_et_gb_content_width":"","_monsterinsights_skip_tracking":false,"_monsterinsights_sitenote_active":false,"_monsterinsights_sitenote_note":"","_monsterinsights_sitenote_category":0,"footnotes":""},"class_list":["post-11","page","type-page","status-publish","hentry"],"aioseo_notices":[],"_links":{"self":[{"href":"https:\/\/prettechcanada.com\/es\/wp-json\/wp\/v2\/pages\/11","targetHints":{"allow":["GET"]}}],"collection":[{"href":"https:\/\/prettechcanada.com\/es\/wp-json\/wp\/v2\/pages"}],"about":[{"href":"https:\/\/prettechcanada.com\/es\/wp-json\/wp\/v2\/types\/page"}],"author":[{"embeddable":true,"href":"https:\/\/prettechcanada.com\/es\/wp-json\/wp\/v2\/users\/1"}],"replies":[{"embeddable":true,"href":"https:\/\/prettechcanada.com\/es\/wp-json\/wp\/v2\/comments?post=11"}],"version-history":[{"count":2,"href":"https:\/\/prettechcanada.com\/es\/wp-json\/wp\/v2\/pages\/11\/revisions"}],"predecessor-version":[{"id":550,"href":"https:\/\/prettechcanada.com\/es\/wp-json\/wp\/v2\/pages\/11\/revisions\/550"}],"wp:attachment":[{"href":"https:\/\/prettechcanada.com\/es\/wp-json\/wp\/v2\/media?parent=11"}],"curies":[{"name":"wp","href":"https:\/\/api.w.org\/{rel}","templated":true}]}}