{"id":15,"date":"2021-01-05T18:29:26","date_gmt":"2021-01-05T18:29:26","guid":{"rendered":"https:\/\/prettechcanada.com\/?page_id=15"},"modified":"2022-09-19T21:19:16","modified_gmt":"2022-09-19T21:19:16","slug":"about","status":"publish","type":"page","link":"https:\/\/prettechcanada.com\/es\/about\/","title":{"rendered":"Acerca de"},"content":{"rendered":"<p>[et_pb_section fb_built=\"1\u2033 _builder_version=\"4.16\u2033 _module_preset=\"default\" use_background_color_gradient=\"on\" background_color_gradient_stops=\"rgba(0,0,0,0.45) 0%|rgba(0,0,0,0.5) 100%\" background_color_gradient_overlays_image=\"on\" background_color_gradient_start=\"rgba(0,0,0,0.45)\" background_color_gradient_end=\"rgba(0,0,0,0.5)\" background_image=\"https:\/\/prettechcanada.com\/wp-content\/uploads\/2021\/01\/beer-taps1.jpg\" min_height=\"531px\" custom_padding=\"157px||123px|||\" global_colors_info=\"{}\"][et_pb_row _builder_version=\"4.16\u2033 _module_preset=\"default\" global_colors_info=\"{}\"][et_pb_column type=\"4_4\u2033 _builder_version=\"4.16\u2033 _module_preset=\"default\" global_colors_info=\"{}\"][et_pb_cta title=\"ACERCA DE\" button_url=\"tel:604-783-6003\u2033 _builder_version=\"4.18.0\u2033 _module_preset=\"default\" header_font=\"|700|||||||\" header_font_size=\"53px\" body_font_size=\"24px\" background_color=\"rgba(0,0,0,0)\" custom_button=\"on\" button_bg_color=\"#e02b20\u2033 button_border_radius=\"0px\" button_font=\"|600|||||||\" hover_enabled=\"0\u2033 global_colors_info=\"{}\" header_level=\"h1\u2033 sticky_enabled=\"0\u2033][\/et_pb_cta][\/et_pb_column][\/et_pb_row][\/et_pb_section][et_pb_section fb_built=\"1\u2033 _builder_version=\"4.16\u2033 _module_preset=\"default\" background_color=\"rgba(0,0,0,0.03)\" custom_padding=\"85px||70px|||\" global_colors_info=\"{}\"][et_pb_row _builder_version=\"4.16\u2033 _module_preset=\"default\" global_colors_info=\"{}\"][et_pb_column type=\"4_4\u2033 _builder_version=\"4.16\u2033 _module_preset=\"default\" global_colors_info=\"{}\"][et_pb_text _builder_version=\"4.18.0\u2033 _module_preset=\"default\" hover_enabled=\"0\u2033 global_colors_info=\"{}\" sticky_enabled=\"0\u2033]<\/p>\n<h1 style=\"text-align: center;\">UNA PASI\u00d3N SIN IGUAL POR LA FABRICACI\u00d3N DE CERVEZA<\/h1>\n<h3 style=\"text-align: center;\">INGENIEROS CON M\u00c1S DE 40 A\u00d1OS DE EXPERIENCIA<\/h3>\n<p>[\/et_pb_text][\/et_pb_column][\/et_pb_row][\/et_pb_section][et_pb_section fb_built=\"1\u2033 _builder_version=\"4.16\u2033 _module_preset=\"default\" custom_padding=\"135px||134px|||\" global_colors_info=\"{}\"][et_pb_row column_structure=\"3_5,2_5\u2033 _builder_version=\"4.16\u2033 _module_preset=\"default\" global_colors_info=\"{}\"][et_pb_column type=\"3_5\u2033 _builder_version=\"4.16\u2033 _module_preset=\"default\" global_colors_info=\"{}\"][et_pb_text _builder_version=\"4.16\u2033 _module_preset=\"default\" global_colors_info=\"{}\"]<\/p>\n<h3>SOMOS PROFESIONALES DE LA CERVEZA<\/h3>\n<p>Prettech Canada trabaja en estrecha colaboraci\u00f3n con sus veteranos socios e ingenieros que llevan m\u00e1s de 4 d\u00e9cadas fabricando tanques de fermentaci\u00f3n y dirigiendo operaciones de ingenier\u00eda cervecera\/alcoholera. Prettech Canada es experto en dise\u00f1o y fabricaci\u00f3n a medida en el campo de la industria cervecera. Ya sea para una bodega existente, una cervecer\u00eda o un proyecto futuro, nuestro equipo de ingenieros le proporcionar\u00e1 la soluci\u00f3n ideal para ayudarle a optimizar sus instalaciones de producci\u00f3n o su sistema de ingenier\u00eda.<\/p>\n<p>Prettech Canada ofrece financiaci\u00f3n OAC, est\u00e1 respaldada por Canad\u00e1 y cuenta con un programa de garant\u00eda completa de un a\u00f1o para nuestro acero inoxidable 304 de calidad alimentaria. El equipo de elaboraci\u00f3n de cerveza profesional de Prettech Canada es m\u00e1s asequible que el de cualquiera de nuestros competidores en Norteam\u00e9rica, superando el precio de nuestra competencia en al menos 10%.<\/p>\n<p>[\/et_pb_text][\/et_pb_column][et_pb_column type=\"2_5\u2033 _builder_version=\"4.16\u2033 _module_preset=\"default\" global_colors_info=\"{}\"][et_pb_image src=\"https:\/\/prettechcanada.com\/wp-content\/uploads\/2021\/01\/Hops-beers-1.jpg\" title_text=\"Cervezas de l\u00fapulo\" _builder_version=\"4.16\u2033 _module_preset=\"default\" global_colors_info=\"{}\"][\/et_pb_image][\/et_pb_column][\/et_pb_row][\/et_pb_section][et_pb_section fb_built=\"1\u2033 _builder_version=\"4.16\u2033 _module_preset=\"default\" background_color=\"rgba(0,0,0,0.04)\" custom_padding=\"96px||62px|||\" global_colors_info=\"{}\"][et_pb_row column_structure=\"1_3,1_3,1_3\u2033 _builder_version=\"4.16\u2033 _module_preset=\"default\" global_colors_info=\"{}\"][et_pb_column type=\"1_3\u2033 _builder_version=\"4.16\u2033 _module_preset=\"default\" global_colors_info=\"{}\"][et_pb_blurb title=\"PROUDLY CANADIAN\" image=\"https:\/\/prettechcanada.com\/wp-content\/uploads\/2021\/01\/canada.jpg\" _builder_version=\"4.16\u2033 _module_preset=\"default\" header_text_align=\"center\" header_font_size=\"22px\" global_colors_info=\"{}\"][\/et_pb_blurb][\/et_pb_column][et_pb_column type=\"1_3\u2033 _builder_version=\"4.16\u2033 _module_preset=\"default\" global_colors_info=\"{}\"][et_pb_blurb title=\"LOCALLY OWNED &amp; OPERATED\" image=\"https:\/\/prettechcanada.com\/wp-content\/uploads\/2021\/01\/local.jpg\" _builder_version=\"4.16\u2033 _module_preset=\"default\" header_text_align=\"center\" header_font_size=\"22px\" global_colors_info=\"{}\"][\/et_pb_blurb][\/et_pb_column][et_pb_column type=\"1_3\u2033 _builder_version=\"4.16\u2033 _module_preset=\"default\" global_colors_info=\"{}\"][et_pb_blurb title=\"OFRECER PRODUCTOS DE CALIDAD\" image=\"https:\/\/prettechcanada.com\/wp-content\/uploads\/2021\/01\/quality.jpg\" _builder_version=\"4.16\u2033 _module_preset=\"default\" header_text_align=\"center\" header_font_size=\"22px\" global_colors_info=\"{}\"][\/et_pb_blurb][\/et_pb_column][\/et_pb_row][\/et_pb_section][et_pb_section fb_built=\"1\u2033 _builder_version=\"4.16\u2033 _module_preset=\"default\" custom_padding=\"135px||117px|||\" global_colors_info=\"{}\"][et_pb_row column_structure=\"3_5,2_5\u2033 _builder_version=\"4.16\u2033 _module_preset=\"default\" global_colors_info=\"{}\"][et_pb_column type=\"3_5\u2033 _builder_version=\"4.16\u2033 _module_preset=\"default\" global_colors_info=\"{}\"][et_pb_text _builder_version=\"4.16\u2033 _module_preset=\"default\" global_colors_info=\"{}\"]<\/p>\n<h3>NUESTRO AMOR POR LA CERVEZA<\/h3>\n<p>Nuestra empresa sabe que a todo el mundo le gusta la cerveza, pero tambi\u00e9n queremos asegurarnos de que antes de que tome su decisi\u00f3n final, Prettech Canada le ayude a evaluar su mercado objetivo. Una vez que haya tomado esa decisi\u00f3n, nuestro equipo de ingenier\u00eda se pone manos a la obra para crear modelos 3D de toda la instalaci\u00f3n de la microcervecer\u00eda, para que pueda ver exactamente c\u00f3mo quedar\u00e1 en su restaurante \/ pub \/ instalaci\u00f3n cuando todo est\u00e9 terminado.<\/p>\n<p>Le sorprender\u00e1 c\u00f3mo estos maestros de la planificaci\u00f3n pueden dar vida a su nueva microcervecer\u00eda, mostr\u00e1ndole d\u00f3nde encajar\u00e1 todo, c\u00f3mo funcionar\u00e1 todo e incluso d\u00f3nde se sentar\u00e1n sus invitados para disfrutar de la vista de la cerveza que se est\u00e1 elaborando.<\/p>\n<p>[\/et_pb_text][\/et_pb_column][et_pb_column type=\"2_5\u2033 _builder_version=\"4.16\u2033 _module_preset=\"default\" global_colors_info=\"{}\"][et_pb_image src=\"https:\/\/prettechcanada.com\/wp-content\/uploads\/2021\/01\/Beer-Brewery-600\u00d7400-1.jpg\" title_text=\"Cerveza-Cervecer\u00eda-600\u00d7400\u2033 _builder_version=\"4.16\u2033 _module_preset=\"default\" global_colors_info=\"{}\"][\/et_pb_image][\/et_pb_column][\/et_pb_row][\/et_pb_section][et_pb_section fb_built=\"1\u2033 _builder_version=\"4.16\u2033 _module_preset=\"default\" background_color=\"#000000\u2033 custom_padding=\"15px||28px|||\" global_colors_info=\"{}\"][et_pb_row _builder_version=\"4.16\u2033 _module_preset=\"default\" custom_margin=\"21px|auto||auto||\" global_colors_info=\"{}\"][et_pb_column type=\"4_4\u2033 _builder_version=\"4.16\u2033 _module_preset=\"default\" global_colors_info=\"{}\"][et_pb_image src=\"https:\/\/prettechcanada.com\/wp-content\/uploads\/2021\/08\/prettech-logo-2021-1531.png\" title_text=\"prettech-logogo-2021-1531\u2033 align=\"center\" _builder_version=\"4.16\u2033 _module_preset=\"default\" width=\"27%\" width_tablet=\"\" width_phone=\"88px\" width_last_edited=\"on|phone\" global_colors_info=\"{}\"][\/et_pb_image][\/et_pb_column][\/et_pb_row][\/et_pb_section][et_pb_section fb_built=\"1\u2033 _builder_version=\"4.16\u2033 _module_preset=\"default\" use_background_color_gradient=\"on\" background_color_gradient_stops=\"#140a02 0%|rgba(0,0,0,0.13) 100%\" background_color_gradient_overlays_image=\"on\" background_color_gradient_start=\"#140a02\u2033 background_color_gradient_end=\"rgba(0,0,0,0.13)\" background_image=\"https:\/\/prettechcanada.com\/wp-content\/uploads\/2021\/03\/tank-collage.jpg\" custom_padding=\"72px||52px|||\" global_colors_info=\"{}\"][et_pb_row _builder_version=\"4.16\u2033 _module_preset=\"default\" global_colors_info=\"{}\"][et_pb_column type=\"4_4\u2033 _builder_version=\"4.16\u2033 _module_preset=\"default\" global_colors_info=\"{}\"][et_pb_cta title=\"\u00bfQuieres saber m\u00e1s?\" button_text=\"Haz clic aqu\u00ed\" _builder_version=\"4.16\u2033 _module_preset=\"default\" header_font_size=\"30px\" body_font_size=\"18px\" background_color=\"rgba(0,0,0,0)\" global_colors_info=\"{}\"]<\/p>\n<p>P\u00f3ngase en contacto con nosotros y le atenderemos enseguida.<\/p>\n<p>[\/et_pb_cta][\/et_pb_column][\/et_pb_row][\/et_pb_section][et_pb_section fb_built=\"1\u2033 _builder_version=\"4.7.7\u2033 _module_preset=\"default\" background_color=\"#000000\u2033 background_enable_image=\"off\" global_module=\"84\u2033 saved_tabs=\"all\" global_colors_info=\"{}\"][et_pb_row column_structure=\"1_3,2_3\u2033 _builder_version=\"4.16\u2033 _module_preset=\"default\" global_colors_info=\"{}\"][et_pb_column type=\"1_3\u2033 _builder_version=\"4.16\u2033 _module_preset=\"default\" global_colors_info=\"{}\"][et_pb_text _builder_version=\"4.16\u2033 _module_preset=\"default\" text_font_size=\"17px\" header_2_text_color=\"#5bcc22\u2033 global_colors_info=\"{}\"]<\/p>\n<h2>Contacte con nosotros<\/h2>\n<p><span style=\"color: #ffffff;\"><\/span><\/p>\n<p><span style=\"color: #ffffff;\"><strong>Tel: <span style=\"color: #ffffff;\"><a href=\"tel:604.783.6003\" style=\"color: #ffffff;\">604-783-6003<\/a><\/span><br \/>Fax: 778-371-3401<\/strong><\/span><br \/><span style=\"color: #ffffff;\"> <strong> <a href=\"mailto:mike@prettechcanada.com\" style=\"color: #ffffff;\">mike@prettechcanada.com<\/a><\/strong><\/span><\/p>\n<p>[\/et_pb_text][et_pb_button button_url=\"https:\/\/cal.services\/havenplex\/My-Meeting\/dv24IfOAV\" button_text=\"Reserva tiempo con un ingeniero\" _builder_version=\"4.16\u2033 _module_preset=\"default\" custom_button=\"on\" button_text_size=\"15px\" button_text_color=\"#ffffff\" button_bg_color=\"#20af1d\" button_icon=\"\ue025||divi||400\u2033 global_colors_info=\"{}\"][\/et_pb_button][et_pb_social_media_follow _builder_version=\"4.16\u2033 _module_preset=\"default\" global_colors_info=\"{}\"][et_pb_social_media_follow_network social_network=\"facebook\" url=\"https:\/\/www.facebook.com\/prettechcanadavancouver\/\" _builder_version=\"4.16\u2033 _module_preset=\"default\" background_color=\"#3b5998\u2033 global_colors_info=\"{}\" follow_button=\"off\" url_new_window=\"on\"]facebook[\/et_pb_social_media_follow_network][et_pb_social_media_follow_network social_network=\"twitter\" url=\"https:\/\/twitter.com\/prettech_canada\" _builder_version=\"4.16\u2033 _module_preset=\"default\" background_color=\"#00aced\" global_colors_info=\"{}\" follow_button=\"off\" url_new_window=\"on\"]twitter[\/et_pb_social_media_follow_network][et_pb_social_media_follow_network social_network=\"instagram\" url=\"https:\/\/www.instagram.com\/prettechcanada\/\" _builder_version=\"4.16\u2033 _module_preset=\"default\" background_color=\"#ea2c59\u2033 global_colors_info=\"{}\" follow_button=\"off\" url_new_window=\"on\"]instagram[\/et_pb_social_media_follow_network][\/et_pb_social_media_follow][\/et_pb_column][et_pb_column type=\"2_3\u2033 _builder_version=\"4.16\u2033 _module_preset=\"default\" global_colors_info=\"{}\"][et_pb_contact_form use_spam_service=\"on\" recaptcha_list=\"Prettech|Prettech-0\u2033 email=\"havenplex@gmail.com\" title=\"Mensaje Prettech Canad\u00e1\" custom_message=\"%%name%%||et_pb_line_break_holder||%%email%%||et_pb_line_break_holder|%%phone%%||et_pb_line_break_holder||%%company%%||et_pb_line_break_holder||%%message%%\" success_message=\"Gracias por su mensaje.\" module_id=\"contactForm\" _builder_version=\"4.18.0\u2033 _module_preset=\u201ddefault\u201d _unique_id=\u201d1f8b8ac7-48bb-4152-a22c-7bf313178c2a\" title_level=\"h4\u2033 title_font=\"||||||||\" title_text_color=\"#5bcc22\u2033 title_font_size=\"24px\" captcha_text_color=\"#ffffff\" custom_button=\"on\" button_text_color=\"#FFFFFF\" button_bg_color=\"#5bcc22\u2033 button_border_color=\"RGBA(0,0,0,0)\" global_colors_info=\"{}\"][et_pb_contact_field field_id=\"Nombre\" field_title=\"Nombre\" _builder_version=\"4.16\u2033 global_colors_info=\"{}\" button_text_size__hover_enabled=\"off\" button_one_text_size__hover_enabled=\"off\" button_two_text_size__hover_enabled=\"off\" button_text_color__hover_enabled=\"off\" button_one_text_color__hover_enabled=\"off\" button_two_text_color__hover_enabled=\"off\" button_border_width__hover_enabled=\"off\" button_one_border_width__hover_enabled=\"off\" button_two_border_width__hover_enabled=\"off\" button_border_color__hover_enabled=\"off\" button_one_border_color__hover_enabled=\"off\" button_two_border_color__hover_enabled=\"off\" button_border_radius__hover_enabled=\"off\" button_one_border_radius__hover_enabled=\"off\" button_two_border_radius__hover_enabled=\"off\" button_letter_spacing__hover_enabled=\"off\" button_one_letter_spacing__hover_enabled=\"off\" button_two_letter_spacing__hover_enabled=\"off\" button_bg_color__hover_enabled=\"off\" button_one_bg_color__hover_enabled=\"off\" button_two_bg_color__hover_enabled=\"off\"][\/et_pb_contact_field][et_pb_contact_field field_id=\"Correo electr\u00f3nico\" field_title=\"Correo electr\u00f3nico\" field_type=\"correo electr\u00f3nico\" _builder_version=\"4.16\u2033 global_colors_info=\"{}\" button_text_size__hover_enabled=\"off\" button_one_text_size__hover_enabled=\"off\" button_two_text_size__hover_enabled=\"off\" button_text_color__hover_enabled=\"off\" button_one_text_color__hover_enabled=\"off\" button_two_text_color__hover_enabled=\"desactivado\" button_border_width__hover_enabled=\"desactivado\" button_one_border_width__hover_enabled=\"desactivado\" button_two_border_width__hover_enabled=\"desactivado\" button_border_color__hover_enabled=\"desactivado\" button_one_border_color__hover_enabled=\"desactivado\" button_two_border_color__hover_enabled=\"off\" button_border_radius__hover_enabled=\"off\" button_one_border_radius__hover_enabled=\"off\" button_two_border_radius__hover_enabled=\"off\" button_letter_spacing__hover_enabled=\"off\" button_one_letter_spacing__hover_enabled=\"off\" button_two_letter_spacing__hover_enabled=\"off\" button_bg_color__hover_enabled=\"off\" button_one_bg_color__hover_enabled=\"off\" button_two_bg_color__hover_enabled=\"off\"][\/et_pb_contact_field][et_pb_contact_field field_id=\"Tel\u00e9fono\" field_title=\"Tel\u00e9fono\" _builder_version=\"4.16\u2033 global_colors_info=\"{}\" button_text_size__hover_enabled=\"off\" button_one_text_size__hover_enabled=\"off\" button_two_text_size__hover_enabled=\"off\" button_text_color__hover_enabled=\"off\" button_one_text_color__hover_enabled=\"off\" button_two_text_color__hover_enabled=\"desactivado\" button_border_width__hover_enabled=\"desactivado\" button_one_border_width__hover_enabled=\"desactivado\" button_two_border_width__hover_enabled=\"desactivado\" button_border_color__hover_enabled=\"desactivado\" button_one_border_color__hover_enabled=\"desactivado\" button_two_border_color__hover_enabled=\"off\" button_border_radius__hover_enabled=\"off\" button_one_border_radius__hover_enabled=\"off\" button_two_border_radius__hover_enabled=\"off\" button_letter_spacing__hover_enabled=\"off\" button_one_letter_spacing__hover_enabled=\"off\" button_two_letter_spacing__hover_enabled=\"off\" button_bg_color__hover_enabled=\"off\" button_one_bg_color__hover_enabled=\"off\" button_two_bg_color__hover_enabled=\"off\"][\/et_pb_contact_field][et_pb_contact_field field_id=\"Empresa\" field_title=\"Empresa\" _builder_version=\"4.16\u2033 global_colors_info=\"{}\" button_text_size__hover_enabled=\"off\" button_one_text_size__hover_enabled=\"off\" button_two_text_size__hover_enabled=\"off\" button_text_color__hover_enabled=\"off\" button_one_text_color__hover_enabled=\"off\" button_two_text_color__hover_enabled=\"off\" button_border_width__hover_enabled=\"off\" button_one_border_width__hover_enabled=\"off\" button_two_border_width__hover_enabled=\"off\" button_border_color__hover_enabled=\"off\" button_one_border_color__hover_enabled=\"off\" button_two_border_color__hover_enabled=\"off\" button_border_radius__hover_enabled=\"off\" button_one_border_radius__hover_enabled=\"off\" button_two_border_radius__hover_enabled=\"off\" button_letter_spacing__hover_enabled=\"off\" button_one_letter_spacing__hover_enabled=\"off\" button_two_letter_spacing__hover_enabled=\"off\" button_bg_color__hover_enabled=\"off\" button_one_bg_color__hover_enabled=\"off\" button_two_bg_color__hover_enabled=\"off\"][\/et_pb_contact_field][et_pb_contact_field field_id=\"Mensaje\" field_title=\"Mensaje\" field_type=\"text\" fullwidth_field=\"on\" _builder_version=\"4.16\u2033 global_colors_info=\"{}\" button_text_size__hover_enabled=\"off\" button_one_text_size__hover_enabled=\"off\" button_two_text_size__hover_enabled=\"off\" button_text_color__hover_enabled=\"off\" button_one_text_color__hover_enabled=\"off\" button_two_text_color__hover_enabled=\"desactivado\" button_border_width__hover_enabled=\"desactivado\" button_one_border_width__hover_enabled=\"desactivado\" button_two_border_width__hover_enabled=\"desactivado\" button_border_color__hover_enabled=\"desactivado\" button_one_border_color__hover_enabled=\"desactivado\" button_two_border_color__hover_enabled=\"off\" button_border_radius__hover_enabled=\"off\" button_one_border_radius__hover_enabled=\"off\" button_two_border_radius__hover_enabled=\"off\" button_letter_spacing__hover_enabled=\"off\" button_one_letter_spacing__hover_enabled=\"off\" button_two_letter_spacing__hover_enabled=\"off\" button_bg_color__hover_enabled=\"off\" button_one_bg_color__hover_enabled=\"off\" button_two_bg_color__hover_enabled=\"off\"][\/et_pb_contact_field][\/et_pb_contact_form][et_pb_text _builder_version=\"4.16\u2033 _module_preset=\"default\" text_font_size=\"11px\" global_colors_info=\"{}\"]<\/p>\n<div class=\"\">\n<div><span style=\"color: #ffffff;\"><span class=\"enlighter-text\"><span style=\"color: #999999;\">Este sitio est\u00e1 protegido por reCAPTCHA y por la pol\u00edtica de privacidad de Google.<\/span>\u00a0<\/span><span class=\"enlighter-g1\"><\/span><span style=\"color: #999999;\"><a href=\"https:\/\/policies.google.com\/privacy\" target=\"_blank\" rel=\"noopener noreferrer\" style=\"color: #999999;\"><span class=\"enlighter-text\">Pol\u00edtica de privacidad<\/span><\/a><\/span><span class=\"enlighter-text\"><span style=\"color: #ff0000;\">\u00a0<\/span><span style=\"color: #999999;\">y<\/span><span style=\"color: #ff0000;\">\u00a0<\/span><\/span><span class=\"enlighter-text\"><span style=\"color: #999999;\"><a href=\"https:\/\/policies.google.com\/terms\" target=\"_blank\" rel=\"noopener noreferrer\" style=\"color: #999999;\">Condiciones de uso<\/a><\/span>\u00a0<\/span><span class=\"enlighter-text\" style=\"color: #999999;\">aplicar.<\/span><\/span><\/div>\n<\/div>\n<p>[\/et_pb_text][\/et_pb_column][\/et_pb_row][\/et_pb_section]<\/p>","protected":false},"excerpt":{"rendered":"<p>UNA PASI\u00d3N INMEJORABLE POR LA CERVECER\u00cdA INGENIEROS CERVECEROS CON M\u00c1S DE 40 A\u00d1OS DE EXPERIENCIA SOMOS PROFESIONALES DE LA CERVECER\u00cdA Prettech Canad\u00e1 trabaja en estrecha colaboraci\u00f3n con sus veteranos socios e ingenieros que llevan m\u00e1s de 4 d\u00e9cadas fabricando tanques de fermentaci\u00f3n y dirigiendo operaciones de ingenier\u00eda cervecera \/ espirituosa. La experiencia de Prettech Canada en el dise\u00f1o y fabricaci\u00f3n a medida [...]<\/p>","protected":false},"author":1,"featured_media":0,"parent":0,"menu_order":0,"comment_status":"closed","ping_status":"closed","template":"","meta":{"_et_pb_use_builder":"on","_et_pb_old_content":"<!-- wp:divi\/placeholder \/-->","_et_gb_content_width":"","_monsterinsights_skip_tracking":false,"_monsterinsights_sitenote_active":false,"_monsterinsights_sitenote_note":"","_monsterinsights_sitenote_category":0,"footnotes":""},"class_list":["post-15","page","type-page","status-publish","hentry"],"aioseo_notices":[],"_links":{"self":[{"href":"https:\/\/prettechcanada.com\/es\/wp-json\/wp\/v2\/pages\/15","targetHints":{"allow":["GET"]}}],"collection":[{"href":"https:\/\/prettechcanada.com\/es\/wp-json\/wp\/v2\/pages"}],"about":[{"href":"https:\/\/prettechcanada.com\/es\/wp-json\/wp\/v2\/types\/page"}],"author":[{"embeddable":true,"href":"https:\/\/prettechcanada.com\/es\/wp-json\/wp\/v2\/users\/1"}],"replies":[{"embeddable":true,"href":"https:\/\/prettechcanada.com\/es\/wp-json\/wp\/v2\/comments?post=15"}],"version-history":[{"count":1,"href":"https:\/\/prettechcanada.com\/es\/wp-json\/wp\/v2\/pages\/15\/revisions"}],"predecessor-version":[{"id":555,"href":"https:\/\/prettechcanada.com\/es\/wp-json\/wp\/v2\/pages\/15\/revisions\/555"}],"wp:attachment":[{"href":"https:\/\/prettechcanada.com\/es\/wp-json\/wp\/v2\/media?parent=15"}],"curies":[{"name":"wp","href":"https:\/\/api.w.org\/{rel}","templated":true}]}}