{"id":27,"date":"2021-01-05T18:31:47","date_gmt":"2021-01-05T18:31:47","guid":{"rendered":"https:\/\/prettechcanada.com\/?page_id=27"},"modified":"2024-10-15T00:08:43","modified_gmt":"2024-10-15T00:08:43","slug":"pot-stills","status":"publish","type":"page","link":"https:\/\/prettechcanada.com\/es\/pot-stills\/","title":{"rendered":"Alambiques"},"content":{"rendered":"<p>[et_pb_section fb_built=\"1\u2033 _builder_version=\"4.16\u2033 _module_preset=\"default\" use_background_color_gradient=\"on\" background_color_gradient_stops=\"rgba(0,0,0,0.45) 0%|rgba(0,0,0,0.5) 100%\" background_color_gradient_overlays_image=\"on\" background_color_gradient_start=\"rgba(0,0,0,0.45)\" background_color_gradient_end=\"rgba(0,0,0,0.5)\" background_image=\"https:\/\/prettechcanada.com\/wp-content\/uploads\/2021\/01\/IMG_7358.jpg\" min_height=\"531px\" custom_padding=\"157px||123px|||\" global_colors_info=\"{}\"][et_pb_row _builder_version=\"4.16\u2033 _module_preset=\"default\" global_colors_info=\"{}\"][et_pb_column type=\"4_4\u2033 _builder_version=\"4.16\u2033 _module_preset=\"default\" global_colors_info=\"{}\"][et_pb_cta title=\"POT STILLS\" button_url=\"tel:604-783-6003\u2033 _builder_version=\"4.18.0\u2033 _module_preset=\"default\" header_level=\"h1\u2033 header_font=\"|700|||||||\" header_font_size=\"53px\" body_font_size=\"24px\" background_color=\"rgba(0,0,0,0)\" custom_button=\"on\" button_bg_color=\"#e02b20\u2033 button_border_radius=\"0px\" button_font=\"|600|||||||\" global_colors_info=\"{}\"][\/et_pb_cta][\/et_pb_column][\/et_pb_row][\/et_pb_section][et_pb_section fb_built=\"1\u2033 _builder_version=\"4.16\u2033 _module_preset=\"default\" custom_padding=\"109px||73px|||\" global_colors_info=\"{}\"][et_pb_row column_structure=\"1_2,1_2\u2033 _builder_version=\"4.27.2\u2033 _module_preset=\"default\" global_colors_info=\"{}\"][et_pb_column type=\"1_2\u2033 _builder_version=\"4.27.2\u2033 _module_preset=\"default\" global_colors_info=\"{}\"][et_pb_text _builder_version=\"4.27.2\u2033 _module_preset=\"default\" global_colors_info=\"{}\"]<\/p>\n<h3><b>Sistema de alambique de alto rendimiento<\/b>\u00a0<\/h3>\n<p>Nuestro alambique de alta calidad est\u00e1 dise\u00f1ado para una m\u00e1xima eficiencia y precisi\u00f3n, perfecto para sus necesidades de destilaci\u00f3n:<\/p>\n<p><strong>- <\/strong><b>Material<\/b>: CU12200 &amp; SS304<br \/><b><strong>- <\/strong>Volumen de trabajo<\/b>: 500L | <b>Volumen dise\u00f1ado<\/b>: 850L<br \/><b><strong>- <\/strong>Forma<\/b>: Plato superior e inferior, cilindro \u00f81000mm*700mm<br \/><strong>- <\/strong> <b>Aislamiento<\/b>: Espuma PU (50 mm) con revestimiento SS304<br \/><strong>- <\/strong> <b>Agitador<\/b>: Motor a prueba de explosiones de 1,1 kW, 120 rpm, homologado por la CSA.<br \/><strong>- <\/strong> <b>Accesorios<\/b>: Entrada de material, indicador luminoso, v\u00e1lvula de seguridad, man\u00f3metro, term\u00f3metro, tubo de reflujo, bola CIP, v\u00e1lvula de drenaje, entrada\/salida de vapor<\/p>\n<p><strong>- <\/strong> <b>Calentamiento por vapor<\/b>: 50 kg\/h @ 0,5 bar o 136.000 BTU<br \/><strong>- <\/strong> <b>Casco Pera<\/b>: CU12200 (3mm) con bola CIP, mirilla, term\u00f3metro<br \/><strong>- <\/strong> <b>Columna de 12<\/b>: CU12200 (3mm) con 8 placas de cobre, tapones de burbujas, tubo de rebose, bola CIP, v\u00e1lvula de drenaje, term\u00f3metro<br \/><strong>- <\/strong> <b>12\u2033 Desflegmador<\/b>: SS304 (3mm) con bola CIP, term\u00f3metro<br \/><strong>- <\/strong> <b>Cesta de ginebra de 12<\/b>: Vidrio y CU12200 (3 mm) con cesta de tamiz, bola CIP<br \/><strong>- <\/strong> <b>Condensador de 12<\/b>: SS304 (3mm) con bola CIP, term\u00f3metro<br \/><strong>- <\/strong> <b>Loro<\/b>: SS304 (3mm) a prueba de vidrio<\/p>\n<p><strong>- <\/strong> <b>Bastidor de soporte y dep\u00f3sitos colectores<\/b>: SS304 (3 mm) con 2 dep\u00f3sitos colectores de 250 L<br \/><strong>- <\/strong> <b>Fontaner\u00eda CIP<\/b>: SS304 con bola CIP, tuber\u00eda, v\u00e1lvula y bomba a prueba de explosiones de 1,1 kw aprobada por la CSA.<\/p>\n<p><strong>Fabricado para ofrecer el m\u00e1ximo rendimiento, durabilidad y facilidad de uso.<\/strong><\/p>\n<p>[\/et_pb_text][\/et_pb_column][et_pb_column type=\"1_2\u2033 _builder_version=\"4.27.2\u2033 _module_preset=\"default\" global_colors_info=\"{}\"][et_pb_video src=\"https:\/\/prettechcanada.com\/wp-content\/uploads\/2024\/10\/potstill.mp4\u2033 _builder_version=\"4.27.0\u2033 _module_preset=\"default\" global_colors_info=\"{}\"][\/et_pb_video][\/et_pb_column][\/et_pb_row][et_pb_row column_structure=\"3_5,2_5\u2033 _builder_version=\"4.16\u2033 _module_preset=\"default\" global_colors_info=\"{}\"][et_pb_column type=\"3_5\u2033 _builder_version=\"4.16\u2033 _module_preset=\"default\" global_colors_info=\"{}\"][et_pb_text _builder_version=\"4.16\u2033 _module_preset=\"default\" global_colors_info=\"{}\"]<\/p>\n<h3>QU\u00c9 SON LOS ALAMBIQUES DE MARIHUANA<\/h3>\n<p>Si la destilaci\u00f3n es la ciencia del arte y la tecnolog\u00eda, para el destilador artesano, la elaboraci\u00f3n de bebidas espirituosas requiere ante todo un alambique fiable.<\/p>\n<p>Gracias a una combinaci\u00f3n de ingenier\u00eda moderna y artesan\u00eda cl\u00e1sica, nuestros alambiques son la respuesta perfecta al cambiante mundo de la elaboraci\u00f3n de bebidas espirituosas.<\/p>\n<p>Fabricado exclusivamente en cobre y acero inoxidable, creamos el equipo de destilaci\u00f3n m\u00e1s eficaz, fiable y, al mismo tiempo, m\u00e1s bonito.<\/p>\n<p>Con una capacidad de llenado que var\u00eda de 250 litros a 5000<span class=\"Apple-converted-space\">\u00a0 <\/span>Litros, cada alambique tiene capacidad para producir varios tipos de bebidas espirituosas, como aguardiente, brandy de frutas, grappa, ginebra, ron de estilo fuerte o whisky.<\/p>\n<p>&nbsp;<\/p>\n<h5>DE QUE SE COMPONE CADA ALAMBIQUE:<\/h5>\n<ul>\n<li>Su propio ba\u00f1o de vapor para calentar suavemente el pur\u00e9 y el l\u00edquido.<\/li>\n<li>Agitador para transferir el calor uniformemente.<\/li>\n<li>Gran boca de inspecci\u00f3n para verificar el interior de la maceta cuando sea necesario.<\/li>\n<li>V\u00e1lvula de llenado lateral para llenar la olla de forma r\u00e1pida y segura.<\/li>\n<li>\u00a0Casco de sult\u00e1n de cobre para condensar parcialmente el vapor.<\/li>\n<li>V\u00e1lvula de descarga que garantiza una buena evacuaci\u00f3n del lavado usado.<\/li>\n<li>Una serie de tubos para conducir el vapor al condensador.<\/li>\n<li>Un condensador combina un alto rendimiento de refrigeraci\u00f3n con un bajo consumo de agua de refrigeraci\u00f3n.<\/li>\n<li>Un sistema de limpieza CIP que enjuagar\u00e1 y desinfectar\u00e1 r\u00e1pidamente todas las partes del destilador.<\/li>\n<li>Un receptor de alcohol preparado para dar la bienvenida al nuevo esp\u00edritu.<\/li>\n<\/ul>\n<p>[\/et_pb_text][\/et_pb_column][et_pb_column type=\"2_5\u2033 _builder_version=\"4.16\u2033 _module_preset=\"default\" global_colors_info=\"{}\"][\/et_pb_column][\/et_pb_row][\/et_pb_section][et_pb_section fb_built=\"1\u2033 _builder_version=\"4.16\u2033 _module_preset=\"default\" background_color=\"rgba(0,0,0,0.04)\" custom_padding=\"81px||83px|||\" global_colors_info=\"{}\"][et_pb_row column_structure=\"2_5,3_5\u2033 _builder_version=\"4.16\u2033 _module_preset=\"default\" global_colors_info=\"{}\"][et_pb_column type=\"2_5\u2033 _builder_version=\"4.16\u2033 _module_preset=\"default\" global_colors_info=\"{}\"][et_pb_image src=\"https:\/\/prettechcanada.com\/wp-content\/uploads\/2021\/01\/potstills.jpg\" title_text=\"potstills\" _builder_version=\"4.16\u2033 _module_preset=\"default\" global_colors_info=\"{}\"][\/et_pb_image][\/et_pb_column][et_pb_column type=\"3_5\u2033 _builder_version=\"4.16\u2033 _module_preset=\"default\" global_colors_info=\"{}\"][et_pb_text _builder_version=\"4.16\u2033 _module_preset=\"default\" global_colors_info=\"{}\"]<\/p>\n<h3>NUESTRAS VENTAJAS<\/h3>\n<p>Dependiendo de sus necesidades, puede aumentar el contenido de alcohol del destilado instalando un sistema de columna de platos de burbujas combinado con un sistema especial de refrigeraci\u00f3n tambi\u00e9n llamado desflegmador. Nuestros ingenieros pueden dise\u00f1ar una columna de 3 a 30 platos de burbujas, con sistema CIP y control autom\u00e1tico de la destilaci\u00f3n. Todas estas opciones le proporcionar\u00e1n la flexibilidad necesaria para producir whisky o ron de estilo ligero, licores neutros de alta graduaci\u00f3n o vodka.<\/p>\n<p>En PRETTECH CANADA, cada dise\u00f1o de alambique hecho a medida es una expresi\u00f3n \u00fanica de sus necesidades personales y de nuestra creatividad.<\/p>\n<p>[\/et_pb_text][et_pb_button button_url=\"https:\/\/prettechcanada.com\/wp-content\/uploads\/2021\/01\/500L-Vodka-Still-Operating-Manual.pdf\" url_new_window=\"on\" button_text=\"Ver Manual\" _builder_version=\"4.16\u2033 _module_preset=\"default\" global_colors_info=\"{}\"][\/et_pb_button][\/et_pb_column][\/et_pb_row][\/et_pb_section][et_pb_section fb_built=\"1\u2033 _builder_version=\"4.16\u2033 _module_preset=\"default\" background_color=\"RGBA(0,0,0,0)\" custom_padding=\"81px||83px|||\" global_colors_info=\"{}\"][et_pb_row column_structure=\"3_5,2_5\u2033 _builder_version=\"4.16\u2033 _module_preset=\"default\" global_colors_info=\"{}\"][et_pb_column type=\"3_5\u2033 _builder_version=\"4.16\u2033 _module_preset=\"default\" global_colors_info=\"{}\"][et_pb_image src=\"https:\/\/prettechcanada.com\/wp-content\/uploads\/2024\/10\/3colpotstill.jpg\" title_text=\"3colpotstill\" _builder_version=\"4.27.2\u2033 _module_preset=\"default\" hover_enabled=\"0\u2033 global_colors_info=\"{}\" sticky_enabled=\"0\u2033][\/et_pb_image][\/et_pb_column][et_pb_column type=\"2_5\u2033 _builder_version=\"4.16\u2033 _module_preset=\"default\" global_colors_info=\"{}\"][et_pb_text _builder_version=\"4.16\u2033 _module_preset=\"default\" global_colors_info=\"{}\"]<\/p>\n<h3>CONOZCA NUESTRO ALAMBIQUE MULTIFUNCI\u00d3N 1500L<\/h3>\n<div dir=\"auto\">\n<p><span style=\"font-family: sans-serif;\"><span>Compuesto de: aleaciones, cobre, cobre rojo y acero inoxidable AISI 304.<br \/><\/span><\/span><\/p>\n<p dir=\"auto\"><span>Altura de 3700 mm<\/span><\/p>\n<p dir=\"auto\"><span>Alambique de whisky multifuncional con capacidad para crear: Vodka,\u00a0<\/span><span>Gin,\u00a0<\/span><span>NGS, y\u00a0<\/span><span>Whisky.<\/span><\/p>\n<p dir=\"auto\"><span><\/span><\/p>\n<p dir=\"auto\"><span>Para obtener m\u00e1s informaci\u00f3n, p\u00f3ngase en contacto con nosotros a trav\u00e9s del formulario que encontrar\u00e1 al final de esta p\u00e1gina.<\/span><\/p>\n<p dir=\"auto\"><span><\/span><\/p>\n<\/div>\n<p>[\/et_pb_text][\/et_pb_column][\/et_pb_row][\/et_pb_section][et_pb_section fb_built=\"1\u2033 _builder_version=\"4.16\u2033 _module_preset=\"default\" background_color=\"rgba(0,0,0,0. 03.03)\" global_colors_info=\"{}\"][et_pb_row column_structure=\"1_2,1_2\u2033 _builder_version=\"4.16\u2033 _module_preset=\"default\" global_colors_info=\"{}\"][et_pb_column type=\"1_2\u2033 _builder_version=\"4.16\u2033 _module_preset=\"default\" global_colors_info=\"{}\"][et_pb_video src=\"https:\/\/prettechcanada.com\/wp-content\/uploads\/2021\/01\/stills1.mp4\u2033 _builder_version=\"4.16\u2033 _module_preset=\"default\" global_colors_info=\"{}\"][\/et_pb_video][\/et_pb_column][et_pb_column type=\"1_2\u2033 _builder_version=\"4.16\u2033 _module_preset=\"default\" global_colors_info=\"{}\"][et_pb_video src=\"https:\/\/prettechcanada.com\/wp-content\/uploads\/2021\/01\/stills2.mp4\u2033 _builder_version=\"4.16\u2033 _module_preset=\"default\" global_colors_info=\"{}\"][\/et_pb_video][\/et_pb_column][\/et_pb_row][\/et_pb_section][et_pb_section fb_built=\"1\u2033 _builder_version=\"4.16\u2033 _module_preset=\"default\" use_background_color_gradient=\"on\" background_color_gradient_stops=\"#140a02 0%|rgba(0,0,0,0.13) 100%\" background_color_gradient_overlays_image=\"on\" background_color_gradient_start=\"#140a02\u2033 background_color_gradient_end=\"rgba(0,0,0,0.13)\" background_image=\"https:\/\/prettechcanada.com\/wp-content\/uploads\/2021\/03\/tank-collage.jpg\" custom_padding=\"72px||52px|||\" global_colors_info=\"{}\"][et_pb_row _builder_version=\"4.16\u2033 _module_preset=\"default\" global_colors_info=\"{}\"][et_pb_column type=\"4_4\u2033 _builder_version=\"4.16\u2033 _module_preset=\"default\" global_colors_info=\"{}\"][et_pb_cta title=\"\u00a1Construido para ofrecer el m\u00e1ximo rendimiento, durabilidad y facilidad de uso! \" button_text=\"Haga clic aqu\u00ed\" _builder_version=\"4.27.2\u2033 _module_preset=\"default\" header_font_size=\"30px\" body_font_size=\"18px\" background_color=\"rgba(0,0,0,0)\" global_colors_info=\"{}\"]<\/p>\n<p>Perm\u00edtanos instalarle hoy mismo.<\/p>\n<p>[\/et_pb_cta][\/et_pb_column][\/et_pb_row][\/et_pb_section][et_pb_section fb_built=\"1\u2033 _builder_version=\"4.7.7\u2033 _module_preset=\"default\" background_color=\"#000000\u2033 background_enable_image=\"off\" global_module=\"84\u2033 saved_tabs=\"all\" global_colors_info=\"{}\"][et_pb_row column_structure=\"1_3,2_3\u2033 _builder_version=\"4.16\u2033 _module_preset=\"default\" global_colors_info=\"{}\"][et_pb_column type=\"1_3\u2033 _builder_version=\"4.16\u2033 _module_preset=\"default\" global_colors_info=\"{}\"][et_pb_text _builder_version=\"4.16\u2033 _module_preset=\"default\" text_font_size=\"17px\" header_2_text_color=\"#5bcc22\u2033 global_colors_info=\"{}\"]<\/p>\n<h2>Contacte con nosotros<\/h2>\n<p><span style=\"color: #ffffff;\"><\/span><\/p>\n<p><span style=\"color: #ffffff;\"><strong>Tel: <span style=\"color: #ffffff;\"><a href=\"tel:604.783.6003\" style=\"color: #ffffff;\">604-783-6003<\/a><\/span><br \/>Fax: 778-371-3401<\/strong><\/span><br \/><span style=\"color: #ffffff;\"> <strong> <a href=\"mailto:mike@prettechcanada.com\" style=\"color: #ffffff;\">mike@prettechcanada.com<\/a><\/strong><\/span><\/p>\n<p>[\/et_pb_text][et_pb_button button_url=&#8221;https:\/\/prettechcanada.com\/request-a-quote\/&#8221; button_text=&#8221;Request a Quote&#8221; _builder_version=&#8221;4.27.2&#8243; _module_preset=&#8221;default&#8221; custom_button=&#8221;on&#8221; button_text_size=&#8221;15px&#8221; button_text_color=&#8221;#ffffff&#8221; button_bg_color=&#8221;#20af1d&#8221; button_use_icon=&#8221;off&#8221; vertical_offset_tablet=&#8221;0&#8243; horizontal_offset_tablet=&#8221;0&#8243; z_index_tablet=&#8221;0&#8243; button_text_shadow_horizontal_length_tablet=&#8221;0px&#8221; button_text_shadow_vertical_length_tablet=&#8221;0px&#8221; button_text_shadow_blur_strength_tablet=&#8221;1px&#8221; box_shadow_horizontal_tablet=&#8221;0px&#8221; box_shadow_vertical_tablet=&#8221;0px&#8221; box_shadow_blur_tablet=&#8221;40px&#8221; box_shadow_spread_tablet=&#8221;0px&#8221; global_colors_info=&#8221;{}&#8221;][\/et_pb_button][et_pb_blurb title=&#8221;Facebook&#8221; url=&#8221;http:\/\/www.facebook.com\/prettechcanadavancouver&#8221; url_new_window=&#8221;on&#8221; use_icon=&#8221;on&#8221; font_icon=&#8221;%%314%%&#8221; icon_placement=&#8221;left&#8221; font_icon_tablet=&#8221;%%314%%&#8221; font_icon_phone=&#8221;%%314%%&#8221; image_icon_width_tablet=&#8221;101px&#8221; _builder_version=&#8221;4.19.5&#8243; header_text_color=&#8221;#b28965&#8243; header_line_height=&#8221;1.7em&#8221; vertical_offset_tablet=&#8221;0&#8243; horizontal_offset_tablet=&#8221;0&#8243; z_index_tablet=&#8221;0&#8243; header_text_shadow_horizontal_length_tablet=&#8221;0px&#8221; header_text_shadow_vertical_length_tablet=&#8221;0px&#8221; header_text_shadow_blur_strength_tablet=&#8221;1px&#8221; body_text_shadow_horizontal_length_tablet=&#8221;0px&#8221; body_text_shadow_vertical_length_tablet=&#8221;0px&#8221; body_text_shadow_blur_strength_tablet=&#8221;1px&#8221; body_link_text_shadow_horizontal_length_tablet=&#8221;0px&#8221; body_link_text_shadow_vertical_length_tablet=&#8221;0px&#8221; body_link_text_shadow_blur_strength_tablet=&#8221;1px&#8221; body_ul_text_shadow_horizontal_length_tablet=&#8221;0px&#8221; body_ul_text_shadow_vertical_length_tablet=&#8221;0px&#8221; body_ul_text_shadow_blur_strength_tablet=&#8221;1px&#8221; body_ol_text_shadow_horizontal_length_tablet=&#8221;0px&#8221; body_ol_text_shadow_vertical_length_tablet=&#8221;0px&#8221; body_ol_text_shadow_blur_strength_tablet=&#8221;1px&#8221; body_quote_text_shadow_horizontal_length_tablet=&#8221;0px&#8221; body_quote_text_shadow_vertical_length_tablet=&#8221;0px&#8221; body_quote_text_shadow_blur_strength_tablet=&#8221;1px&#8221; box_shadow_horizontal_tablet=&#8221;0px&#8221; box_shadow_vertical_tablet=&#8221;0px&#8221; box_shadow_blur_tablet=&#8221;40px&#8221; box_shadow_spread_tablet=&#8221;0px&#8221; box_shadow_horizontal_image_tablet=&#8221;0px&#8221; box_shadow_vertical_image_tablet=&#8221;0px&#8221; box_shadow_blur_image_tablet=&#8221;40px&#8221; box_shadow_spread_image_tablet=&#8221;0px&#8221; text_shadow_horizontal_length_tablet=&#8221;0px&#8221; text_shadow_vertical_length_tablet=&#8221;0px&#8221; text_shadow_blur_strength_tablet=&#8221;1px&#8221; global_colors_info=&#8221;{}&#8221;][\/et_pb_blurb][et_pb_blurb title=&#8221;Twitter&#8221; url=&#8221;https:\/\/twitter.com\/PrettechCanada&#8221; url_new_window=&#8221;on&#8221; use_icon=&#8221;on&#8221; font_icon=&#8221;%%315%%&#8221; icon_placement=&#8221;left&#8221; font_icon_tablet=&#8221;%%315%%&#8221; font_icon_phone=&#8221;%%315%%&#8221; image_icon_width_tablet=&#8221;101px&#8221; _builder_version=&#8221;4.19.5&#8243; header_text_color=&#8221;#b28965&#8243; header_line_height=&#8221;1.7em&#8221; vertical_offset_tablet=&#8221;0&#8243; horizontal_offset_tablet=&#8221;0&#8243; z_index_tablet=&#8221;0&#8243; header_text_shadow_horizontal_length_tablet=&#8221;0px&#8221; header_text_shadow_vertical_length_tablet=&#8221;0px&#8221; header_text_shadow_blur_strength_tablet=&#8221;1px&#8221; body_text_shadow_horizontal_length_tablet=&#8221;0px&#8221; body_text_shadow_vertical_length_tablet=&#8221;0px&#8221; body_text_shadow_blur_strength_tablet=&#8221;1px&#8221; body_link_text_shadow_horizontal_length_tablet=&#8221;0px&#8221; body_link_text_shadow_vertical_length_tablet=&#8221;0px&#8221; body_link_text_shadow_blur_strength_tablet=&#8221;1px&#8221; body_ul_text_shadow_horizontal_length_tablet=&#8221;0px&#8221; body_ul_text_shadow_vertical_length_tablet=&#8221;0px&#8221; body_ul_text_shadow_blur_strength_tablet=&#8221;1px&#8221; body_ol_text_shadow_horizontal_length_tablet=&#8221;0px&#8221; body_ol_text_shadow_vertical_length_tablet=&#8221;0px&#8221; body_ol_text_shadow_blur_strength_tablet=&#8221;1px&#8221; body_quote_text_shadow_horizontal_length_tablet=&#8221;0px&#8221; body_quote_text_shadow_vertical_length_tablet=&#8221;0px&#8221; body_quote_text_shadow_blur_strength_tablet=&#8221;1px&#8221; box_shadow_horizontal_tablet=&#8221;0px&#8221; box_shadow_vertical_tablet=&#8221;0px&#8221; box_shadow_blur_tablet=&#8221;40px&#8221; box_shadow_spread_tablet=&#8221;0px&#8221; box_shadow_horizontal_image_tablet=&#8221;0px&#8221; box_shadow_vertical_image_tablet=&#8221;0px&#8221; box_shadow_blur_image_tablet=&#8221;40px&#8221; box_shadow_spread_image_tablet=&#8221;0px&#8221; text_shadow_horizontal_length_tablet=&#8221;0px&#8221; text_shadow_vertical_length_tablet=&#8221;0px&#8221; text_shadow_blur_strength_tablet=&#8221;1px&#8221; global_colors_info=&#8221;{}&#8221;][\/et_pb_blurb][et_pb_blurb title=&#8221;Instagram&#8221; url=&#8221;https:\/\/www.instagram.com\/prettechcanada\/&#8221; url_new_window=&#8221;on&#8221; use_icon=&#8221;on&#8221; font_icon=&#8221;%%321%%&#8221; icon_placement=&#8221;left&#8221; font_icon_tablet=&#8221;%%321%%&#8221; font_icon_phone=&#8221;%%321%%&#8221; image_icon_width_tablet=&#8221;101px&#8221; _builder_version=&#8221;4.19.5&#8243; header_text_color=&#8221;#b28965&#8243; header_line_height=&#8221;1.7em&#8221; vertical_offset_tablet=&#8221;0&#8243; horizontal_offset_tablet=&#8221;0&#8243; z_index_tablet=&#8221;0&#8243; header_text_shadow_horizontal_length_tablet=&#8221;0px&#8221; header_text_shadow_vertical_length_tablet=&#8221;0px&#8221; header_text_shadow_blur_strength_tablet=&#8221;1px&#8221; body_text_shadow_horizontal_length_tablet=&#8221;0px&#8221; body_text_shadow_vertical_length_tablet=&#8221;0px&#8221; body_text_shadow_blur_strength_tablet=&#8221;1px&#8221; body_link_text_shadow_horizontal_length_tablet=&#8221;0px&#8221; body_link_text_shadow_vertical_length_tablet=&#8221;0px&#8221; body_link_text_shadow_blur_strength_tablet=&#8221;1px&#8221; body_ul_text_shadow_horizontal_length_tablet=&#8221;0px&#8221; body_ul_text_shadow_vertical_length_tablet=&#8221;0px&#8221; body_ul_text_shadow_blur_strength_tablet=&#8221;1px&#8221; body_ol_text_shadow_horizontal_length_tablet=&#8221;0px&#8221; body_ol_text_shadow_vertical_length_tablet=&#8221;0px&#8221; body_ol_text_shadow_blur_strength_tablet=&#8221;1px&#8221; body_quote_text_shadow_horizontal_length_tablet=&#8221;0px&#8221; body_quote_text_shadow_vertical_length_tablet=&#8221;0px&#8221; body_quote_text_shadow_blur_strength_tablet=&#8221;1px&#8221; box_shadow_horizontal_tablet=&#8221;0px&#8221; box_shadow_vertical_tablet=&#8221;0px&#8221; box_shadow_blur_tablet=&#8221;40px&#8221; box_shadow_spread_tablet=&#8221;0px&#8221; box_shadow_horizontal_image_tablet=&#8221;0px&#8221; box_shadow_vertical_image_tablet=&#8221;0px&#8221; box_shadow_blur_image_tablet=&#8221;40px&#8221; box_shadow_spread_image_tablet=&#8221;0px&#8221; text_shadow_horizontal_length_tablet=&#8221;0px&#8221; text_shadow_vertical_length_tablet=&#8221;0px&#8221; text_shadow_blur_strength_tablet=&#8221;1px&#8221; global_colors_info=&#8221;{}&#8221;][\/et_pb_blurb][et_pb_blurb title=&#8221;LinkedIn&#8221; url=&#8221;https:\/\/www.linkedin.com\/company\/prettech-canada\/&#8221; url_new_window=&#8221;on&#8221; use_icon=&#8221;on&#8221; font_icon=&#8221;%%324%%&#8221; icon_placement=&#8221;left&#8221; font_icon_tablet=&#8221;%%324%%&#8221; font_icon_phone=&#8221;%%324%%&#8221; image_icon_width_tablet=&#8221;101px&#8221; _builder_version=&#8221;4.19.5&#8243; header_text_color=&#8221;#b28965&#8243; header_line_height=&#8221;1.7em&#8221; vertical_offset_tablet=&#8221;0&#8243; horizontal_offset_tablet=&#8221;0&#8243; z_index_tablet=&#8221;0&#8243; header_text_shadow_horizontal_length_tablet=&#8221;0px&#8221; header_text_shadow_vertical_length_tablet=&#8221;0px&#8221; header_text_shadow_blur_strength_tablet=&#8221;1px&#8221; body_text_shadow_horizontal_length_tablet=&#8221;0px&#8221; body_text_shadow_vertical_length_tablet=&#8221;0px&#8221; body_text_shadow_blur_strength_tablet=&#8221;1px&#8221; body_link_text_shadow_horizontal_length_tablet=&#8221;0px&#8221; body_link_text_shadow_vertical_length_tablet=&#8221;0px&#8221; body_link_text_shadow_blur_strength_tablet=&#8221;1px&#8221; body_ul_text_shadow_horizontal_length_tablet=&#8221;0px&#8221; body_ul_text_shadow_vertical_length_tablet=&#8221;0px&#8221; body_ul_text_shadow_blur_strength_tablet=&#8221;1px&#8221; body_ol_text_shadow_horizontal_length_tablet=&#8221;0px&#8221; body_ol_text_shadow_vertical_length_tablet=&#8221;0px&#8221; body_ol_text_shadow_blur_strength_tablet=&#8221;1px&#8221; body_quote_text_shadow_horizontal_length_tablet=&#8221;0px&#8221; body_quote_text_shadow_vertical_length_tablet=&#8221;0px&#8221; body_quote_text_shadow_blur_strength_tablet=&#8221;1px&#8221; box_shadow_horizontal_tablet=&#8221;0px&#8221; box_shadow_vertical_tablet=&#8221;0px&#8221; box_shadow_blur_tablet=&#8221;40px&#8221; box_shadow_spread_tablet=&#8221;0px&#8221; box_shadow_horizontal_image_tablet=&#8221;0px&#8221; box_shadow_vertical_image_tablet=&#8221;0px&#8221; box_shadow_blur_image_tablet=&#8221;40px&#8221; box_shadow_spread_image_tablet=&#8221;0px&#8221; text_shadow_horizontal_length_tablet=&#8221;0px&#8221; text_shadow_vertical_length_tablet=&#8221;0px&#8221; text_shadow_blur_strength_tablet=&#8221;1px&#8221; global_colors_info=&#8221;{}&#8221;][\/et_pb_blurb][\/et_pb_column][et_pb_column type=&#8221;2_3&#8243; _builder_version=&#8221;4.16&#8243; _module_preset=&#8221;default&#8221; global_colors_info=&#8221;{}&#8221;][et_pb_code _builder_version=&#8221;4.19.4&#8243; _module_preset=&#8221;default&#8221; vertical_offset_tablet=&#8221;0&#8243; horizontal_offset_tablet=&#8221;0&#8243; z_index_tablet=&#8221;0&#8243; box_shadow_horizontal_tablet=&#8221;0px&#8221; box_shadow_vertical_tablet=&#8221;0px&#8221; box_shadow_blur_tablet=&#8221;40px&#8221; box_shadow_spread_tablet=&#8221;0px&#8221; global_colors_info=&#8221;{}&#8221;]<\/p>\n<div id=\"wufoo-s1eudtjg02sdcnq\"> Rellene mi <a href=\"https:\/\/collinwo.wufoo.com\/forms\/s1eudtjg02sdcnq\">formulario en l\u00ednea<\/a>. <\/div>\n<p> <script type=\"text\/javascript\"> var s1eudtjg02sdcnq; (function(d, t) { var s = d.createElement(t), options = { 'userName':'collinwo', 'formHash':'s1eudtjg02sdcnq', 'autoResize':true, 'height':'617', 'async':true, 'host':'wufoo.com', 'header':'show', 'ssl':true }; s.src = ('https:' == d.location.protocol ?'https:\/\/':'http:\/\/') + 'secure.wufoo.com\/scripts\/embed\/form.js'; s.onload = s.onreadystatechange = function() { var rs = this.readyState; if (rs) if (rs != 'complete') if (rs != 'loaded') return; try { s1eudtjg02sdcnq = new WufooForm(); s1eudtjg02sdcnq.initialize(options); s1eudtjg02sdcnq.display(); } catch (e) { } }; var scr = d.getElementsByTagName(t)[0], par = scr.parentNode; par.insertBefore(s, scr); })(document, 'script'); <\/script>[\/et_pb_code][\/et_pb_column][\/et_pb_row][\/et_pb_section]<\/p>","protected":false},"excerpt":{"rendered":"<p>Sistema de Alambique de Alto Rendimiento Nuestro alambique de alta calidad est\u00e1 dise\u00f1ado para una m\u00e1xima eficiencia y precisi\u00f3n, perfecto para sus necesidades de destilaci\u00f3n: - Material: CU12200 &amp; SS304- Volumen de trabajo: 500L | Volumen de dise\u00f1o: 850L- Forma: Plato superior e inferior, cilindro \u00f81000mm*700mm- Aislamiento: Espuma PU (50mm) con revestimiento SS304- Agitador: 1.1kw, 120rpm, motor a prueba de explosi\u00f3n aprobado por CSA- Accesorios: Material [...]<\/p>","protected":false},"author":1,"featured_media":0,"parent":0,"menu_order":0,"comment_status":"closed","ping_status":"closed","template":"","meta":{"_et_pb_use_builder":"on","_et_pb_old_content":"<!-- wp:divi\/placeholder \/-->","_et_gb_content_width":"","_monsterinsights_skip_tracking":false,"_monsterinsights_sitenote_active":false,"_monsterinsights_sitenote_note":"","_monsterinsights_sitenote_category":0,"footnotes":""},"class_list":["post-27","page","type-page","status-publish","hentry"],"aioseo_notices":[],"_links":{"self":[{"href":"https:\/\/prettechcanada.com\/es\/wp-json\/wp\/v2\/pages\/27","targetHints":{"allow":["GET"]}}],"collection":[{"href":"https:\/\/prettechcanada.com\/es\/wp-json\/wp\/v2\/pages"}],"about":[{"href":"https:\/\/prettechcanada.com\/es\/wp-json\/wp\/v2\/types\/page"}],"author":[{"embeddable":true,"href":"https:\/\/prettechcanada.com\/es\/wp-json\/wp\/v2\/users\/1"}],"replies":[{"embeddable":true,"href":"https:\/\/prettechcanada.com\/es\/wp-json\/wp\/v2\/comments?post=27"}],"version-history":[{"count":4,"href":"https:\/\/prettechcanada.com\/es\/wp-json\/wp\/v2\/pages\/27\/revisions"}],"predecessor-version":[{"id":990,"href":"https:\/\/prettechcanada.com\/es\/wp-json\/wp\/v2\/pages\/27\/revisions\/990"}],"wp:attachment":[{"href":"https:\/\/prettechcanada.com\/es\/wp-json\/wp\/v2\/media?parent=27"}],"curies":[{"name":"wp","href":"https:\/\/api.w.org\/{rel}","templated":true}]}}