{"id":29,"date":"2021-01-05T18:32:06","date_gmt":"2021-01-05T18:32:06","guid":{"rendered":"https:\/\/prettechcanada.com\/?page_id=29"},"modified":"2022-09-19T21:22:58","modified_gmt":"2022-09-19T21:22:58","slug":"testimonials","status":"publish","type":"page","link":"https:\/\/prettechcanada.com\/es\/testimonials\/","title":{"rendered":"Testimonios"},"content":{"rendered":"<p>[et_pb_section fb_built=\"1\u2033 _builder_version=\"4.16\u2033 _module_preset=\"default\" use_background_color_gradient=\"on\" background_color_gradient_stops=\"rgba(0,0,0,0.45) 0%|rgba(0,0,0,0.5) 100%\" background_color_gradient_overlays_image=\"on\" background_color_gradient_start=\"rgba(0,0,0,0.45)\" background_color_gradient_end=\"rgba(0,0,0,0.5)\" background_image=\"https:\/\/prettechcanada.com\/wp-content\/uploads\/2021\/01\/beer-sampler.jpg\" min_height=\"531px\" custom_padding=\"157px||123px|||\" global_colors_info=\"{}\"][et_pb_row _builder_version=\"4.16\u2033 _module_preset=\"default\" global_colors_info=\"{}\"][et_pb_column type=\"4_4\u2033 _builder_version=\"4.16\u2033 _module_preset=\"default\" global_colors_info=\"{}\"][et_pb_cta title=\"TESTIMONIOS\" button_url=\"tel:604-783-6003\u2033 _builder_version=\"4.18.0\u2033 _module_preset=\"default\" header_font=\"|700|||||||\" header_font_size=\"53px\" body_font_size=\"24px\" background_color=\"rgba(0,0,0,0)\" custom_button=\"on\" button_bg_color=\"#e02b20\u2033 button_border_radius=\"0px\" button_font=\"|600|||||||\" hover_enabled=\"0\u2033 header_font_size_tablet=\"\" header_font_size_phone=\"28px\" header_font_size_last_edited=\"on|phone\" global_colors_info=\"{}\" header_level=\"h1\u2033 sticky_enabled=\"0\u2033][\/et_pb_cta][\/et_pb_column][\/et_pb_row][\/et_pb_section][et_pb_section fb_built=\"1\u2033 _builder_version=\"4.16\u2033 _module_preset=\"default\" background_image=\"https:\/\/prettechcanada.com\/wp-content\/uploads\/2021\/01\/brewhouse-fade.jpg\" custom_padding=\"75px|||||\" global_colors_info=\"{}\"][et_pb_row _builder_version=\"4.16\u2033 _module_preset=\"default\" global_colors_info=\"{}\"][et_pb_column type=\"4_4\u2033 _builder_version=\"4.16\u2033 _module_preset=\"default\" global_colors_info=\"{}\"][et_pb_testimonial author=\"Patrick L.\" company_name=\"Fairbanks Distilling Company, Fairbanks, AK\" quote_icon_color=\"#5bcc22\u2033 _builder_version=\"4.16\u2033 _module_preset=\"default\" global_colors_info=\"{}\"]<\/p>\n<p>Si usted est\u00e1 buscando la mejor oferta que hay, de la m\u00e1s alta calidad de los equipos, Prettech Canad\u00e1 es la mejor empresa para ir con. Vivo en Alaska y me preocupaba tratar con una empresa internacional, pero descubr\u00ed que mis preocupaciones eran infundadas. Mi sala de cocci\u00f3n y los tanques ten\u00edan soldaduras perfectas y estoy muy satisfecho con la alta calidad. De hecho, incluso viaj\u00e9 a las modernas instalaciones de fabricaci\u00f3n de Prettech y conoc\u00ed a su jefe de planta, Will, y a muchos de los otros artesanos. Todos ellos son grandes artesanos. Pude presenciar las comprobaciones finales de mi sistema y realizar un ajuste de \u00faltima hora en la colocaci\u00f3n de mi intercambiador de calor\/estribo de levadura que acab\u00f3 siendo fundamental para la integraci\u00f3n de mi sistema con mi equipo original. Es muy f\u00e1cil comunicarse con el propietario de Prettech Canada, Michael Chapin, y responde a todas las preguntas de manera muy oportuna. Es casi como si Michael nunca durmiera. Estoy tan satisfecho con mi compra de Prettech Canad\u00e1 que se lo recomendar\u00eda a otras empresas grandes o peque\u00f1as. Usted est\u00e1 en buenas manos con Prettech Canad\u00e1 y Michael.<\/p>\n<p>[\/et_pb_testimonial][et_pb_testimonial author=\"Boyd C. \" company_name=\"Boyd Cliffside Cedar, Squamish B.C.\" quote_icon_color=\"#5bcc22\u2033 _builder_version=\"4.16\u2033 _module_preset=\"default\" global_colors_info=\"{}\"]<\/p>\n<p>Acabamos de poner en marcha nuestra sidrer\u00eda en julio. Michael fue excelente en su enfoque de nuestras necesidades y ten\u00eda un inter\u00e9s genuino en nuestro \u00e9xito. Su seguimiento fue puntual y su apoyo contin\u00faa hasta el d\u00eda de hoy. \u00a1Gracias, Michael y Prettech Canada!<span class=\"Apple-converted-space\">\u00a0<\/span><\/p>\n<p>[\/et_pb_testimonial][et_pb_testimonial author=\"Rhys\" company_name=\"Omen Brewing\" quote_icon_color=\"#5bcc22\u2033 _builder_version=\"4.16\u2033 _module_preset=\"default\" global_colors_info=\"{}\"]<\/p>\n<p>Recientemente hemos comprado una cervecera de 10BBL a Prettech Canada y estamos muy satisfechos con la calidad del producto y la mano de obra. Tuvimos algunos problemas menores en el camino, pero Michael fue capaz de resolver estos problemas de manera oportuna y vernos a trav\u00e9s hasta que estuvimos completamente satisfechos.<\/p>\n<p>[\/et_pb_testimonial][et_pb_testimonial author=\"Dana B\" company_name=\"Skyline Brewing Co.\" quote_icon_color=\"#5bcc22\u2033 _builder_version=\"4.16\u2033 _module_preset=\"default\" global_colors_info=\"{}\"]<\/p>\n<p>Tuve una gran experiencia con Mike de Prettech, hizo que el pedido y la finalizaci\u00f3n del producto fueran muy sencillos y mucho menos abrumadores. Las l\u00edneas claras de comunicaci\u00f3n ayudaron a aliviar el estr\u00e9s y la preocupaci\u00f3n. Su capacidad para personalizar nuestra cervecer\u00eda hizo posible que nuestro sistema de 10 BBL encajara en nuestro peque\u00f1o espacio.<\/p>\n<p>[\/et_pb_testimonial][et_pb_testimonial author=\"Matt C.\" company_name=\"Vodka Azul\" quote_icon_color=\"#5bcc22\u2033 _builder_version=\"4.16\u2033 _module_preset=\"default\" global_colors_info=\"{}\"]<\/p>\n<p>Ten\u00eda algunas preguntas y problemas dif\u00edciles sobre la elaboraci\u00f3n de cerveza y Prettech Canada me ayud\u00f3 a resolverlos. No s\u00f3lo consegu\u00ed los tanques personalizados que necesitaba, sino tambi\u00e9n el asesoramiento experto que buscaba. Gracias a Michael y a su equipo por cuidar tan bien de m\u00ed. No podr\u00eda haber pedido nada m\u00e1s.<\/p>\n<p>[\/et_pb_testimonial][et_pb_testimonial author=\"Shane S.\" quote_icon_color=\"#5bcc22\u2033 _builder_version=\"4.16\u2033 _module_preset=\"default\" global_colors_info=\"{}\"]<\/p>\n<p>Qu\u00e9 gran experiencia hemos tenido hasta ahora con Michael y el equipo de Prettech. Claro que ha habido algunos contratiempos por el camino, pero nunca he participado en ning\u00fan proyecto de cualquier envergadura que no los tuviera. Michael fue atento, pero nunca insistente, durante el proceso de descubrimiento y venta, y ha cumplido pr\u00e1cticamente todos los objetivos que se nos han marcado. No estoy seguro de que este hombre duerma nunca (\u00bftienes un gemelo, Michael?). Nos han mantenido informados durante todo el proceso y estamos muy contentos con la calidad del trabajo realizado en nuestra sala de cocci\u00f3n y otros recipientes.<\/p>\n<p>[\/et_pb_testimonial][\/et_pb_column][\/et_pb_row][\/et_pb_section][et_pb_section fb_built=\"1\u2033 _builder_version=\"4.16\u2033 _module_preset=\"default\" use_background_color_gradient=\"on\" background_color_gradient_stops=\"#140a02 0%|rgba(0,0,0,0.13) 100%\" background_color_gradient_overlays_image=\"on\" background_color_gradient_start=\"#140a02\u2033 background_color_gradient_end=\"rgba(0,0,0,0.13)\" background_image=\"https:\/\/prettechcanada.com\/wp-content\/uploads\/2021\/03\/tank-collage.jpg\" custom_padding=\"72px||52px|||\" global_colors_info=\"{}\"][et_pb_row _builder_version=\"4.16\u2033 _module_preset=\"default\" global_colors_info=\"{}\"][et_pb_column type=\"4_4\u2033 _builder_version=\"4.16\u2033 _module_preset=\"default\" global_colors_info=\"{}\"][et_pb_cta title=\"\u00bfQuieres saber m\u00e1s?\" button_text=\"Haz clic aqu\u00ed\" _builder_version=\"4.16\u2033 _module_preset=\"default\" header_font_size=\"30px\" body_font_size=\"18px\" background_color=\"rgba(0,0,0,0)\" global_colors_info=\"{}\"]<\/p>\n<p>P\u00f3ngase en contacto con nosotros y le atenderemos enseguida.<\/p>\n<p>[\/et_pb_cta][\/et_pb_column][\/et_pb_row][\/et_pb_section][et_pb_section fb_built=\"1\u2033 _builder_version=\"4.7.7\u2033 _module_preset=\"default\" background_color=\"#000000\u2033 background_enable_image=\"off\" global_module=\"84\u2033 saved_tabs=\"all\" global_colors_info=\"{}\"][et_pb_row column_structure=\"1_3,2_3\u2033 _builder_version=\"4.16\u2033 _module_preset=\"default\" global_colors_info=\"{}\"][et_pb_column type=\"1_3\u2033 _builder_version=\"4.16\u2033 _module_preset=\"default\" global_colors_info=\"{}\"][et_pb_text _builder_version=\"4.16\u2033 _module_preset=\"default\" text_font_size=\"17px\" header_2_text_color=\"#5bcc22\u2033 global_colors_info=\"{}\"]<\/p>\n<h2>Contacte con nosotros<\/h2>\n<p><span style=\"color: #ffffff;\"><\/span><\/p>\n<p><span style=\"color: #ffffff;\"><strong>Tel: <span style=\"color: #ffffff;\"><a href=\"tel:604.783.6003\" style=\"color: #ffffff;\">604-783-6003<\/a><\/span><br \/>Fax: 778-371-3401<\/strong><\/span><br \/><span style=\"color: #ffffff;\"> <strong> <a href=\"mailto:mike@prettechcanada.com\" style=\"color: #ffffff;\">mike@prettechcanada.com<\/a><\/strong><\/span><\/p>\n<p>[\/et_pb_text][et_pb_button button_url=\"https:\/\/cal.services\/havenplex\/My-Meeting\/dv24IfOAV\" button_text=\"Reserva tiempo con un ingeniero\" _builder_version=\"4.16\u2033 _module_preset=\"default\" custom_button=\"on\" button_text_size=\"15px\" button_text_color=\"#ffffff\" button_bg_color=\"#20af1d\" button_icon=\"\ue025||divi||400\u2033 global_colors_info=\"{}\"][\/et_pb_button][et_pb_social_media_follow _builder_version=\"4.16\u2033 _module_preset=\"default\" global_colors_info=\"{}\"][et_pb_social_media_follow_network social_network=\"facebook\" url=\"https:\/\/www.facebook.com\/prettechcanadavancouver\/\" _builder_version=\"4.16\u2033 _module_preset=\"default\" background_color=\"#3b5998\u2033 global_colors_info=\"{}\" follow_button=\"off\" url_new_window=\"on\"]facebook[\/et_pb_social_media_follow_network][et_pb_social_media_follow_network social_network=\"twitter\" url=\"https:\/\/twitter.com\/prettech_canada\" _builder_version=\"4.16\u2033 _module_preset=\"default\" background_color=\"#00aced\" global_colors_info=\"{}\" follow_button=\"off\" url_new_window=\"on\"]twitter[\/et_pb_social_media_follow_network][et_pb_social_media_follow_network social_network=\"instagram\" url=\"https:\/\/www.instagram.com\/prettechcanada\/\" _builder_version=\"4.16\u2033 _module_preset=\"default\" background_color=\"#ea2c59\u2033 global_colors_info=\"{}\" follow_button=\"off\" url_new_window=\"on\"]instagram[\/et_pb_social_media_follow_network][\/et_pb_social_media_follow][\/et_pb_column][et_pb_column type=\"2_3\u2033 _builder_version=\"4.16\u2033 _module_preset=\"default\" global_colors_info=\"{}\"][et_pb_contact_form use_spam_service=\"on\" recaptcha_list=\"Prettech|Prettech-0\u2033 email=\"havenplex@gmail.com\" title=\"Mensaje Prettech Canad\u00e1\" custom_message=\"%%name%%||et_pb_line_break_holder||%%email%%||et_pb_line_break_holder|%%phone%%||et_pb_line_break_holder||%%company%%||et_pb_line_break_holder||%%message%%\" success_message=\"Gracias por su mensaje.\" module_id=\"contactForm\" _builder_version=\"4.18.0\u2033 _module_preset=\u201ddefault\u201d _unique_id=\u201d1f8b8ac7-48bb-4152-a22c-7bf313178c2a\" title_level=\"h4\u2033 title_font=\"||||||||\" title_text_color=\"#5bcc22\u2033 title_font_size=\"24px\" captcha_text_color=\"#ffffff\" custom_button=\"on\" button_text_color=\"#FFFFFF\" button_bg_color=\"#5bcc22\u2033 button_border_color=\"RGBA(0,0,0,0)\" global_colors_info=\"{}\"][et_pb_contact_field field_id=\"Nombre\" field_title=\"Nombre\" _builder_version=\"4.16\u2033 global_colors_info=\"{}\" button_text_size__hover_enabled=\"off\" button_one_text_size__hover_enabled=\"off\" button_two_text_size__hover_enabled=\"off\" button_text_color__hover_enabled=\"off\" button_one_text_color__hover_enabled=\"off\" button_two_text_color__hover_enabled=\"off\" button_border_width__hover_enabled=\"off\" button_one_border_width__hover_enabled=\"off\" button_two_border_width__hover_enabled=\"off\" button_border_color__hover_enabled=\"off\" button_one_border_color__hover_enabled=\"off\" button_two_border_color__hover_enabled=\"off\" button_border_radius__hover_enabled=\"off\" button_one_border_radius__hover_enabled=\"off\" button_two_border_radius__hover_enabled=\"off\" button_letter_spacing__hover_enabled=\"off\" button_one_letter_spacing__hover_enabled=\"off\" button_two_letter_spacing__hover_enabled=\"off\" button_bg_color__hover_enabled=\"off\" button_one_bg_color__hover_enabled=\"off\" button_two_bg_color__hover_enabled=\"off\"][\/et_pb_contact_field][et_pb_contact_field field_id=\"Correo electr\u00f3nico\" field_title=\"Correo electr\u00f3nico\" field_type=\"correo electr\u00f3nico\" _builder_version=\"4.16\u2033 global_colors_info=\"{}\" button_text_size__hover_enabled=\"off\" button_one_text_size__hover_enabled=\"off\" button_two_text_size__hover_enabled=\"off\" button_text_color__hover_enabled=\"off\" button_one_text_color__hover_enabled=\"off\" button_two_text_color__hover_enabled=\"desactivado\" button_border_width__hover_enabled=\"desactivado\" button_one_border_width__hover_enabled=\"desactivado\" button_two_border_width__hover_enabled=\"desactivado\" button_border_color__hover_enabled=\"desactivado\" button_one_border_color__hover_enabled=\"desactivado\" button_two_border_color__hover_enabled=\"off\" button_border_radius__hover_enabled=\"off\" button_one_border_radius__hover_enabled=\"off\" button_two_border_radius__hover_enabled=\"off\" button_letter_spacing__hover_enabled=\"off\" button_one_letter_spacing__hover_enabled=\"off\" button_two_letter_spacing__hover_enabled=\"off\" button_bg_color__hover_enabled=\"off\" button_one_bg_color__hover_enabled=\"off\" button_two_bg_color__hover_enabled=\"off\"][\/et_pb_contact_field][et_pb_contact_field field_id=\"Tel\u00e9fono\" field_title=\"Tel\u00e9fono\" _builder_version=\"4.16\u2033 global_colors_info=\"{}\" button_text_size__hover_enabled=\"off\" button_one_text_size__hover_enabled=\"off\" button_two_text_size__hover_enabled=\"off\" button_text_color__hover_enabled=\"off\" button_one_text_color__hover_enabled=\"off\" button_two_text_color__hover_enabled=\"desactivado\" button_border_width__hover_enabled=\"desactivado\" button_one_border_width__hover_enabled=\"desactivado\" button_two_border_width__hover_enabled=\"desactivado\" button_border_color__hover_enabled=\"desactivado\" button_one_border_color__hover_enabled=\"desactivado\" button_two_border_color__hover_enabled=\"off\" button_border_radius__hover_enabled=\"off\" button_one_border_radius__hover_enabled=\"off\" button_two_border_radius__hover_enabled=\"off\" button_letter_spacing__hover_enabled=\"off\" button_one_letter_spacing__hover_enabled=\"off\" button_two_letter_spacing__hover_enabled=\"off\" button_bg_color__hover_enabled=\"off\" button_one_bg_color__hover_enabled=\"off\" button_two_bg_color__hover_enabled=\"off\"][\/et_pb_contact_field][et_pb_contact_field field_id=\"Empresa\" field_title=\"Empresa\" _builder_version=\"4.16\u2033 global_colors_info=\"{}\" button_text_size__hover_enabled=\"off\" button_one_text_size__hover_enabled=\"off\" button_two_text_size__hover_enabled=\"off\" button_text_color__hover_enabled=\"off\" button_one_text_color__hover_enabled=\"off\" button_two_text_color__hover_enabled=\"off\" button_border_width__hover_enabled=\"off\" button_one_border_width__hover_enabled=\"off\" button_two_border_width__hover_enabled=\"off\" button_border_color__hover_enabled=\"off\" button_one_border_color__hover_enabled=\"off\" button_two_border_color__hover_enabled=\"off\" button_border_radius__hover_enabled=\"off\" button_one_border_radius__hover_enabled=\"off\" button_two_border_radius__hover_enabled=\"off\" button_letter_spacing__hover_enabled=\"off\" button_one_letter_spacing__hover_enabled=\"off\" button_two_letter_spacing__hover_enabled=\"off\" button_bg_color__hover_enabled=\"off\" button_one_bg_color__hover_enabled=\"off\" button_two_bg_color__hover_enabled=\"off\"][\/et_pb_contact_field][et_pb_contact_field field_id=\"Mensaje\" field_title=\"Mensaje\" field_type=\"text\" fullwidth_field=\"on\" _builder_version=\"4.16\u2033 global_colors_info=\"{}\" button_text_size__hover_enabled=\"off\" button_one_text_size__hover_enabled=\"off\" button_two_text_size__hover_enabled=\"off\" button_text_color__hover_enabled=\"off\" button_one_text_color__hover_enabled=\"off\" button_two_text_color__hover_enabled=\"desactivado\" button_border_width__hover_enabled=\"desactivado\" button_one_border_width__hover_enabled=\"desactivado\" button_two_border_width__hover_enabled=\"desactivado\" button_border_color__hover_enabled=\"desactivado\" button_one_border_color__hover_enabled=\"desactivado\" button_two_border_color__hover_enabled=\"off\" button_border_radius__hover_enabled=\"off\" button_one_border_radius__hover_enabled=\"off\" button_two_border_radius__hover_enabled=\"off\" button_letter_spacing__hover_enabled=\"off\" button_one_letter_spacing__hover_enabled=\"off\" button_two_letter_spacing__hover_enabled=\"off\" button_bg_color__hover_enabled=\"off\" button_one_bg_color__hover_enabled=\"off\" button_two_bg_color__hover_enabled=\"off\"][\/et_pb_contact_field][\/et_pb_contact_form][et_pb_text _builder_version=\"4.16\u2033 _module_preset=\"default\" text_font_size=\"11px\" global_colors_info=\"{}\"]<\/p>\n<div class=\"\">\n<div><span style=\"color: #ffffff;\"><span class=\"enlighter-text\"><span style=\"color: #999999;\">Este sitio est\u00e1 protegido por reCAPTCHA y por la pol\u00edtica de privacidad de Google.<\/span>\u00a0<\/span><span class=\"enlighter-g1\"><\/span><span style=\"color: #999999;\"><a href=\"https:\/\/policies.google.com\/privacy\" target=\"_blank\" rel=\"noopener noreferrer\" style=\"color: #999999;\"><span class=\"enlighter-text\">Pol\u00edtica de privacidad<\/span><\/a><\/span><span class=\"enlighter-text\"><span style=\"color: #ff0000;\">\u00a0<\/span><span style=\"color: #999999;\">y<\/span><span style=\"color: #ff0000;\">\u00a0<\/span><\/span><span class=\"enlighter-text\"><span style=\"color: #999999;\"><a href=\"https:\/\/policies.google.com\/terms\" target=\"_blank\" rel=\"noopener noreferrer\" style=\"color: #999999;\">Condiciones de uso<\/a><\/span>\u00a0<\/span><span class=\"enlighter-text\" style=\"color: #999999;\">aplicar.<\/span><\/span><\/div>\n<\/div>\n<p>[\/et_pb_text][\/et_pb_column][\/et_pb_row][\/et_pb_section]<\/p>","protected":false},"excerpt":{"rendered":"<p>Si usted est\u00e1 buscando la mejor oferta que hay, de la m\u00e1s alta calidad de los equipos, Prettech Canad\u00e1 es la mejor empresa para ir con. Vivo en Alaska y estaba preocupado por tratar con una empresa internacional, pero descubr\u00ed que mis preocupaciones eran infundadas. Mi sala de cocci\u00f3n y tanques ten\u00edan soldaduras perfectas y estoy [...]<\/p>","protected":false},"author":1,"featured_media":0,"parent":0,"menu_order":0,"comment_status":"closed","ping_status":"closed","template":"","meta":{"_et_pb_use_builder":"on","_et_pb_old_content":"<!-- wp:divi\/placeholder \/-->","_et_gb_content_width":"","_monsterinsights_skip_tracking":false,"_monsterinsights_sitenote_active":false,"_monsterinsights_sitenote_note":"","_monsterinsights_sitenote_category":0,"footnotes":""},"class_list":["post-29","page","type-page","status-publish","hentry"],"aioseo_notices":[],"_links":{"self":[{"href":"https:\/\/prettechcanada.com\/es\/wp-json\/wp\/v2\/pages\/29","targetHints":{"allow":["GET"]}}],"collection":[{"href":"https:\/\/prettechcanada.com\/es\/wp-json\/wp\/v2\/pages"}],"about":[{"href":"https:\/\/prettechcanada.com\/es\/wp-json\/wp\/v2\/types\/page"}],"author":[{"embeddable":true,"href":"https:\/\/prettechcanada.com\/es\/wp-json\/wp\/v2\/users\/1"}],"replies":[{"embeddable":true,"href":"https:\/\/prettechcanada.com\/es\/wp-json\/wp\/v2\/comments?post=29"}],"version-history":[{"count":1,"href":"https:\/\/prettechcanada.com\/es\/wp-json\/wp\/v2\/pages\/29\/revisions"}],"predecessor-version":[{"id":562,"href":"https:\/\/prettechcanada.com\/es\/wp-json\/wp\/v2\/pages\/29\/revisions\/562"}],"wp:attachment":[{"href":"https:\/\/prettechcanada.com\/es\/wp-json\/wp\/v2\/media?parent=29"}],"curies":[{"name":"wp","href":"https:\/\/api.w.org\/{rel}","templated":true}]}}