{"id":31,"date":"2021-01-05T18:32:57","date_gmt":"2021-01-05T18:32:57","guid":{"rendered":"https:\/\/prettechcanada.com\/?page_id=31"},"modified":"2024-10-02T04:22:08","modified_gmt":"2024-10-02T04:22:08","slug":"uni-tank-cylindroconical-fermenter","status":"publish","type":"page","link":"https:\/\/prettechcanada.com\/es\/uni-tank-cylindroconical-fermenter\/","title":{"rendered":"Fermentador cilindroc\u00f3nico Uni Tank"},"content":{"rendered":"<p>[et_pb_section fb_built=\"1\u2033 _builder_version=\"4.16\u2033 _module_preset=\"default\" use_background_color_gradient=\"on\" background_color_gradient_stops=\"rgba(0,0,0,0.45) 0%|rgba(0,0,0,0.5) 100%\" background_color_gradient_overlays_image=\"on\" background_color_gradient_start=\"rgba(0,0,0,0.45)\" background_color_gradient_end=\"rgba(0,0,0,0.5)\" background_image=\"https:\/\/prettechcanada.com\/wp-content\/uploads\/2021\/01\/uni-system.jpg\" min_height=\"531px\" custom_padding=\"157px||123px|||\" global_colors_info=\"{}\"][et_pb_row _builder_version=\"4.16\u2033 _module_preset=\"default\" global_colors_info=\"{}\"][et_pb_column type=\"4_4\u2033 _builder_version=\"4.16\u2033 _module_preset=\"default\" global_colors_info=\"{}\"][et_pb_cta title=\"UNI-TANK \/ FERMENTADOR CILINDROC\u00d3NICO\" button_url=\"tel:604-783-6003\u2033 _builder_version=\"4.18.0\u2033 _module_preset=\"default\" header_level=\"h1\u2033 header_font=\"|700|||||||\" header_font_size=\"43px\" body_font_size=\"24px\" background_color=\"rgba(0,0,0,0)\" custom_button=\"on\" button_bg_color=\"#e02b20\u2033 button_border_radius=\"0px\" button_font=\"|600|||||||\" header_font_size_tablet=\"\" header_font_size_phone=\"36px\" header_font_size_last_edited=\"on|phone\" global_colors_info=\"{}\"][\/et_pb_cta][\/et_pb_column][\/et_pb_row][\/et_pb_section][et_pb_section fb_built=\"1\u2033 _builder_version=\"4.16\u2033 _module_preset=\"default\" custom_padding=\"109px||87px|||\" global_colors_info=\"{}\"][et_pb_row column_structure=\"3_5,2_5\u2033 _builder_version=\"4.16\u2033 _module_preset=\"default\" global_colors_info=\"{}\"][et_pb_column type=\"3_5\u2033 _builder_version=\"4.16\u2033 _module_preset=\"default\" global_colors_info=\"{}\"][et_pb_text _builder_version=\"4.16\u2033 _module_preset=\"default\" global_colors_info=\"{}\"]<\/p>\n<h3>LA PRACTICIDAD DE LOS UNI-TANQUES DE ACERO INOXIDABLE 304<\/h3>\n<p>Los uni-tanques son una forma inteligente de hacer crecer su negocio en el mercado, y dicen que un tonto y su dinero se separan pronto. Me gustar\u00eda empezar d\u00e1ndole la bienvenida a la p\u00e1gina web de Prettech Canad\u00e1, donde este art\u00edculo le dar\u00e1 una idea de la practicidad de un uni-tanque de acero inoxidable de grado 304 para su negocio.<\/p>\n<h3><\/h3>\n<p>&nbsp;<\/p>\n<h3>UNI-TANQUE PRETTECH DE ACERO INOXIDABLE 304<\/h3>\n<ul>\n<li>Abrazaderas y juntas, man\u00f3metro<span class=\"Apple-converted-space\">\u00a0<\/span><\/li>\n<li>4 patas de acero inoxidable\/pies niveladores inoxidables<span class=\"Apple-converted-space\">\u00a0<\/span><\/li>\n<li>Acabado interior y exterior pulido<\/li>\n<li>Acabado interior seg\u00fan especificaciones.<\/li>\n<li>Acabado exterior cepillado o espejo<\/li>\n<li>Soldadura TIG con arg\u00f3n de la carcasa exterior<\/li>\n<\/ul>\n<p>[\/et_pb_text][\/et_pb_column][et_pb_column type=\"2_5\u2033 _builder_version=\"4.16\u2033 _module_preset=\"default\" global_colors_info=\"{}\"][et_pb_video src=\"https:\/\/prettechcanada.com\/wp-content\/uploads\/2024\/10\/fermentor.mp4\u2033 image_src=\"https:\/\/prettechcanada.com\/wp-content\/uploads\/2024\/10\/fermentorvidpic.jpg\" _builder_version=\"4.27.0\u2033 _module_preset=\"default\" global_colors_info=\"{}\"][\/et_pb_video][\/et_pb_column][\/et_pb_row][\/et_pb_section][et_pb_section fb_built=\"1\u2033 _builder_version=\"4.16\u2033 _module_preset=\"default\" background_color=\"rgba(0,0,0,0.04)\" custom_padding=\"||75px|||\" global_colors_info=\"{}\"][et_pb_row column_structure=\"1_2,1_2\u2033 _builder_version=\"4.16\u2033 _module_preset=\"default\" global_colors_info=\"{}\"][et_pb_column type=\"1_2\u2033 _builder_version=\"4.16\u2033 _module_preset=\"default\" global_colors_info=\"{}\"][et_pb_text _builder_version=\"4.16\u2033 _module_preset=\"default\" global_colors_info=\"{}\"]<\/p>\n<h3>FERMENTADOR CILINDROC\u00d3NICO \/ UNI-TANQUES<\/h3>\n<p>Un fermentador cil\u00edndrico-c\u00f3nico es una versi\u00f3n reducida de lo que los cerveceros comerciales llaman un tanque Uni. El \"Uni\" se refiere al hecho de que la cerveza puede someterse a la fermentaci\u00f3n primaria y al acondicionamiento en el mismo tanque. Con los fermentadores de fondo plano, la cerveza tiene que bombearse del fermentador a un tanque de acondicionamiento. Los uni-tanques son muy populares en los brewpubs y las microcervecer\u00edas, y hace unos a\u00f1os empezaron a aparecer en el mercado fermentadores c\u00f3nicos de tama\u00f1o homebrew.<\/p>\n<p>La forma de un fermentador cilindroc\u00f3nico es la de un cilindro con un cono adosado en la parte inferior. Un orificio situado en la parte inferior del cono permite verter la levadura (y cualquier otro sedimento) desde el fondo del recipiente. En la parte superior del cono hay otro orificio. \u00c9ste permite extraer muestras de cerveza o trasvasar la cerveza a otro recipiente.<\/p>\n<p>[\/et_pb_text][\/et_pb_column][et_pb_column type=\"1_2\u2033 _builder_version=\"4.16\u2033 _module_preset=\"default\" global_colors_info=\"{}\"][et_pb_text _builder_version=\"4.16\u2033 _module_preset=\"default\" global_colors_info=\"{}\"]<\/p>\n<h3>VENTAJAS DEL SISTEMA UNI-TANK<\/h3>\n<p>El fermentador c\u00f3nico de acero inoxidable tiene muchas ventajas. La principal ventaja es la facilidad para separar la levadura de la cerveza. Con un cubo o una garrafa, hay que limpiar y desinfectar un fermentador secundario y un bast\u00f3n de trasiego. Con una c\u00f3nica, basta con abrir la v\u00e1lvula de descarga durante uno o dos segundos. Del mismo modo, tomar muestras con el hidr\u00f3metro es tan f\u00e1cil como abrir la v\u00e1lvula de trasvase.\u00a0<\/p>\n<p>Otra ventaja es que la mayor\u00eda de los fermentadores c\u00f3nicos est\u00e1n hechos de acero inoxidable. Los fermentadores de cubo de pl\u00e1stico acaban ray\u00e1ndose y manch\u00e1ndose hasta el punto de que las pr\u00e1cticas normales de limpieza y desinfecci\u00f3n de la cerveza casera pueden hacer que no sean higi\u00e9nicos. Adem\u00e1s, los fermentadores de cubo tambi\u00e9n pueden empezar a retener algunos olores que no se van con los lavados. Por ello, los fermentadores de cubo deben sustituirse cada cierto tiempo. Un fermentador c\u00f3nico de acero inoxidable deber\u00eda durar a\u00f1os, ya que no absorbe olores y puede limpiarse por completo, dejando una superficie inerte que no reacciona con el vino o la cerveza ni los contamina.\u00a0<\/p>\n<p>A diferencia del acero inoxidable, el pl\u00e1stico de los cubos es ligeramente permeable al ox\u00edgeno, lo que los convierte en una mala elecci\u00f3n para el acondicionamiento a largo plazo (a menos que est\u00e9 elaborando cervezas \u00e1cidas). Prettech Canada ofrece soluciones de uni-tanque de acero inoxidable de grado 304 de primera calidad, a un precio incre\u00edble, llame ahora para obtener informaci\u00f3n m\u00e1s detallada de precios al (604) 783-6003.<\/p>\n<p>[\/et_pb_text][\/et_pb_column][\/et_pb_row][\/et_pb_section][et_pb_section fb_built=\"1\u2033 _builder_version=\"4.16\u2033 _module_preset=\"default\" use_background_color_gradient=\"on\" background_color_gradient_stops=\"#140a02 0%|rgba(0,0,0,0.13) 100%\" background_color_gradient_overlays_image=\"on\" background_color_gradient_start=\"#140a02\u2033 background_color_gradient_end=\"rgba(0,0,0,0.13)\" background_image=\"https:\/\/prettechcanada.com\/wp-content\/uploads\/2021\/03\/tank-collage.jpg\" custom_padding=\"72px||52px|||\" global_colors_info=\"{}\"][et_pb_row _builder_version=\"4.16\u2033 _module_preset=\"default\" global_colors_info=\"{}\"][et_pb_column type=\"4_4\u2033 _builder_version=\"4.16\u2033 _module_preset=\"default\" global_colors_info=\"{}\"][et_pb_cta title=\"\u00bfQuieres saber m\u00e1s?\" button_text=\"Haz clic aqu\u00ed\" _builder_version=\"4.16\u2033 _module_preset=\"default\" header_font_size=\"30px\" body_font_size=\"18px\" background_color=\"rgba(0,0,0,0)\" global_colors_info=\"{}\"]<\/p>\n<p>P\u00f3ngase en contacto con nosotros y le atenderemos enseguida.<\/p>\n<p>[\/et_pb_cta][\/et_pb_column][\/et_pb_row][\/et_pb_section][et_pb_section fb_built=\"1\u2033 _builder_version=\"4.7.7\u2033 _module_preset=\"default\" background_color=\"#000000\u2033 background_enable_image=\"off\" global_module=\"84\u2033 saved_tabs=\"all\" global_colors_info=\"{}\"][et_pb_row column_structure=\"1_3,2_3\u2033 _builder_version=\"4.16\u2033 _module_preset=\"default\" global_colors_info=\"{}\"][et_pb_column type=\"1_3\u2033 _builder_version=\"4.16\u2033 _module_preset=\"default\" global_colors_info=\"{}\"][et_pb_text _builder_version=\"4.16\u2033 _module_preset=\"default\" text_font_size=\"17px\" header_2_text_color=\"#5bcc22\u2033 global_colors_info=\"{}\"]<\/p>\n<h2>Contacte con nosotros<\/h2>\n<p><span style=\"color: #ffffff;\"><\/span><\/p>\n<p><span style=\"color: #ffffff;\"><strong>Tel: <span style=\"color: #ffffff;\"><a href=\"tel:604.783.6003\" style=\"color: #ffffff;\">604-783-6003<\/a><\/span><br \/>Fax: 778-371-3401<\/strong><\/span><br \/><span style=\"color: #ffffff;\"> <strong> <a href=\"mailto:mike@prettechcanada.com\" style=\"color: #ffffff;\">mike@prettechcanada.com<\/a><\/strong><\/span><\/p>\n<p>[\/et_pb_text][et_pb_button button_url=&#8221;https:\/\/cal.services\/havenplex\/My-Meeting\/dv24IfOAV&#8221; button_text=&#8221;Request a Quote&#8221; _builder_version=&#8221;4.27.0&#8243; _module_preset=&#8221;default&#8221; custom_button=&#8221;on&#8221; button_text_size=&#8221;15px&#8221; button_text_color=&#8221;#ffffff&#8221; button_bg_color=&#8221;#20af1d&#8221; button_icon=&#8221;&#xe025;||divi||400&#8243; global_colors_info=&#8221;{}&#8221; hover_enabled=&#8221;0&#8243; sticky_enabled=&#8221;0&#8243;][\/et_pb_button][et_pb_blurb title=&#8221;Facebook&#8221; url=&#8221;http:\/\/www.facebook.com\/prettechcanadavancouver&#8221; url_new_window=&#8221;on&#8221; use_icon=&#8221;on&#8221; font_icon=&#8221;%%314%%&#8221; icon_placement=&#8221;left&#8221; font_icon_tablet=&#8221;%%314%%&#8221; font_icon_phone=&#8221;%%314%%&#8221; image_icon_width_tablet=&#8221;101px&#8221; _builder_version=&#8221;4.19.5&#8243; header_text_color=&#8221;#b28965&#8243; header_line_height=&#8221;1.7em&#8221; vertical_offset_tablet=&#8221;0&#8243; horizontal_offset_tablet=&#8221;0&#8243; z_index_tablet=&#8221;0&#8243; header_text_shadow_horizontal_length_tablet=&#8221;0px&#8221; header_text_shadow_vertical_length_tablet=&#8221;0px&#8221; header_text_shadow_blur_strength_tablet=&#8221;1px&#8221; body_text_shadow_horizontal_length_tablet=&#8221;0px&#8221; body_text_shadow_vertical_length_tablet=&#8221;0px&#8221; body_text_shadow_blur_strength_tablet=&#8221;1px&#8221; body_link_text_shadow_horizontal_length_tablet=&#8221;0px&#8221; body_link_text_shadow_vertical_length_tablet=&#8221;0px&#8221; body_link_text_shadow_blur_strength_tablet=&#8221;1px&#8221; body_ul_text_shadow_horizontal_length_tablet=&#8221;0px&#8221; body_ul_text_shadow_vertical_length_tablet=&#8221;0px&#8221; body_ul_text_shadow_blur_strength_tablet=&#8221;1px&#8221; body_ol_text_shadow_horizontal_length_tablet=&#8221;0px&#8221; body_ol_text_shadow_vertical_length_tablet=&#8221;0px&#8221; body_ol_text_shadow_blur_strength_tablet=&#8221;1px&#8221; body_quote_text_shadow_horizontal_length_tablet=&#8221;0px&#8221; body_quote_text_shadow_vertical_length_tablet=&#8221;0px&#8221; body_quote_text_shadow_blur_strength_tablet=&#8221;1px&#8221; box_shadow_horizontal_tablet=&#8221;0px&#8221; box_shadow_vertical_tablet=&#8221;0px&#8221; box_shadow_blur_tablet=&#8221;40px&#8221; box_shadow_spread_tablet=&#8221;0px&#8221; box_shadow_horizontal_image_tablet=&#8221;0px&#8221; box_shadow_vertical_image_tablet=&#8221;0px&#8221; box_shadow_blur_image_tablet=&#8221;40px&#8221; box_shadow_spread_image_tablet=&#8221;0px&#8221; text_shadow_horizontal_length_tablet=&#8221;0px&#8221; text_shadow_vertical_length_tablet=&#8221;0px&#8221; text_shadow_blur_strength_tablet=&#8221;1px&#8221; global_colors_info=&#8221;{}&#8221;][\/et_pb_blurb][et_pb_blurb title=&#8221;Twitter&#8221; url=&#8221;https:\/\/twitter.com\/PrettechCanada&#8221; url_new_window=&#8221;on&#8221; use_icon=&#8221;on&#8221; font_icon=&#8221;%%315%%&#8221; icon_placement=&#8221;left&#8221; font_icon_tablet=&#8221;%%315%%&#8221; font_icon_phone=&#8221;%%315%%&#8221; image_icon_width_tablet=&#8221;101px&#8221; _builder_version=&#8221;4.19.5&#8243; header_text_color=&#8221;#b28965&#8243; header_line_height=&#8221;1.7em&#8221; vertical_offset_tablet=&#8221;0&#8243; horizontal_offset_tablet=&#8221;0&#8243; z_index_tablet=&#8221;0&#8243; header_text_shadow_horizontal_length_tablet=&#8221;0px&#8221; header_text_shadow_vertical_length_tablet=&#8221;0px&#8221; header_text_shadow_blur_strength_tablet=&#8221;1px&#8221; body_text_shadow_horizontal_length_tablet=&#8221;0px&#8221; body_text_shadow_vertical_length_tablet=&#8221;0px&#8221; body_text_shadow_blur_strength_tablet=&#8221;1px&#8221; body_link_text_shadow_horizontal_length_tablet=&#8221;0px&#8221; body_link_text_shadow_vertical_length_tablet=&#8221;0px&#8221; body_link_text_shadow_blur_strength_tablet=&#8221;1px&#8221; body_ul_text_shadow_horizontal_length_tablet=&#8221;0px&#8221; body_ul_text_shadow_vertical_length_tablet=&#8221;0px&#8221; body_ul_text_shadow_blur_strength_tablet=&#8221;1px&#8221; body_ol_text_shadow_horizontal_length_tablet=&#8221;0px&#8221; body_ol_text_shadow_vertical_length_tablet=&#8221;0px&#8221; body_ol_text_shadow_blur_strength_tablet=&#8221;1px&#8221; body_quote_text_shadow_horizontal_length_tablet=&#8221;0px&#8221; body_quote_text_shadow_vertical_length_tablet=&#8221;0px&#8221; body_quote_text_shadow_blur_strength_tablet=&#8221;1px&#8221; box_shadow_horizontal_tablet=&#8221;0px&#8221; box_shadow_vertical_tablet=&#8221;0px&#8221; box_shadow_blur_tablet=&#8221;40px&#8221; box_shadow_spread_tablet=&#8221;0px&#8221; box_shadow_horizontal_image_tablet=&#8221;0px&#8221; box_shadow_vertical_image_tablet=&#8221;0px&#8221; box_shadow_blur_image_tablet=&#8221;40px&#8221; box_shadow_spread_image_tablet=&#8221;0px&#8221; text_shadow_horizontal_length_tablet=&#8221;0px&#8221; text_shadow_vertical_length_tablet=&#8221;0px&#8221; text_shadow_blur_strength_tablet=&#8221;1px&#8221; global_colors_info=&#8221;{}&#8221;][\/et_pb_blurb][et_pb_blurb title=&#8221;Instagram&#8221; url=&#8221;https:\/\/www.instagram.com\/prettechcanada\/&#8221; url_new_window=&#8221;on&#8221; use_icon=&#8221;on&#8221; font_icon=&#8221;%%321%%&#8221; icon_placement=&#8221;left&#8221; font_icon_tablet=&#8221;%%321%%&#8221; font_icon_phone=&#8221;%%321%%&#8221; image_icon_width_tablet=&#8221;101px&#8221; _builder_version=&#8221;4.19.5&#8243; header_text_color=&#8221;#b28965&#8243; header_line_height=&#8221;1.7em&#8221; vertical_offset_tablet=&#8221;0&#8243; horizontal_offset_tablet=&#8221;0&#8243; z_index_tablet=&#8221;0&#8243; header_text_shadow_horizontal_length_tablet=&#8221;0px&#8221; header_text_shadow_vertical_length_tablet=&#8221;0px&#8221; header_text_shadow_blur_strength_tablet=&#8221;1px&#8221; body_text_shadow_horizontal_length_tablet=&#8221;0px&#8221; body_text_shadow_vertical_length_tablet=&#8221;0px&#8221; body_text_shadow_blur_strength_tablet=&#8221;1px&#8221; body_link_text_shadow_horizontal_length_tablet=&#8221;0px&#8221; body_link_text_shadow_vertical_length_tablet=&#8221;0px&#8221; body_link_text_shadow_blur_strength_tablet=&#8221;1px&#8221; body_ul_text_shadow_horizontal_length_tablet=&#8221;0px&#8221; body_ul_text_shadow_vertical_length_tablet=&#8221;0px&#8221; body_ul_text_shadow_blur_strength_tablet=&#8221;1px&#8221; body_ol_text_shadow_horizontal_length_tablet=&#8221;0px&#8221; body_ol_text_shadow_vertical_length_tablet=&#8221;0px&#8221; body_ol_text_shadow_blur_strength_tablet=&#8221;1px&#8221; body_quote_text_shadow_horizontal_length_tablet=&#8221;0px&#8221; body_quote_text_shadow_vertical_length_tablet=&#8221;0px&#8221; body_quote_text_shadow_blur_strength_tablet=&#8221;1px&#8221; box_shadow_horizontal_tablet=&#8221;0px&#8221; box_shadow_vertical_tablet=&#8221;0px&#8221; box_shadow_blur_tablet=&#8221;40px&#8221; box_shadow_spread_tablet=&#8221;0px&#8221; box_shadow_horizontal_image_tablet=&#8221;0px&#8221; box_shadow_vertical_image_tablet=&#8221;0px&#8221; box_shadow_blur_image_tablet=&#8221;40px&#8221; box_shadow_spread_image_tablet=&#8221;0px&#8221; text_shadow_horizontal_length_tablet=&#8221;0px&#8221; text_shadow_vertical_length_tablet=&#8221;0px&#8221; text_shadow_blur_strength_tablet=&#8221;1px&#8221; global_colors_info=&#8221;{}&#8221;][\/et_pb_blurb][et_pb_blurb title=&#8221;LinkedIn&#8221; url=&#8221;https:\/\/www.linkedin.com\/company\/prettech-canada\/&#8221; url_new_window=&#8221;on&#8221; use_icon=&#8221;on&#8221; font_icon=&#8221;%%324%%&#8221; icon_placement=&#8221;left&#8221; font_icon_tablet=&#8221;%%324%%&#8221; font_icon_phone=&#8221;%%324%%&#8221; image_icon_width_tablet=&#8221;101px&#8221; _builder_version=&#8221;4.19.5&#8243; header_text_color=&#8221;#b28965&#8243; header_line_height=&#8221;1.7em&#8221; vertical_offset_tablet=&#8221;0&#8243; horizontal_offset_tablet=&#8221;0&#8243; z_index_tablet=&#8221;0&#8243; header_text_shadow_horizontal_length_tablet=&#8221;0px&#8221; header_text_shadow_vertical_length_tablet=&#8221;0px&#8221; header_text_shadow_blur_strength_tablet=&#8221;1px&#8221; body_text_shadow_horizontal_length_tablet=&#8221;0px&#8221; body_text_shadow_vertical_length_tablet=&#8221;0px&#8221; body_text_shadow_blur_strength_tablet=&#8221;1px&#8221; body_link_text_shadow_horizontal_length_tablet=&#8221;0px&#8221; body_link_text_shadow_vertical_length_tablet=&#8221;0px&#8221; body_link_text_shadow_blur_strength_tablet=&#8221;1px&#8221; body_ul_text_shadow_horizontal_length_tablet=&#8221;0px&#8221; body_ul_text_shadow_vertical_length_tablet=&#8221;0px&#8221; body_ul_text_shadow_blur_strength_tablet=&#8221;1px&#8221; body_ol_text_shadow_horizontal_length_tablet=&#8221;0px&#8221; body_ol_text_shadow_vertical_length_tablet=&#8221;0px&#8221; body_ol_text_shadow_blur_strength_tablet=&#8221;1px&#8221; body_quote_text_shadow_horizontal_length_tablet=&#8221;0px&#8221; body_quote_text_shadow_vertical_length_tablet=&#8221;0px&#8221; body_quote_text_shadow_blur_strength_tablet=&#8221;1px&#8221; box_shadow_horizontal_tablet=&#8221;0px&#8221; box_shadow_vertical_tablet=&#8221;0px&#8221; box_shadow_blur_tablet=&#8221;40px&#8221; box_shadow_spread_tablet=&#8221;0px&#8221; box_shadow_horizontal_image_tablet=&#8221;0px&#8221; box_shadow_vertical_image_tablet=&#8221;0px&#8221; box_shadow_blur_image_tablet=&#8221;40px&#8221; box_shadow_spread_image_tablet=&#8221;0px&#8221; text_shadow_horizontal_length_tablet=&#8221;0px&#8221; text_shadow_vertical_length_tablet=&#8221;0px&#8221; text_shadow_blur_strength_tablet=&#8221;1px&#8221; global_colors_info=&#8221;{}&#8221;][\/et_pb_blurb][\/et_pb_column][et_pb_column type=&#8221;2_3&#8243; _builder_version=&#8221;4.16&#8243; _module_preset=&#8221;default&#8221; global_colors_info=&#8221;{}&#8221;][et_pb_code _builder_version=&#8221;4.19.4&#8243; _module_preset=&#8221;default&#8221; vertical_offset_tablet=&#8221;0&#8243; horizontal_offset_tablet=&#8221;0&#8243; z_index_tablet=&#8221;0&#8243; box_shadow_horizontal_tablet=&#8221;0px&#8221; box_shadow_vertical_tablet=&#8221;0px&#8221; box_shadow_blur_tablet=&#8221;40px&#8221; box_shadow_spread_tablet=&#8221;0px&#8221; global_colors_info=&#8221;{}&#8221;]<\/p>\n<div id=\"wufoo-s1eudtjg02sdcnq\"> Rellene mi <a href=\"https:\/\/collinwo.wufoo.com\/forms\/s1eudtjg02sdcnq\">formulario en l\u00ednea<\/a>. <\/div>\n<p> <script type=\"text\/javascript\"> var s1eudtjg02sdcnq; (function(d, t) { var s = d.createElement(t), options = { 'userName':'collinwo', 'formHash':'s1eudtjg02sdcnq', 'autoResize':true, 'height':'617', 'async':true, 'host':'wufoo.com', 'header':'show', 'ssl':true }; s.src = ('https:' == d.location.protocol ?'https:\/\/':'http:\/\/') + 'secure.wufoo.com\/scripts\/embed\/form.js'; s.onload = s.onreadystatechange = function() { var rs = this.readyState; if (rs) if (rs != 'complete') if (rs != 'loaded') return; try { s1eudtjg02sdcnq = new WufooForm(); s1eudtjg02sdcnq.initialize(options); s1eudtjg02sdcnq.display(); } catch (e) { } }; var scr = d.getElementsByTagName(t)[0], par = scr.parentNode; par.insertBefore(s, scr); })(document, 'script'); <\/script>[\/et_pb_code][\/et_pb_column][\/et_pb_row][\/et_pb_section]<\/p>","protected":false},"excerpt":{"rendered":"<p>LA PR\u00c1CTICA DE LOS UNI-TANQUES DE ACERO INOXIDABLE DE GRADO 304 Los UNI-TANQUES son una forma inteligente de hacer crecer su negocio en el mercado, y dicen que un tonto y su dinero se separan pronto. Me gustar\u00eda empezar d\u00e1ndole la bienvenida al sitio web de Prettech Canada, donde este art\u00edculo le dar\u00e1 una idea de la practicidad de un [...]<\/p>","protected":false},"author":1,"featured_media":0,"parent":0,"menu_order":0,"comment_status":"closed","ping_status":"closed","template":"","meta":{"_et_pb_use_builder":"on","_et_pb_old_content":"<!-- wp:divi\/placeholder \/-->","_et_gb_content_width":"","_monsterinsights_skip_tracking":false,"_monsterinsights_sitenote_active":false,"_monsterinsights_sitenote_note":"","_monsterinsights_sitenote_category":0,"footnotes":""},"class_list":["post-31","page","type-page","status-publish","hentry"],"aioseo_notices":[],"_links":{"self":[{"href":"https:\/\/prettechcanada.com\/es\/wp-json\/wp\/v2\/pages\/31","targetHints":{"allow":["GET"]}}],"collection":[{"href":"https:\/\/prettechcanada.com\/es\/wp-json\/wp\/v2\/pages"}],"about":[{"href":"https:\/\/prettechcanada.com\/es\/wp-json\/wp\/v2\/types\/page"}],"author":[{"embeddable":true,"href":"https:\/\/prettechcanada.com\/es\/wp-json\/wp\/v2\/users\/1"}],"replies":[{"embeddable":true,"href":"https:\/\/prettechcanada.com\/es\/wp-json\/wp\/v2\/comments?post=31"}],"version-history":[{"count":4,"href":"https:\/\/prettechcanada.com\/es\/wp-json\/wp\/v2\/pages\/31\/revisions"}],"predecessor-version":[{"id":941,"href":"https:\/\/prettechcanada.com\/es\/wp-json\/wp\/v2\/pages\/31\/revisions\/941"}],"wp:attachment":[{"href":"https:\/\/prettechcanada.com\/es\/wp-json\/wp\/v2\/media?parent=31"}],"curies":[{"name":"wp","href":"https:\/\/api.w.org\/{rel}","templated":true}]}}