{"id":951,"date":"2024-10-07T21:31:52","date_gmt":"2024-10-07T21:31:52","guid":{"rendered":"https:\/\/prettechcanada.com\/?page_id=951"},"modified":"2024-11-29T05:54:25","modified_gmt":"2024-11-29T05:54:25","slug":"pasteurizer","status":"publish","type":"page","link":"https:\/\/prettechcanada.com\/es\/pasteurizer\/","title":{"rendered":"Pasteurizador"},"content":{"rendered":"<p>[et_pb_section fb_built=\"1\u2033 _builder_version=\"4.27.4\u2033 _module_preset=\"default\" background_image=\"https:\/\/prettechcanada.com\/wp-content\/uploads\/2024\/11\/pasteurizer-header.jpg\" min_height=\"531px\" custom_padding=\"157px||123px|||\" hover_enabled=\"0\u2033 global_colors_info=\"{}\" title_text=\"pasteurizador-cabecera\" sticky_enabled=\"0\u2033][et_pb_row _builder_version=\"4.16\u2033 _module_preset=\"default\" global_colors_info=\"{}\"][et_pb_column type=\"4_4\u2033 _builder_version=\"4.16\u2033 _module_preset=\"default\" global_colors_info=\"{}\"][et_pb_cta title=\"PASTEURIZADOR\" button_url=\"tel:604-783-6003\u2033 _builder_version=\"4.27.4\u2033 _module_preset=\"default\" header_level=\"h1\u2033 header_font=\"|700|||||||\" header_font_size=\"53px\" body_font_size=\"24px\" background_color=\"rgba(0,0,0,0)\" custom_button=\"on\" button_bg_color=\"#e02b20\u2033 button_border_radius=\"0px\" button_font=\"|600|||||||\" hover_enabled=\"0\u2033 global_colors_info=\"{}\" header_font_size_last_edited=\"on|tablet\" header_font_size_phone=\"35px\" sticky_enabled=\"0\u2033 header_font_size_tablet=\"53px\"][\/et_pb_cta][\/et_pb_column][\/et_pb_row][\/et_pb_section][et_pb_section fb_built=\"1\u2033 _builder_version=\"4.16\u2033 _module_preset=\"default\" custom_padding=\"109px||73px|||\" global_colors_info=\"{}\"][et_pb_row _builder_version=\"4.27.2\u2033 _module_preset=\"default\" global_colors_info=\"{}\"][et_pb_column type=\"4_4\u2033 _builder_version=\"4.27.2\u2033 _module_preset=\"default\" global_colors_info=\"{}\"][et_pb_text _builder_version=\"4.27.2\u2033 _module_preset=\"default\" global_colors_info=\"{}\"]<\/p>\n<p>La pasteurizaci\u00f3n es un proceso utilizado para hacer que las bebidas sean m\u00e1s seguras reduciendo o eliminando microorganismos nocivos, como bacterias, levaduras y mohos, que pueden causar deterioro o enfermedades. El proceso consiste en calentar el recipiente que contendr\u00e1 la<span class=\"Apple-converted-space\">\u00a0 <\/span>bebida a una temperatura espec\u00edfica durante un tiempo determinado y, a continuaci\u00f3n, enfriarla r\u00e1pidamente para evitar cambios significativos en el sabor, la calidad o el valor nutricional. Esto ayuda a prolongar la vida \u00fatil de productos como zumos, vino, cerveza y otras bebidas.<\/p>\n<p>[\/et_pb_text][\/et_pb_column][\/et_pb_row][et_pb_row column_structure=\"3_5,2_5\u2033 _builder_version=\"4.16\u2033 _module_preset=\"default\" global_colors_info=\"{}\"][et_pb_column type=\"3_5\u2033 _builder_version=\"4.16\u2033 _module_preset=\"default\" global_colors_info=\"{}\"][et_pb_text _builder_version=\"4.27.2\u2033 _module_preset=\"default\" global_colors_info=\"{}\"]<\/p>\n<h4><b>M\u00e9todos comunes de pasteurizaci\u00f3n:<\/b><\/h4>\n<ol>\n<li><b>Pasteurizaci\u00f3n en t\u00fanel<\/b>: Este m\u00e9todo hace pasar los envases de bebidas por un t\u00fanel caliente. El objetivo es eliminar los microbios nocivos manteniendo intactos el sabor y la calidad del producto. Suele utilizarse para la producci\u00f3n a gran escala de bebidas sensibles al calor, como la cerveza y los zumos. La pasteurizaci\u00f3n en t\u00fanel es eficaz para el procesado continuo de grandes vol\u00famenes, ya que proporciona resultados uniformes y ayuda a prolongar la vida \u00fatil del producto al tiempo que cumple las normas de seguridad reglamentarias.<\/li>\n<li><b>Pasteurizaci\u00f3n con placa flash<\/b>: Tambi\u00e9n llamado pasteurizaci\u00f3n a alta temperatura y corta duraci\u00f3n (HTST), este m\u00e9todo calienta r\u00e1pidamente la bebida a unos 71,7\u00b0C (161\u00b0F) durante 15-20 segundos y luego la enfr\u00eda r\u00e1pidamente. Es especialmente adecuado para bebidas sensibles al calor, ya que preserva tanto el sabor como los nutrientes al tiempo que garantiza la seguridad.<\/li>\n<li><b>Pasteurizaci\u00f3n por lotes<\/b>: En este proceso, las bebidas se calientan en lotes m\u00e1s peque\u00f1os a una temperatura fija durante un periodo m\u00e1s largo. Es un m\u00e9todo m\u00e1s tradicional y lento, que suele utilizarse para peque\u00f1as series de producci\u00f3n o tipos espec\u00edficos de bebidas.<\/li>\n<\/ol>\n<p>&nbsp;<\/p>\n<h4><b>Beneficios clave:<\/b><\/h4>\n<ul>\n<li><b>Preservaci\u00f3n de la calidad del producto<\/b>: La pasteurizaci\u00f3n mata los microbios nocivos sin da\u00f1ar el sabor, los nutrientes ni la textura de la bebida.<\/li>\n<li><b>Vida \u00fatil prolongada<\/b>: Al reducir la carga microbiana, la pasteurizaci\u00f3n prolonga la frescura de la bebida y reduce su deterioro.<\/li>\n<li><b>Cumplimiento de la normativa<\/b>: El proceso garantiza que las bebidas cumplen las normas de seguridad alimentaria.<\/li>\n<li><b>Eficiencia de costes<\/b>: M\u00e9todos como la pasteurizaci\u00f3n en t\u00fanel permiten una producci\u00f3n eficiente a gran escala, ahorrando tiempo y energ\u00eda.<\/li>\n<\/ul>\n<p>Se eligen distintos m\u00e9todos en funci\u00f3n del tipo de bebida y del equilibrio entre la seguridad microbiana y el mantenimiento de las cualidades originales del producto.<\/p>\n<p>[\/et_pb_text][\/et_pb_column][et_pb_column type=\"2_5\u2033 _builder_version=\"4.16\u2033 _module_preset=\"default\" global_colors_info=\"{}\"][et_pb_image src=\"https:\/\/prettechcanada.com\/wp-content\/uploads\/2024\/11\/pasteurizer1.jpg\" _builder_version=\"4.27.4\u2033 _module_preset=\"default\" title_text=\"pasteurizador1\u2033 hover_enabled=\"0\u2033 sticky_enabled=\"0\u2033][\/et_pb_image][et_pb_image src=\"https:\/\/prettechcanada.com\/wp-content\/uploads\/2024\/11\/pasteurizer2.jpg\" _builder_version=\"4.27.4\u2033 _module_preset=\"default\" title_text=\"pasteurizador2\u2033 hover_enabled=\"0\u2033 sticky_enabled=\"0\u2033][\/et_pb_image][\/et_pb_column][\/et_pb_row][\/et_pb_section][et_pb_section fb_built=\"1\u2033 _builder_version=\"4.16\u2033 _module_preset=\"default\" use_background_color_gradient=\"on\" background_color_gradient_stops=\"#140a02 0%|rgba(0,0,0,0.13) 100%\" background_color_gradient_overlays_image=\"on\" background_color_gradient_start=\"#140a02\u2033 background_color_gradient_end=\"rgba(0,0,0,0.13)\" background_image=\"https:\/\/prettechcanada.com\/wp-content\/uploads\/2021\/03\/tank-collage.jpg\" custom_padding=\"72px||52px|||\" global_colors_info=\"{}\"][et_pb_row _builder_version=\"4.16\u2033 _module_preset=\"default\" global_colors_info=\"{}\"][et_pb_column type=\"4_4\u2033 _builder_version=\"4.16\u2033 _module_preset=\"default\" global_colors_info=\"{}\"][et_pb_cta title=\"\u00bfNecesita un pasteurizador?\" button_text=\"Haga clic aqu\u00ed\" _builder_version=\"4.27.2\u2033 _module_preset=\"default\" header_font_size=\"30px\" body_font_size=\"18px\" background_color=\"rgba(0,0,0,0)\" global_colors_info=\"{}\"]<\/p>\n<p>P\u00f3ngase en contacto con nosotros y le ayudaremos a configurarlo.<\/p>\n<p>[\/et_pb_cta][\/et_pb_column][\/et_pb_row][\/et_pb_section][et_pb_section fb_built=\"1\u2033 _builder_version=\"4.7.7\u2033 _module_preset=\"default\" background_color=\"#000000\u2033 background_enable_image=\"off\" global_module=\"84\u2033 saved_tabs=\"all\" global_colors_info=\"{}\"][et_pb_row column_structure=\"1_3,2_3\u2033 _builder_version=\"4.16\u2033 _module_preset=\"default\" global_colors_info=\"{}\"][et_pb_column type=\"1_3\u2033 _builder_version=\"4.16\u2033 _module_preset=\"default\" global_colors_info=\"{}\"][et_pb_text _builder_version=\"4.16\u2033 _module_preset=\"default\" text_font_size=\"17px\" header_2_text_color=\"#5bcc22\u2033 global_colors_info=\"{}\"]<\/p>\n<h2>Contacte con nosotros<\/h2>\n<p><span style=\"color: #ffffff;\"><\/span><\/p>\n<p><span style=\"color: #ffffff;\"><strong>Tel: <span style=\"color: #ffffff;\"><a href=\"tel:604.783.6003\" style=\"color: #ffffff;\">604-783-6003<\/a><\/span><br \/>Fax: 778-371-3401<\/strong><\/span><br \/><span style=\"color: #ffffff;\"> <strong> <a href=\"mailto:mike@prettechcanada.com\" style=\"color: #ffffff;\">mike@prettechcanada.com<\/a><\/strong><\/span><\/p>\n<p>[\/et_pb_text][et_pb_button button_url=&#8221;https:\/\/prettechcanada.com\/request-a-quote\/&#8221; button_text=&#8221;Request a Quote&#8221; _builder_version=&#8221;4.27.2&#8243; _module_preset=&#8221;default&#8221; custom_button=&#8221;on&#8221; button_text_size=&#8221;15px&#8221; button_text_color=&#8221;#ffffff&#8221; button_bg_color=&#8221;#20af1d&#8221; button_use_icon=&#8221;off&#8221; vertical_offset_tablet=&#8221;0&#8243; horizontal_offset_tablet=&#8221;0&#8243; z_index_tablet=&#8221;0&#8243; button_text_shadow_horizontal_length_tablet=&#8221;0px&#8221; button_text_shadow_vertical_length_tablet=&#8221;0px&#8221; button_text_shadow_blur_strength_tablet=&#8221;1px&#8221; box_shadow_horizontal_tablet=&#8221;0px&#8221; box_shadow_vertical_tablet=&#8221;0px&#8221; box_shadow_blur_tablet=&#8221;40px&#8221; box_shadow_spread_tablet=&#8221;0px&#8221; global_colors_info=&#8221;{}&#8221;][\/et_pb_button][et_pb_blurb title=&#8221;Facebook&#8221; url=&#8221;http:\/\/www.facebook.com\/prettechcanadavancouver&#8221; url_new_window=&#8221;on&#8221; use_icon=&#8221;on&#8221; font_icon=&#8221;%%314%%&#8221; icon_placement=&#8221;left&#8221; font_icon_tablet=&#8221;%%314%%&#8221; font_icon_phone=&#8221;%%314%%&#8221; image_icon_width_tablet=&#8221;101px&#8221; _builder_version=&#8221;4.19.5&#8243; header_text_color=&#8221;#b28965&#8243; header_line_height=&#8221;1.7em&#8221; vertical_offset_tablet=&#8221;0&#8243; horizontal_offset_tablet=&#8221;0&#8243; z_index_tablet=&#8221;0&#8243; header_text_shadow_horizontal_length_tablet=&#8221;0px&#8221; header_text_shadow_vertical_length_tablet=&#8221;0px&#8221; header_text_shadow_blur_strength_tablet=&#8221;1px&#8221; body_text_shadow_horizontal_length_tablet=&#8221;0px&#8221; body_text_shadow_vertical_length_tablet=&#8221;0px&#8221; body_text_shadow_blur_strength_tablet=&#8221;1px&#8221; body_link_text_shadow_horizontal_length_tablet=&#8221;0px&#8221; body_link_text_shadow_vertical_length_tablet=&#8221;0px&#8221; body_link_text_shadow_blur_strength_tablet=&#8221;1px&#8221; body_ul_text_shadow_horizontal_length_tablet=&#8221;0px&#8221; body_ul_text_shadow_vertical_length_tablet=&#8221;0px&#8221; body_ul_text_shadow_blur_strength_tablet=&#8221;1px&#8221; body_ol_text_shadow_horizontal_length_tablet=&#8221;0px&#8221; body_ol_text_shadow_vertical_length_tablet=&#8221;0px&#8221; body_ol_text_shadow_blur_strength_tablet=&#8221;1px&#8221; body_quote_text_shadow_horizontal_length_tablet=&#8221;0px&#8221; body_quote_text_shadow_vertical_length_tablet=&#8221;0px&#8221; body_quote_text_shadow_blur_strength_tablet=&#8221;1px&#8221; box_shadow_horizontal_tablet=&#8221;0px&#8221; box_shadow_vertical_tablet=&#8221;0px&#8221; box_shadow_blur_tablet=&#8221;40px&#8221; box_shadow_spread_tablet=&#8221;0px&#8221; box_shadow_horizontal_image_tablet=&#8221;0px&#8221; box_shadow_vertical_image_tablet=&#8221;0px&#8221; box_shadow_blur_image_tablet=&#8221;40px&#8221; box_shadow_spread_image_tablet=&#8221;0px&#8221; text_shadow_horizontal_length_tablet=&#8221;0px&#8221; text_shadow_vertical_length_tablet=&#8221;0px&#8221; text_shadow_blur_strength_tablet=&#8221;1px&#8221; global_colors_info=&#8221;{}&#8221;][\/et_pb_blurb][et_pb_blurb title=&#8221;Twitter&#8221; url=&#8221;https:\/\/twitter.com\/PrettechCanada&#8221; url_new_window=&#8221;on&#8221; use_icon=&#8221;on&#8221; font_icon=&#8221;%%315%%&#8221; icon_placement=&#8221;left&#8221; font_icon_tablet=&#8221;%%315%%&#8221; font_icon_phone=&#8221;%%315%%&#8221; image_icon_width_tablet=&#8221;101px&#8221; _builder_version=&#8221;4.19.5&#8243; header_text_color=&#8221;#b28965&#8243; header_line_height=&#8221;1.7em&#8221; vertical_offset_tablet=&#8221;0&#8243; horizontal_offset_tablet=&#8221;0&#8243; z_index_tablet=&#8221;0&#8243; header_text_shadow_horizontal_length_tablet=&#8221;0px&#8221; header_text_shadow_vertical_length_tablet=&#8221;0px&#8221; header_text_shadow_blur_strength_tablet=&#8221;1px&#8221; body_text_shadow_horizontal_length_tablet=&#8221;0px&#8221; body_text_shadow_vertical_length_tablet=&#8221;0px&#8221; body_text_shadow_blur_strength_tablet=&#8221;1px&#8221; body_link_text_shadow_horizontal_length_tablet=&#8221;0px&#8221; body_link_text_shadow_vertical_length_tablet=&#8221;0px&#8221; body_link_text_shadow_blur_strength_tablet=&#8221;1px&#8221; body_ul_text_shadow_horizontal_length_tablet=&#8221;0px&#8221; body_ul_text_shadow_vertical_length_tablet=&#8221;0px&#8221; body_ul_text_shadow_blur_strength_tablet=&#8221;1px&#8221; body_ol_text_shadow_horizontal_length_tablet=&#8221;0px&#8221; body_ol_text_shadow_vertical_length_tablet=&#8221;0px&#8221; body_ol_text_shadow_blur_strength_tablet=&#8221;1px&#8221; body_quote_text_shadow_horizontal_length_tablet=&#8221;0px&#8221; body_quote_text_shadow_vertical_length_tablet=&#8221;0px&#8221; body_quote_text_shadow_blur_strength_tablet=&#8221;1px&#8221; box_shadow_horizontal_tablet=&#8221;0px&#8221; box_shadow_vertical_tablet=&#8221;0px&#8221; box_shadow_blur_tablet=&#8221;40px&#8221; box_shadow_spread_tablet=&#8221;0px&#8221; box_shadow_horizontal_image_tablet=&#8221;0px&#8221; box_shadow_vertical_image_tablet=&#8221;0px&#8221; box_shadow_blur_image_tablet=&#8221;40px&#8221; box_shadow_spread_image_tablet=&#8221;0px&#8221; text_shadow_horizontal_length_tablet=&#8221;0px&#8221; text_shadow_vertical_length_tablet=&#8221;0px&#8221; text_shadow_blur_strength_tablet=&#8221;1px&#8221; global_colors_info=&#8221;{}&#8221;][\/et_pb_blurb][et_pb_blurb title=&#8221;Instagram&#8221; url=&#8221;https:\/\/www.instagram.com\/prettechcanada\/&#8221; url_new_window=&#8221;on&#8221; use_icon=&#8221;on&#8221; font_icon=&#8221;%%321%%&#8221; icon_placement=&#8221;left&#8221; font_icon_tablet=&#8221;%%321%%&#8221; font_icon_phone=&#8221;%%321%%&#8221; image_icon_width_tablet=&#8221;101px&#8221; _builder_version=&#8221;4.19.5&#8243; header_text_color=&#8221;#b28965&#8243; header_line_height=&#8221;1.7em&#8221; vertical_offset_tablet=&#8221;0&#8243; horizontal_offset_tablet=&#8221;0&#8243; z_index_tablet=&#8221;0&#8243; header_text_shadow_horizontal_length_tablet=&#8221;0px&#8221; header_text_shadow_vertical_length_tablet=&#8221;0px&#8221; header_text_shadow_blur_strength_tablet=&#8221;1px&#8221; body_text_shadow_horizontal_length_tablet=&#8221;0px&#8221; body_text_shadow_vertical_length_tablet=&#8221;0px&#8221; body_text_shadow_blur_strength_tablet=&#8221;1px&#8221; body_link_text_shadow_horizontal_length_tablet=&#8221;0px&#8221; body_link_text_shadow_vertical_length_tablet=&#8221;0px&#8221; body_link_text_shadow_blur_strength_tablet=&#8221;1px&#8221; body_ul_text_shadow_horizontal_length_tablet=&#8221;0px&#8221; body_ul_text_shadow_vertical_length_tablet=&#8221;0px&#8221; body_ul_text_shadow_blur_strength_tablet=&#8221;1px&#8221; body_ol_text_shadow_horizontal_length_tablet=&#8221;0px&#8221; body_ol_text_shadow_vertical_length_tablet=&#8221;0px&#8221; body_ol_text_shadow_blur_strength_tablet=&#8221;1px&#8221; body_quote_text_shadow_horizontal_length_tablet=&#8221;0px&#8221; body_quote_text_shadow_vertical_length_tablet=&#8221;0px&#8221; body_quote_text_shadow_blur_strength_tablet=&#8221;1px&#8221; box_shadow_horizontal_tablet=&#8221;0px&#8221; box_shadow_vertical_tablet=&#8221;0px&#8221; box_shadow_blur_tablet=&#8221;40px&#8221; box_shadow_spread_tablet=&#8221;0px&#8221; box_shadow_horizontal_image_tablet=&#8221;0px&#8221; box_shadow_vertical_image_tablet=&#8221;0px&#8221; box_shadow_blur_image_tablet=&#8221;40px&#8221; box_shadow_spread_image_tablet=&#8221;0px&#8221; text_shadow_horizontal_length_tablet=&#8221;0px&#8221; text_shadow_vertical_length_tablet=&#8221;0px&#8221; text_shadow_blur_strength_tablet=&#8221;1px&#8221; global_colors_info=&#8221;{}&#8221;][\/et_pb_blurb][et_pb_blurb title=&#8221;LinkedIn&#8221; url=&#8221;https:\/\/www.linkedin.com\/company\/prettech-canada\/&#8221; url_new_window=&#8221;on&#8221; use_icon=&#8221;on&#8221; font_icon=&#8221;%%324%%&#8221; icon_placement=&#8221;left&#8221; font_icon_tablet=&#8221;%%324%%&#8221; font_icon_phone=&#8221;%%324%%&#8221; image_icon_width_tablet=&#8221;101px&#8221; _builder_version=&#8221;4.19.5&#8243; header_text_color=&#8221;#b28965&#8243; header_line_height=&#8221;1.7em&#8221; vertical_offset_tablet=&#8221;0&#8243; horizontal_offset_tablet=&#8221;0&#8243; z_index_tablet=&#8221;0&#8243; header_text_shadow_horizontal_length_tablet=&#8221;0px&#8221; header_text_shadow_vertical_length_tablet=&#8221;0px&#8221; header_text_shadow_blur_strength_tablet=&#8221;1px&#8221; body_text_shadow_horizontal_length_tablet=&#8221;0px&#8221; body_text_shadow_vertical_length_tablet=&#8221;0px&#8221; body_text_shadow_blur_strength_tablet=&#8221;1px&#8221; body_link_text_shadow_horizontal_length_tablet=&#8221;0px&#8221; body_link_text_shadow_vertical_length_tablet=&#8221;0px&#8221; body_link_text_shadow_blur_strength_tablet=&#8221;1px&#8221; body_ul_text_shadow_horizontal_length_tablet=&#8221;0px&#8221; body_ul_text_shadow_vertical_length_tablet=&#8221;0px&#8221; body_ul_text_shadow_blur_strength_tablet=&#8221;1px&#8221; body_ol_text_shadow_horizontal_length_tablet=&#8221;0px&#8221; body_ol_text_shadow_vertical_length_tablet=&#8221;0px&#8221; body_ol_text_shadow_blur_strength_tablet=&#8221;1px&#8221; body_quote_text_shadow_horizontal_length_tablet=&#8221;0px&#8221; body_quote_text_shadow_vertical_length_tablet=&#8221;0px&#8221; body_quote_text_shadow_blur_strength_tablet=&#8221;1px&#8221; box_shadow_horizontal_tablet=&#8221;0px&#8221; box_shadow_vertical_tablet=&#8221;0px&#8221; box_shadow_blur_tablet=&#8221;40px&#8221; box_shadow_spread_tablet=&#8221;0px&#8221; box_shadow_horizontal_image_tablet=&#8221;0px&#8221; box_shadow_vertical_image_tablet=&#8221;0px&#8221; box_shadow_blur_image_tablet=&#8221;40px&#8221; box_shadow_spread_image_tablet=&#8221;0px&#8221; text_shadow_horizontal_length_tablet=&#8221;0px&#8221; text_shadow_vertical_length_tablet=&#8221;0px&#8221; text_shadow_blur_strength_tablet=&#8221;1px&#8221; global_colors_info=&#8221;{}&#8221;][\/et_pb_blurb][\/et_pb_column][et_pb_column type=&#8221;2_3&#8243; _builder_version=&#8221;4.16&#8243; _module_preset=&#8221;default&#8221; global_colors_info=&#8221;{}&#8221;][et_pb_code _builder_version=&#8221;4.19.4&#8243; _module_preset=&#8221;default&#8221; vertical_offset_tablet=&#8221;0&#8243; horizontal_offset_tablet=&#8221;0&#8243; z_index_tablet=&#8221;0&#8243; box_shadow_horizontal_tablet=&#8221;0px&#8221; box_shadow_vertical_tablet=&#8221;0px&#8221; box_shadow_blur_tablet=&#8221;40px&#8221; box_shadow_spread_tablet=&#8221;0px&#8221; global_colors_info=&#8221;{}&#8221;]<\/p>\n<div id=\"wufoo-s1eudtjg02sdcnq\"> Rellene mi <a href=\"https:\/\/collinwo.wufoo.com\/forms\/s1eudtjg02sdcnq\">formulario en l\u00ednea<\/a>. <\/div>\n<p> <script type=\"text\/javascript\"> var s1eudtjg02sdcnq; (function(d, t) { var s = d.createElement(t), options = { 'userName':'collinwo', 'formHash':'s1eudtjg02sdcnq', 'autoResize':true, 'height':'617', 'async':true, 'host':'wufoo.com', 'header':'show', 'ssl':true }; s.src = ('https:' == d.location.protocol ?'https:\/\/':'http:\/\/') + 'secure.wufoo.com\/scripts\/embed\/form.js'; s.onload = s.onreadystatechange = function() { var rs = this.readyState; if (rs) if (rs != 'complete') if (rs != 'loaded') return; try { s1eudtjg02sdcnq = new WufooForm(); s1eudtjg02sdcnq.initialize(options); s1eudtjg02sdcnq.display(); } catch (e) { } }; var scr = d.getElementsByTagName(t)[0], par = scr.parentNode; par.insertBefore(s, scr); })(document, 'script'); <\/script>[\/et_pb_code][\/et_pb_column][\/et_pb_row][\/et_pb_section]<\/p>","protected":false},"excerpt":{"rendered":"<p>La pasteurizaci\u00f3n es un proceso utilizado para hacer m\u00e1s seguras las bebidas reduciendo o eliminando microorganismos nocivos, como bacterias, levaduras y mohos, que pueden causar deterioro o enfermedades. El proceso consiste en calentar el recipiente que contendr\u00e1 la bebida a una temperatura espec\u00edfica durante un tiempo determinado y, a continuaci\u00f3n, enfriarlo r\u00e1pidamente para evitar cambios significativos [...].<\/p>","protected":false},"author":2,"featured_media":0,"parent":0,"menu_order":0,"comment_status":"closed","ping_status":"closed","template":"","meta":{"_et_pb_use_builder":"on","_et_pb_old_content":"","_et_gb_content_width":"","_monsterinsights_skip_tracking":false,"_monsterinsights_sitenote_active":false,"_monsterinsights_sitenote_note":"","_monsterinsights_sitenote_category":0,"footnotes":""},"class_list":["post-951","page","type-page","status-publish","hentry"],"aioseo_notices":[],"_links":{"self":[{"href":"https:\/\/prettechcanada.com\/es\/wp-json\/wp\/v2\/pages\/951","targetHints":{"allow":["GET"]}}],"collection":[{"href":"https:\/\/prettechcanada.com\/es\/wp-json\/wp\/v2\/pages"}],"about":[{"href":"https:\/\/prettechcanada.com\/es\/wp-json\/wp\/v2\/types\/page"}],"author":[{"embeddable":true,"href":"https:\/\/prettechcanada.com\/es\/wp-json\/wp\/v2\/users\/2"}],"replies":[{"embeddable":true,"href":"https:\/\/prettechcanada.com\/es\/wp-json\/wp\/v2\/comments?post=951"}],"version-history":[{"count":4,"href":"https:\/\/prettechcanada.com\/es\/wp-json\/wp\/v2\/pages\/951\/revisions"}],"predecessor-version":[{"id":998,"href":"https:\/\/prettechcanada.com\/es\/wp-json\/wp\/v2\/pages\/951\/revisions\/998"}],"wp:attachment":[{"href":"https:\/\/prettechcanada.com\/es\/wp-json\/wp\/v2\/media?parent=951"}],"curies":[{"name":"wp","href":"https:\/\/api.w.org\/{rel}","templated":true}]}}