{"id":11,"date":"2021-01-05T18:28:49","date_gmt":"2021-01-05T18:28:49","guid":{"rendered":"https:\/\/prettechcanada.com\/?page_id=11"},"modified":"2022-09-19T21:16:10","modified_gmt":"2022-09-19T21:16:10","slug":"chiller-heat-exchanger","status":"publish","type":"page","link":"https:\/\/prettechcanada.com\/fr\/chiller-heat-exchanger\/","title":{"rendered":"Refroidisseurs et \u00e9changeurs de chaleur"},"content":{"rendered":"<p>[et_pb_section fb_built=\"1\u2033 _builder_version=\"4.16\u2033 _module_preset=\"default\" use_background_color_gradient=\"on\" background_color_gradient_stops=\"rgba(0,0,0,0,0.45) 0%|rgba(0,0,0,0,0.5) 100%\" background_color_gradient_overlays_image=\"on\" background_color_gradient_start=\"rgba(0,0,0,0,0.45)\" background_color_gradient_end=\"rgba(0,0,0,0,0.5)\" background_image=\"https:\/\/prettechcanada.com\/wp-content\/uploads\/2021\/01\/beer-drinking.jpg\" min_height=\"531px\" custom_padding=\"157px||123px||\" global_colors_info=\"{}\"][et_pb_row _builder_version=\"4.16\u2033 _module_preset=\"default\" global_colors_info=\"{}\"][et_pb_column type=\"4_4\u2033 _builder_version=\"4.16\u2033 _module_preset=\"default\" global_colors_info=\"{}\"][et_pb_cta title=\"CHILLERS &amp; HEAT EXCHANGERS\" button_url=\"tel:604-783-6003\u2033 _builder_version=\"4.18.0\u2033 _module_preset=\"default\" header_font=\"|700|||||||\" header_font_size=\"53px\" body_font_size=\"24px\" background_color=\"rgba(0,0,0,0)\" custom_button=\"on\" button_bg_color=\"#e02b20\u2033 button_border_radius=\"0px\" button_font=\"|600|||||||\" hover_enabled=\"0\u2033 header_font_size_tablet=\"\" header_font_size_phone=\"31px\" header_font_size_last_edited=\"on|desktop\" global_colors_info=\"{}\" header_level=\"h1\u2033 sticky_enabled=\"0\u2033][\/et_pb_cta][\/et_pb_column][\/et_pb_row][\/et_pb_section][et_pb_section fb_built=\"1\u2033 _builder_version=\"4.16\u2033 _module_preset=\"default\" custom_padding=\"109px||99px|||\" global_colors_info=\"{}\"][et_pb_row _builder_version=\"4.16\u2033 _module_preset=\"default\" global_colors_info=\"{}\"][et_pb_column type=\"4_4\u2033 _builder_version=\"4.16\u2033 _module_preset=\"default\" global_colors_info=\"{}\"][et_pb_text _builder_version=\"4.16\u2033 _module_preset=\"default\" global_colors_info=\"{}\"]<\/p>\n<h3 style=\"text-align: center;\">LA FERMENTATION SAINE D\u00c9PEND DE FACTEURS DE REFROIDISSEMENT.<\/h3>\n<h3 style=\"text-align: center;\">LA CL\u00c9 #1 POUR OBTENIR UNE SAVEUR EXCEPTIONNELLE DANS VOTRE \"BI\u00c8RE ARTISANALE\" EST LA TEMP\u00c9RATURE.<\/h3>\n<p>[\/et_pb_text][\/et_pb_column][\/et_pb_row][\/et_pb_section][et_pb_section fb_built=\"1\u2033 _builder_version=\"4.16\u2033 _module_preset=\"default\" background_color=\"rgba(0,0,0,0,0.04)\" global_colors_info=\"{}\"][et_pb_row column_structure=\"3_5,2_5\u2033 _builder_version=\"4.16\u2033 _module_preset=\"default\" global_colors_info=\"{}\"][et_pb_column type=\"3_5\u2033 _builder_version=\"4.16\u2033 _module_preset=\"default\" global_colors_info=\"{}\"][et_pb_text _builder_version=\"4.16\u2033 _module_preset=\"default\" global_colors_info=\"{}\"]<\/p>\n<h3>TEMPERATURE<\/h3>\n<p>La temp\u00e9rature de fermentation correcte d\u00e9pend de la souche de levure. Les souches de levure Ale fermentent g\u00e9n\u00e9ralement \u00e0 60-72\u00b0 F, tandis que les Lagers fermentent g\u00e9n\u00e9ralement \u00e0 45-60\u00b0 F. Plus la temp\u00e9rature augmente, plus la production d'ar\u00f4mes ind\u00e9sirables a tendance \u00e0 augmenter. La fermentation \u00e0 des temp\u00e9ratures inf\u00e9rieures \u00e0 celles recommand\u00e9es peut entra\u00eener un blocage de la fermentation. De m\u00eame, les fluctuations de temp\u00e9rature stressent la levure, ce qui entra\u00eene une augmentation des ar\u00f4mes ind\u00e9sirables ou des arr\u00eats de fermentation.<\/p>\n<p>Le processus de fermentation saine cr\u00e9e de la chaleur, d'o\u00f9 l'utilisation de jauges de temp\u00e9rature PT100 dans le puits thermique d'une cuve de fermentation. La temp\u00e9rature est r\u00e9gul\u00e9e par un refroidisseur, ce qui garantit un brassage savoureux sans sous-produits prot\u00e9iques r\u00e9sultant d'une surchauffe de l'\u00e9cluse de fermentation.<\/p>\n<p>L'oxyg\u00e8ne, la vitesse d'ensemencement et la temp\u00e9rature sont les facteurs les plus importants qui influencent le succ\u00e8s de la fermentation, mais ils ne sont certainement pas les seuls.<\/p>\n<p>&nbsp;<\/p>\n<h3>OXYG\u00c8NE<\/h3>\n<p>8 \u00e0 12 ppm d'O2 dissous sont n\u00e9cessaires pour une fermentation saine de la bi\u00e8re Ale. Les fermentations de type Lager n\u00e9cessitent jusqu'\u00e0 15 ppm. \u00c0 la pression atmosph\u00e9rique, environ 8 ppm est le niveau maximum d'O2 que l'on peut atteindre dans un mo\u00fbt normal en agitant un fermenteur. La diffusion d'air comprim\u00e9 \u00e0 travers une pierre fritt\u00e9e permet d'atteindre des niveaux plus \u00e9lev\u00e9s, et l'O2 pur pouss\u00e9 \u00e0 travers une pierre fritt\u00e9e est encore meilleur. L'a\u00e9ration \u00e0 tout moment apr\u00e8s le d\u00e9but de la fermentation n'est g\u00e9n\u00e9ralement pas souhaitable.<\/p>\n<p>&nbsp;<\/p>\n<h3>TAUX DE LANCERS<\/h3>\n<p>Les fermentations de type Ale n\u00e9cessitent environ 10 millions de cellules\/ml, les lagers 15 millions de cellules\/ml, pour un mo\u00fbt de force normale, bien que les exigences en mati\u00e8re de taux de fermentation augmentent avec la gravit\u00e9. Dans un lot de 5 gallons, l'utilisation d'un \"pitchable tube\" ou d'un \"smack pack\" garantit pratiquement \u00e0 elle seule que vous ne ferez pas assez d'ensemencement. Pr\u00e9parez un starter pour augmenter le nombre de cellules avant de lancer la bi\u00e8re. Pour obtenir des informations d\u00e9taill\u00e9es sur la fabrication de starters, consultez le site www.mrmalty.com.<\/p>\n<p>La meilleure fa\u00e7on de prot\u00e9ger votre levure est de l'amener \u00e0 temp\u00e9rature avec un \u00e9changeur de chaleur.<\/p>\n<p>&nbsp;<\/p>\n<p>[\/et_pb_text][\/et_pb_column][et_pb_column type=\"2_5\u2033 _builder_version=\"4.16\u2033 _module_preset=\"default\" global_colors_info=\"{}\"][et_pb_image src=\"https:\/\/prettechcanada.com\/wp-content\/uploads\/2021\/01\/Chiller-Photo.jpg\" title_text=\"Chiller-Photo\" _builder_version=\"4.16\u2033 _module_preset=\"default\" global_colors_info=\"{}\"][\/et_pb_image][\/et_pb_column][\/et_pb_row][\/et_pb_section][et_pb_section fb_built=\"1\u2033 _builder_version=\"4.16\u2033 _module_preset=\"default\" use_background_color_gradient=\"on\" background_color_gradient_stops=\"#140a02 0%|rgba(0,0,0,0,0.13) 100%\" background_color_gradient_overlays_image=\"on\" background_color_gradient_start=\"#140a02\u2033 background_color_gradient_end=\"rgba(0,0,0,0,0.13)\" background_image=\"https:\/\/prettechcanada.com\/wp-content\/uploads\/2021\/03\/tank-collage.jpg\" custom_padding=\"72px||52px|||\" global_colors_info=\"{}\"][et_pb_row _builder_version=\"4.16\u2033 _module_preset=\"default\" global_colors_info=\"{}\"][et_pb_column type=\"4_4\u2033 _builder_version=\"4.16\u2033 _module_preset=\"default\" global_colors_info=\"{}\"][et_pb_cta title=\"Vous voulez en savoir plus ?\" button_text=\"Cliquez ici\" _builder_version=\"4.16\u2033 _module_preset=\"default\" header_font_size=\"30px\" body_font_size=\"18px\" background_color=\"rgba(0,0,0,0)\" global_colors_info=\"{}\"]<\/p>\n<p>Il vous suffit de nous contacter et nous vous r\u00e9pondrons dans les plus brefs d\u00e9lais.<\/p>\n<p>[\/et_pb_cta][\/et_pb_column][\/et_pb_row][\/et_pb_section][et_pb_section fb_built=\"1\u2033 _builder_version=\"4.7.7\u2033 _module_preset=\"default\" background_color=\"#000000\u2033 background_enable_image=\"off\" global_module=\"84\u2033 saved_tabs=\"all\" global_colors_info=\"{}\"][et_pb_row column_structure=\"1_3,2_3\u2033 _builder_version=\"4.16\u2033 _module_preset=\"default\" global_colors_info=\"{}\"][et_pb_column type=\"1_3\u2033 _builder_version=\"4.16\u2033 _module_preset=\"default\" global_colors_info=\"{}\"][et_pb_text _builder_version=\"4.16\u2033 _module_preset=\"default\" text_font_size=\"17px\" header_2_text_color=\"#5bcc22\u2033 global_colors_info=\"{}\"]<\/p>\n<h2>Nous contacter<\/h2>\n<p><span style=\"color: #ffffff;\"><\/span><\/p>\n<p><span style=\"color: #ffffff;\"><strong>T\u00e9l : <span style=\"color: #ffffff;\"><a href=\"tel:604.783.6003\" style=\"color: #ffffff;\">604-783-6003<\/a><\/span><br \/>Fax : 778-371-3401<\/strong><\/span><br \/><span style=\"color: #ffffff;\"> <strong> <a href=\"mailto:mike@prettechcanada.com\" style=\"color: #ffffff;\">mike@prettechcanada.com<\/a><\/strong><\/span><\/p>\n<p>[\/et_pb_text][et_pb_button button_url=\"https:\/\/cal.services\/havenplex\/My-Meeting\/dv24IfOAV\" button_text=\"R\u00e9servez du temps avec un ing\u00e9nieur\" _builder_version=\"4.16\u2033 _module_preset=\"default\" custom_button=\"on\" button_text_size=\"15px\" button_text_color=\"#ffff\" button_bg_color=\"#20af1d\" button_icon=\"\ue025||divi||400\u2033 global_colors_info=\"{}\"][\/et_pb_button][et_pb_social_media_follow _builder_version=\"4.16\u2033 _module_preset=\"default\" global_colors_info=\"{}\"][et_pb_social_media_follow_network social_network=\"facebook\" url=\"https:\/\/www.facebook.com\/prettechcanadavancouver\/\" _builder_version=\"4.16\u2033 _module_preset=\"default\" background_color=\"#3b5998\u2033 global_colors_info=\"{}\" follow_button=\"off\" url_new_window=\"on\"]facebook[\/et_pb_social_media_follow_network][et_pb_social_media_follow_network social_network=\"twitter\" url=\"https:\/\/twitter.com\/prettech_canada\" _builder_version=\"4.16\u2033 _module_preset=\"default\" background_color=\"#00aced\" global_colors_info=\"{}\" follow_button=\"off\" url_new_window=\"on\"]twitter[\/et_pb_social_media_follow_network][et_pb_social_media_follow_network social_network=\"instagram\" url=\"https:\/\/www.instagram.com\/prettechcanada\/\" _builder_version=\"4.16\u2033 _module_preset=\"default\" background_color=\"#ea2c59\u2033 global_colors_info=\"{}\" follow_button=\"off\" url_new_window=\"on\"]instagram[\/et_pb_social_media_follow_network][\/et_pb_social_media_follow][\/et_pb_column][et_pb_column type=\"2_3\u2033 _builder_version=\"4.16\u2033 _module_preset=\"default\" global_colors_info=\"{}\"][et_pb_contact_form use_spam_service=\"on\" recaptcha_list=\"Prettech|Prettech-0\u2033 email=\"havenplex@gmail.com\" title=\"Message Prettech Canada\" custom_message=\"%%name%%||et_pb_line_break_holder||%%email%%||et_pb_line_break_holder|%%phone%%||et_pb_line_break_holder||%%company%%||et_pb_line_break_holder|||%%message%%\" success_message=\"Merci pour votre message.\"module_id=\"contactForm\" _builder_version=\"4.18.0\u2033 _module_preset=\u201ddefault\u201d _unique_id=\u201d1f8b8ac7-48bb-4152-a22c-7bf313178c2a\" title_level=\"h4\u2033 title_font=\"||||||||\" title_text_color=\"#5bcc22\u2033 title_font_size=\"24px\" captcha_text_color=\"#ffffff\" custom_button=\"on\" button_text_color=\"#FFFFFF\" button_bg_color=\"#5bcc22\u2033 button_border_color=\"RGBA(0,0,0,0)\" global_colors_info=\"{}\"][et_pb_contact_field field_id=\"Nom\" field_title=\"Nom\" _builder_version=\"4.16\u2033 global_colors_info=\"{}\" button_text_size__hover_enabled=\"off\" button_one_text_size__hover_enabled=\"off\" button_two_text_size__hover_enabled=\"off\" button_text_color__hover_enabled=\"off\" button_one_text_color__hover_enabled=\"off\" button_two_text_color__hover_enabled=\"off\" button_border_width__hover_enabled=\"off\" button_one_border_width__hover_enabled=\"off\" button_two_border_width__hover_enabled=\"off\" button_border_color__hover_enabled=\"off\" button_one_border_color__hover_enabled=\"off\" button_two_border_color__hover_enabled=\"off\" button_border_radius__hover_enabled=\"off\" button_one_border_radius__hover_enabled=\"off\" button_two_border_radius__hover_enabled=\"off\" button_letter_spacing__hover_enabled=\"off\" button_one_letter_spacing__hover_enabled=\"off\" button_two_letter_spacing__hover_enabled=\"off\" button_bg_color__hover_enabled=\"off\" button_one_bg_color__hover_enabled=\"off\" button_two_bg_color__hover_enabled=\"off\"][\/et_pb_contact_field][et_pb_contact_field field_id=\"Email\" field_title=\"Email\" field_type=\"email\" _builder_version=\"4.16\u2033 global_colors_info=\"{}\" button_text_size__hover_enabled=\"off\" button_one_text_size__hover_enabled=\"off\" button_two_text_size__hover_enabled=\"off\" button_text_color__hover_enabled=\"off\" button_one_text_color__hover_enabled=\"off\" button_two_text_color__hover_enabled=\"off\" button_border_width__hover_enabled=\"off\" button_one_border_width__hover_enabled=\"off\" button_two_border_width__hover_enabled=\"off\" button_border_color__hover_enabled=\"off\" button_one_border_color__hover_enabled=\"off\" button_one_border_color__hover_enabled=\"off\" button_two_border_color__hover_enabled=\"off\" button_border_radius__hover_enabled=\"off\" button_one_border_radius__hover_enabled=\"off\" button_two_border_radius__hover_enabled=\"off\" button_letter_spacing__hover_enabled=\"off\" button_one_letter_spacing__hover_enabled=\"off\" button_two_letter_spacing__hover_enabled=\"off\" button_bg_color__hover_enabled=\"off\" button_one_bg_color__hover_enabled=\"off\" button_two_bg_color__hover_enabled=\"off\"][\/et_pb_contact_field][et_pb_contact_field field_id=\"Phone\" field_title=\"Phone\" _builder_version=\"4.16\u2033 global_colors_info=\"{}\" button_text_size__hover_enabled=\"off\" button_one_text_size__hover_enabled=\"off\" button_two_text_size__hover_enabled=\"off\" button_text_color__hover_enabled=\"off\" button_one_text_color__hover_enabled=\"off\" button_two_text_color__hover_enabled=\"off\" button_border_width__hover_enabled=\"off\" button_one_border_width__hover_enabled=\"off\" button_two_border_width__hover_enabled=\"off\" button_border_color__hover_enabled=\"off\" button_one_border_color__hover_enabled=\"off\" button_one_border_color__hover_enabled=\"off\" button_two_border_color__hover_enabled=\"off\" button_border_radius__hover_enabled=\"off\" button_one_border_radius__hover_enabled=\"off\" button_two_border_radius__hover_enabled=\"off\" button_letter_spacing__hover_enabled=\"off\" button_one_letter_spacing__hover_enabled=\"off\" button_two_letter_spacing__hover_enabled=\"off\" button_bg_color__hover_enabled=\"off\" button_one_bg_color__hover_enabled=\"off\" button_two_bg_color__hover_enabled=\"off\"][\/et_pb_contact_field][et_pb_contact_field field_id=\"Entreprise\" field_title=\"Entreprise\" _builder_version=\"4.16\u2033 global_colors_info=\"{}\" button_text_size__hover_enabled=\"off\" button_one_text_size__hover_enabled=\"off\" button_two_text_size__hover_enabled=\"off\" button_text_color__hover_enabled=\"off\" button_one_text_color__hover_enabled=\"off\" button_two_text_color__hover_enabled=\"off\" button_border_width__hover_enabled=\"off\" button_one_border_width__hover_enabled=\"off\" button_two_border_width__hover_enabled=\"off\" button_border_color__hover_enabled=\"off\" button_one_border_color__hover_enabled=\"off\" button_two_border_color__hover_enabled=\"off\" button_border_radius__hover_enabled=\"off\" button_one_border_radius__hover_enabled=\"off\" button_two_border_radius__hover_enabled=\"off\" button_letter_spacing__hover_enabled=\"off\" button_one_letter_spacing__hover_enabled=\"off\" button_two_letter_spacing__hover_enabled=\"off\" button_bg_color__hover_enabled=\"off\" button_one_bg_color__hover_enabled=\"off\" button_two_bg_color__hover_enabled=\"off\"][\/et_pb_contact_field][et_pb_contact_field field_id=\"Message\" field_title=\"Message\" field_type=\"text\" fullwidth_field=\"on\" _builder_version=\"4.16\u2033 global_colors_info=\"{}\" button_text_size__hover_enabled=\"off\" button_one_text_size__hover_enabled=\"off\" button_two_text_size__hover_enabled=\"off\" button_text_color__hover_enabled=\"off\" button_one_text_color__hover_enabled=\"off\" button_two_text_color__hover_enabled=\"off\" button_border_width__hover_enabled=\"off\" button_one_border_width__hover_enabled=\"off\" button_two_border_width__hover_enabled=\"off\" button_border_color__hover_enabled=\"off\" button_one_border_color__hover_enabled=\"off\" button_one_border_color__hover_enabled=\"off\" button_two_border_color__hover_enabled=\"off\" button_border_radius__hover_enabled=\"off\" button_one_border_radius__hover_enabled=\"off\" button_two_border_radius__hover_enabled=\"off\" button_letter_spacing__hover_enabled=\"off\" button_one_letter_spacing__hover_enabled=\"off\" button_two_letter_spacing__hover_enabled=\"off\" button_bg_color__hover_enabled=\"off\" button_one_bg_color__hover_enabled=\"off\" button_two_bg_color__hover_enabled=\"off\"][\/et_pb_contact_field][\/et_pb_contact_form][et_pb_text _builder_version=\"4.16\u2033 _module_preset=\"default\" text_font_size=\"11px\" global_colors_info=\"{}\"]<\/p>\n<div class=\"\">\n<div><span style=\"color: #ffffff;\"><span class=\"enlighter-text\"><span style=\"color: #999999;\">Ce site est prot\u00e9g\u00e9 par reCAPTCHA et la technologie Google<\/span>\u00a0<\/span><span class=\"enlighter-g1\"><\/span><span style=\"color: #999999;\"><a href=\"https:\/\/policies.google.com\/privacy\" target=\"_blank\" rel=\"noopener noreferrer\" style=\"color: #999999;\"><span class=\"enlighter-text\">Politique de confidentialit\u00e9<\/span><\/a><\/span><span class=\"enlighter-text\"><span style=\"color: #ff0000;\">\u00a0<\/span><span style=\"color: #999999;\">et<\/span><span style=\"color: #ff0000;\">\u00a0<\/span><\/span><span class=\"enlighter-text\"><span style=\"color: #999999;\"><a href=\"https:\/\/policies.google.com\/terms\" target=\"_blank\" rel=\"noopener noreferrer\" style=\"color: #999999;\">Conditions d'utilisation<\/a><\/span>\u00a0<\/span><span class=\"enlighter-text\" style=\"color: #999999;\">s'appliquer.<\/span><\/span><\/div>\n<\/div>\n<p>[\/et_pb_text][\/et_pb_column][\/et_pb_row][\/et_pb_section]<\/p>","protected":false},"excerpt":{"rendered":"<p>UNE FERMENTATION SAINE D\u00c9PEND DE FACTEURS DE REFROIDISSEMENT. LA CL\u00c9 #1 POUR UNE SAVEUR EXCEPTIONNELLE DANS VOTRE BIERE ARTISANALE EST LA TEMP\u00c9RATURE.TEMP\u00c9RATURE La temp\u00e9rature de fermentation correcte d\u00e9pend de la souche de levure. Les souches de levure Ale fermentent g\u00e9n\u00e9ralement \u00e0 60-72\u00b0 F, tandis que les Lagers fermentent g\u00e9n\u00e9ralement \u00e0 45-60\u00b0 F. Au fur et \u00e0 mesure que la temp\u00e9rature augmente, la production d'ar\u00f4mes ind\u00e9sirables a tendance \u00e0 augmenter. La fermentation \u00e0 des temp\u00e9ratures inf\u00e9rieures \u00e0 celles recommand\u00e9es peut [...]<\/p>","protected":false},"author":1,"featured_media":0,"parent":0,"menu_order":0,"comment_status":"closed","ping_status":"closed","template":"","meta":{"_et_pb_use_builder":"on","_et_pb_old_content":"<!-- wp:divi\/placeholder \/-->","_et_gb_content_width":"","_monsterinsights_skip_tracking":false,"_monsterinsights_sitenote_active":false,"_monsterinsights_sitenote_note":"","_monsterinsights_sitenote_category":0,"footnotes":""},"class_list":["post-11","page","type-page","status-publish","hentry"],"aioseo_notices":[],"_links":{"self":[{"href":"https:\/\/prettechcanada.com\/fr\/wp-json\/wp\/v2\/pages\/11","targetHints":{"allow":["GET"]}}],"collection":[{"href":"https:\/\/prettechcanada.com\/fr\/wp-json\/wp\/v2\/pages"}],"about":[{"href":"https:\/\/prettechcanada.com\/fr\/wp-json\/wp\/v2\/types\/page"}],"author":[{"embeddable":true,"href":"https:\/\/prettechcanada.com\/fr\/wp-json\/wp\/v2\/users\/1"}],"replies":[{"embeddable":true,"href":"https:\/\/prettechcanada.com\/fr\/wp-json\/wp\/v2\/comments?post=11"}],"version-history":[{"count":2,"href":"https:\/\/prettechcanada.com\/fr\/wp-json\/wp\/v2\/pages\/11\/revisions"}],"predecessor-version":[{"id":550,"href":"https:\/\/prettechcanada.com\/fr\/wp-json\/wp\/v2\/pages\/11\/revisions\/550"}],"wp:attachment":[{"href":"https:\/\/prettechcanada.com\/fr\/wp-json\/wp\/v2\/media?parent=11"}],"curies":[{"name":"wp","href":"https:\/\/api.w.org\/{rel}","templated":true}]}}