{"id":145,"date":"2021-01-05T23:32:30","date_gmt":"2021-01-05T23:32:30","guid":{"rendered":"https:\/\/prettechcanada.com\/?page_id=145"},"modified":"2024-10-07T21:53:50","modified_gmt":"2024-10-07T21:53:50","slug":"variable-capacity-fermenters","status":"publish","type":"page","link":"https:\/\/prettechcanada.com\/fr\/variable-capacity-fermenters\/","title":{"rendered":"Fermenteurs \u00e0 capacit\u00e9 variable"},"content":{"rendered":"<p>[et_pb_section fb_built=\"1\u2033 _builder_version=\"4.16\u2033 _module_preset=\"default\" use_background_color_gradient=\"on\" background_color_gradient_stops=\"rgba(0,0,0,0,0.45) 0%|rgba(0,0,0,0,0.5) 100%\" background_color_gradient_overlays_image=\"on\" background_color_gradient_start=\"rgba(0,0,0,0,0.45)\" background_color_gradient_end=\"rgba(0,0,0,0,0.5)\" background_image=\"https:\/\/prettechcanada.com\/wp-content\/uploads\/2021\/01\/variable-tank.jpg\" min_height=\"531px\" custom_padding=\"157px||123px||\" global_colors_info=\"{}\"][et_pb_row _builder_version=\"4.16\u2033 _module_preset=\"default\" global_colors_info=\"{}\"][et_pb_column type=\"4_4\u2033 _builder_version=\"4.16\u2033 _module_preset=\"default\" global_colors_info=\"{}\"][et_pb_cta title=\"VARIABLE CAPACITY FERMENTER\" button_url=\"tel:604-783-6003\u2033 _builder_version=\"4.18.0\u2033 _module_preset=\"default\" header_level=\"h1\u2033 header_font=\"|700|||||||\" header_font_size=\"46px\" body_font_size=\"24px\" background_color=\"rgba(0,0,0,0)\" custom_button=\"on\" button_bg_color=\"#e02b20\u2033 button_border_radius=\"0px\" button_font=\"|600|||||||\" header_font_size_tablet=\"\" header_font_size_phone=\"34px\" header_font_size_last_edited=\"on|desktop\" global_colors_info=\"{}\"][\/et_pb_cta][\/et_pb_column][\/et_pb_row][\/et_pb_section][et_pb_section fb_built=\"1\u2033 _builder_version=\"4.16\u2033 _module_preset=\"default\" custom_padding=\"109px||51px|||\" global_colors_info=\"{}\"][et_pb_row column_structure=\"1_2,1_2\u2033 _builder_version=\"4.27.2\u2033 _module_preset=\"default\" global_colorsinfo=\"{}\"][et_pb_column type=\"1_2\u2033 _builder_version=\"4.27.2\u2033 _module_preset=\"default\" global_colors_info=\"{}\"][et_pb_text _builder_version=\"4.27.2\u2033 _module_preset=\"default\" hover_enabled=\"0\u2033 global_colors_info=\"{}\" sticky_enabled=\"0\u2033]<\/p>\n<h3>R\u00e9servoir de fermentation du vin (WFT)<br \/><em>Con\u00e7u pour l'excellence dans la vinification commerciale<\/em><\/h3>\n<p>Notre cuve de fermentation du vin (WFT) de premi\u00e8re qualit\u00e9 est con\u00e7ue pour apporter pr\u00e9cision et qualit\u00e9 \u00e0 votre processus de vinification. Fabriqu\u00e9e selon les normes les plus strictes, avec les mesures sanitaires les plus strictes \u00e0 l'esprit.. :<\/p>\n<p><b>- Coquille cylindrique et sommet\/ fond conique<\/b> pour une fermentation efficace<br \/><b>- 4 pieds r\u00e9glables<\/b> pour une stabilit\u00e9 sur toute surface<br \/><b>- Trous d'homme ronds et ovales<\/b> pour un acc\u00e8s facile<br \/><b>- Veste de refroidissement \u00e0 excroissances<\/b> pour maintenir des temp\u00e9ratures optimales<br \/><b>- Sortie de vidange avec coude<\/b> pour un transfert de liquide en douceur<br \/><b>- Thermom\u00e8tre et valve respiratoire<\/b> pour la surveillance et la s\u00e9curit\u00e9<br \/><b>- Vanne d'\u00e9chantillonnage et jauge de niveau<\/b> pour faciliter les contr\u00f4les de qualit\u00e9<br \/><b>- Syst\u00e8me CIP<\/b> pour un nettoyage en profondeur<br \/><b>- Vanne papillon et triples clapets<\/b> pour des connexions s\u00fbres<\/p>\n<p>&nbsp;<\/p>\n<h4>Faites passer votre cave au niveau sup\u00e9rieur avec un \u00e9quipement qui favorise la qualit\u00e9 et l'efficacit\u00e9 !<\/h4>\n<p>[\/et_pb_text][\/et_pb_column][et_pb_column type=\"1_2\u2033 _builder_version=\"4.27.2\u2033 _module_preset=\"default\" global_colors_info=\"{}\"][et_pb_video src=\"https:\/\/prettechcanada.com\/wp-content\/uploads\/2024\/10\/wintetank.mp4\u2033 image_src=\"https:\/\/prettechcanada.com\/wp-content\/uploads\/2024\/10\/winethumbnail.jpg\" _builder_version=\"4.27.0\u2033 _module_preset=\"default\" width=\"75%\" global_colors_info=\"{}\"][\/et_pb_video][\/et_pb_column][\/et_pb_row][et_pb_row column_structure=\"1_2,1_2\u2033 _builder_version=\"4.16\u2033 _module_preset=\"default\" custom_padding=\"||22px||\" global_colors_info=\"{}\"][et_pb_column type=\"1_2\u2033 _builder_version=\"4.16\u2033 _module_preset=\"default\" global_colors_info=\"{}\"][et_pb_image src=\"https:\/\/prettechcanada.com\/wp-content\/uploads\/2021\/01\/IMG_4418-731\u00d71024-1.jpg\" title_text=\"IMG_4418-731\u00d71024\u2033 align=\"center\" _builder_version=\"4.27.2\u2033 _module_preset=\"default\" width=\"100%\" width_tablet=\"75%\" width_last_edited=\"on|desktop\" global_colors_info=\"{}\"][\/et_pb_image][\/et_pb_column][et_pb_column type=\"1_2\u2033 _builder_version=\"4.16\u2033 _module_preset=\"default\" global_colors_info=\"{}\"][et_pb_text _builder_version=\"4.16\u2033 _module_preset=\"default\" global_colors_info=\"{}\"]<\/p>\n<h3>FERMENTEURS \u00c0 CAPACIT\u00c9 VARIABLE VS. FERMENTATION \u00c0 TOIT OUVERT<\/h3>\n<p>Ne vous y trompez pas, les vignerons du 21e si\u00e8cle sont des artistes, cet ancien m\u00e9tier a adopt\u00e9 ses techniques de l'ancienne \u00e9cole par le biais de l'internet. Les apprenants de haut niveau sont tout \u00e0 fait capables de travailler avec des viticulteurs de la vieille \u00e9cole ayant re\u00e7u une formation formelle, dans le cadre de collaborations \u00e9tonnantes dans l'art ancestral de la vinification.<\/p>\n<h4><\/h4>\n<p>[\/et_pb_text][et_pb_text _builder_version=\"4.16\u2033 _module_preset=\"default\" global_colors_info=\"{}\"]<\/p>\n<h3>POURQUOI DES CUVES DE FERMENTATION VCT OU CLOSES ?<\/h3>\n<p>Comme vous pouvez l'imaginer, le risque d'absorber trop d'oxyg\u00e8ne ou de micro-organismes de d\u00e9t\u00e9rioration est plus \u00e9lev\u00e9 lorsque votre vin n'est pas prot\u00e9g\u00e9 par un couvercle et un sas. D'o\u00f9 la polyvalence d'un fermenteur \u00e0 capacit\u00e9 variable.<\/p>\n<h4><\/h4>\n<p>[\/et_pb_text][et_pb_text _builder_version=\"4.27.2\u2033 _module_preset=\"default\" global_colors_info=\"{}\"]<\/p>\n<ul>\n<li>Mat\u00e9riau : SS304<\/li>\n<li>Finition : les finitions externe et interne sont polies, la rugosit\u00e9 est inf\u00e9rieure \u00e0 0,6 mm.<\/li>\n<li>100% Soud\u00e9 TIG, soudures mises \u00e0 la terre, surface passiv\u00e9e<\/li>\n<li>Grue de couvercle<\/li>\n<li>Fond plat 3%<\/li>\n<li>4 pieds de support avec pieds r\u00e9glables<\/li>\n<li>Chemise de refroidissement \u00e0 fossettes 466 mm de haut, 1,5 mm d'\u00e9paisseur<\/li>\n<li>Entr\u00e9e et sortie du glycol NPT 1\"<\/li>\n<li>Couvercle flottant avec syst\u00e8me de levage et joint d'\u00e9tanch\u00e9it\u00e9 (fabrication europ\u00e9enne)<\/li>\n<li>Pompe \u00e0 air de haute qualit\u00e9<\/li>\n<li>Trou d'homme rectangulaire lat\u00e9ral 435*335mm<\/li>\n<li>Orifice d'a\u00e9ration 2\"<\/li>\n<li>Drainage 2\" avec vanne et collier de serrage<\/li>\n<li>Sortie 2\" avec vanne et collier<\/li>\n<li>Bras de rayonnage,<\/li>\n<li>Valve d'\u00e9chantillonnage 1\/2\"<\/li>\n<li>2 \u0152illets de levage<\/li>\n<\/ul>\n<p>[\/et_pb_text][\/et_pb_column][\/et_pb_row][et_pb_row _builder_version=\"4.27.2\u2033 _module_preset=\"default\" custom_padding=\"||41px|||\" global_colors_info=\"{}\"][et_pb_column type=\"4_4\u2033 _builder_version=\"4.16\u2033 _module_preset=\"default\" global_colors_info=\"{}\"][et_pb_text _builder_version=\"4.16\u2033 _module_preset=\"default\" global_colors_info=\"{}\"]<\/p>\n<p>Les viticulteurs n'ont qu'une seule chance de r\u00e9ussir en raison de la p\u00e9riode de gestation de la r\u00e9colte. C'est pourquoi de plus en plus de caves travaillent avec des fermenteurs \u00e0 capacit\u00e9 variable ou des fermenteurs ferm\u00e9s. Cela permet d'att\u00e9nuer le risque de d\u00e9t\u00e9rioration lorsque le vin n'est pas prot\u00e9g\u00e9 par un couvercle et un sas. Les VCT peuvent avoir une l\u00e9g\u00e8re pente ou une forme conique, ce qui r\u00e9pond aux exigences de chaque viticulteur. Chez Prettech Canada, nous pouvons concevoir, modifier et perfectionner les vignerons en fonction de leurs besoins.\u00a0<\/p>\n<p>Prettech Canada peut personnaliser n'importe quelle taille de r\u00e9servoir pour les exploitations agricoles. Avec une cuve de fermentation de taille unique, nous pouvons la concevoir \u00e0 la perfection sur le signe de Prettech qui pr\u00e9sentera le projet. Travaillant avec des machines plasma C &amp; C, nous construisons votre projet \u00e0 partir de z\u00e9ro en utilisant de l'acier inoxydable AISI 304 ou 316.<\/p>\n<p>Derri\u00e8re chaque verre de vin se cache une ing\u00e9nierie sans faille.\u00a0<\/p>\n<p>[\/et_pb_text][\/et_pb_column][\/et_pb_row][\/et_pb_section][et_pb_section fb_built=\"1\u2033 _builder_version=\"4.16\u2033 _module_preset=\"default\" use_background_color_gradient=\"on\" background_color_gradient_stops=\"#140a02 0%|rgba(0,0,0,0,0.13) 100%\" background_color_gradient_overlays_image=\"on\" background_color_gradient_start=\"#140a02\u2033 background_color_gradient_end=\"rgba(0,0,0,0,0,0.13)\" background_image=\"https:\/\/prettechcanada.com\/wp-content\/uploads\/2021\/03\/tank-collage.jpg\" custom_padding=\"72px||52px|||\" global_colors_info=\"{}\"][et_pb_row _builder_version=\"4.16\u2033 _module_preset=\"default\" global_colors_info=\"{}\"][et_pb_column type=\"4_4\u2033 _builder_version=\"4.16\u2033 _module_preset=\"default\" global_colors_info=\"{}\"][et_pb_cta title=\"Faites passer votre cave au niveau sup\u00e9rieur !\" button_text=\"Cliquez ici\" _builder_version=\"4.27.2\u2033 _module_preset=\"default\" header_font_size=\"30px\" body_font_size=\"18px\" background_color=\"rgba(0,0,0,0)\" global_colors_info=\"{}\"]<\/p>\n<p>Contactez-nous et nous vous aiderons \u00e0 vous installer.<\/p>\n<p>[\/et_pb_cta][\/et_pb_column][\/et_pb_row][\/et_pb_section][et_pb_section fb_built=\"1\u2033 _builder_version=\"4.7.7\u2033 _module_preset=\"default\" background_color=\"#000000\u2033 background_enable_image=\"off\" global_module=\"84\u2033 saved_tabs=\"all\" global_colors_info=\"{}\"][et_pb_row column_structure=\"1_3,2_3\u2033 _builder_version=\"4.16\u2033 _module_preset=\"default\" global_colors_info=\"{}\"][et_pb_column type=\"1_3\u2033 _builder_version=\"4.16\u2033 _module_preset=\"default\" global_colors_info=\"{}\"][et_pb_text _builder_version=\"4.16\u2033 _module_preset=\"default\" text_font_size=\"17px\" header_2_text_color=\"#5bcc22\u2033 global_colors_info=\"{}\"]<\/p>\n<h2>Nous contacter<\/h2>\n<p><span style=\"color: #ffffff;\"><\/span><\/p>\n<p><span style=\"color: #ffffff;\"><strong>T\u00e9l : <span style=\"color: #ffffff;\"><a href=\"tel:604.783.6003\" style=\"color: #ffffff;\">604-783-6003<\/a><\/span><br \/>Fax : 778-371-3401<\/strong><\/span><br \/><span style=\"color: #ffffff;\"> <strong> <a href=\"mailto:mike@prettechcanada.com\" style=\"color: #ffffff;\">mike@prettechcanada.com<\/a><\/strong><\/span><\/p>\n<p>[\/et_pb_text][et_pb_button button_url=&#8221;https:\/\/cal.services\/havenplex\/My-Meeting\/dv24IfOAV&#8221; url_new_window=&#8221;on&#8221; button_text=&#8221;Request a Quote&#8221; _builder_version=&#8221;4.27.0&#8243; _module_preset=&#8221;default&#8221; custom_button=&#8221;on&#8221; button_text_size=&#8221;15px&#8221; button_text_color=&#8221;#ffffff&#8221; button_bg_color=&#8221;#20af1d&#8221; button_icon=&#8221;&#xe025;||divi||400&#8243; vertical_offset_tablet=&#8221;0&#8243; horizontal_offset_tablet=&#8221;0&#8243; z_index_tablet=&#8221;0&#8243; button_text_shadow_horizontal_length_tablet=&#8221;0px&#8221; button_text_shadow_vertical_length_tablet=&#8221;0px&#8221; button_text_shadow_blur_strength_tablet=&#8221;1px&#8221; box_shadow_horizontal_tablet=&#8221;0px&#8221; box_shadow_vertical_tablet=&#8221;0px&#8221; box_shadow_blur_tablet=&#8221;40px&#8221; box_shadow_spread_tablet=&#8221;0px&#8221; global_colors_info=&#8221;{}&#8221;][\/et_pb_button][et_pb_blurb title=&#8221;Facebook&#8221; url=&#8221;http:\/\/www.facebook.com\/prettechcanadavancouver&#8221; url_new_window=&#8221;on&#8221; use_icon=&#8221;on&#8221; font_icon=&#8221;%%314%%&#8221; icon_placement=&#8221;left&#8221; font_icon_tablet=&#8221;%%314%%&#8221; font_icon_phone=&#8221;%%314%%&#8221; image_icon_width_tablet=&#8221;101px&#8221; _builder_version=&#8221;4.19.5&#8243; header_text_color=&#8221;#b28965&#8243; header_line_height=&#8221;1.7em&#8221; vertical_offset_tablet=&#8221;0&#8243; horizontal_offset_tablet=&#8221;0&#8243; z_index_tablet=&#8221;0&#8243; header_text_shadow_horizontal_length_tablet=&#8221;0px&#8221; header_text_shadow_vertical_length_tablet=&#8221;0px&#8221; header_text_shadow_blur_strength_tablet=&#8221;1px&#8221; body_text_shadow_horizontal_length_tablet=&#8221;0px&#8221; body_text_shadow_vertical_length_tablet=&#8221;0px&#8221; body_text_shadow_blur_strength_tablet=&#8221;1px&#8221; body_link_text_shadow_horizontal_length_tablet=&#8221;0px&#8221; body_link_text_shadow_vertical_length_tablet=&#8221;0px&#8221; body_link_text_shadow_blur_strength_tablet=&#8221;1px&#8221; body_ul_text_shadow_horizontal_length_tablet=&#8221;0px&#8221; body_ul_text_shadow_vertical_length_tablet=&#8221;0px&#8221; body_ul_text_shadow_blur_strength_tablet=&#8221;1px&#8221; body_ol_text_shadow_horizontal_length_tablet=&#8221;0px&#8221; body_ol_text_shadow_vertical_length_tablet=&#8221;0px&#8221; body_ol_text_shadow_blur_strength_tablet=&#8221;1px&#8221; body_quote_text_shadow_horizontal_length_tablet=&#8221;0px&#8221; body_quote_text_shadow_vertical_length_tablet=&#8221;0px&#8221; body_quote_text_shadow_blur_strength_tablet=&#8221;1px&#8221; box_shadow_horizontal_tablet=&#8221;0px&#8221; box_shadow_vertical_tablet=&#8221;0px&#8221; box_shadow_blur_tablet=&#8221;40px&#8221; box_shadow_spread_tablet=&#8221;0px&#8221; box_shadow_horizontal_image_tablet=&#8221;0px&#8221; box_shadow_vertical_image_tablet=&#8221;0px&#8221; box_shadow_blur_image_tablet=&#8221;40px&#8221; box_shadow_spread_image_tablet=&#8221;0px&#8221; text_shadow_horizontal_length_tablet=&#8221;0px&#8221; text_shadow_vertical_length_tablet=&#8221;0px&#8221; text_shadow_blur_strength_tablet=&#8221;1px&#8221; global_colors_info=&#8221;{}&#8221;][\/et_pb_blurb][et_pb_blurb title=&#8221;Twitter&#8221; url=&#8221;https:\/\/twitter.com\/PrettechCanada&#8221; url_new_window=&#8221;on&#8221; use_icon=&#8221;on&#8221; font_icon=&#8221;%%315%%&#8221; icon_placement=&#8221;left&#8221; font_icon_tablet=&#8221;%%315%%&#8221; font_icon_phone=&#8221;%%315%%&#8221; image_icon_width_tablet=&#8221;101px&#8221; _builder_version=&#8221;4.19.5&#8243; header_text_color=&#8221;#b28965&#8243; header_line_height=&#8221;1.7em&#8221; vertical_offset_tablet=&#8221;0&#8243; horizontal_offset_tablet=&#8221;0&#8243; z_index_tablet=&#8221;0&#8243; header_text_shadow_horizontal_length_tablet=&#8221;0px&#8221; header_text_shadow_vertical_length_tablet=&#8221;0px&#8221; header_text_shadow_blur_strength_tablet=&#8221;1px&#8221; body_text_shadow_horizontal_length_tablet=&#8221;0px&#8221; body_text_shadow_vertical_length_tablet=&#8221;0px&#8221; body_text_shadow_blur_strength_tablet=&#8221;1px&#8221; body_link_text_shadow_horizontal_length_tablet=&#8221;0px&#8221; body_link_text_shadow_vertical_length_tablet=&#8221;0px&#8221; body_link_text_shadow_blur_strength_tablet=&#8221;1px&#8221; body_ul_text_shadow_horizontal_length_tablet=&#8221;0px&#8221; body_ul_text_shadow_vertical_length_tablet=&#8221;0px&#8221; body_ul_text_shadow_blur_strength_tablet=&#8221;1px&#8221; body_ol_text_shadow_horizontal_length_tablet=&#8221;0px&#8221; body_ol_text_shadow_vertical_length_tablet=&#8221;0px&#8221; body_ol_text_shadow_blur_strength_tablet=&#8221;1px&#8221; body_quote_text_shadow_horizontal_length_tablet=&#8221;0px&#8221; body_quote_text_shadow_vertical_length_tablet=&#8221;0px&#8221; body_quote_text_shadow_blur_strength_tablet=&#8221;1px&#8221; box_shadow_horizontal_tablet=&#8221;0px&#8221; box_shadow_vertical_tablet=&#8221;0px&#8221; box_shadow_blur_tablet=&#8221;40px&#8221; box_shadow_spread_tablet=&#8221;0px&#8221; box_shadow_horizontal_image_tablet=&#8221;0px&#8221; box_shadow_vertical_image_tablet=&#8221;0px&#8221; box_shadow_blur_image_tablet=&#8221;40px&#8221; box_shadow_spread_image_tablet=&#8221;0px&#8221; text_shadow_horizontal_length_tablet=&#8221;0px&#8221; text_shadow_vertical_length_tablet=&#8221;0px&#8221; text_shadow_blur_strength_tablet=&#8221;1px&#8221; global_colors_info=&#8221;{}&#8221;][\/et_pb_blurb][et_pb_blurb title=&#8221;Instagram&#8221; url=&#8221;https:\/\/www.instagram.com\/prettechcanada\/&#8221; url_new_window=&#8221;on&#8221; use_icon=&#8221;on&#8221; font_icon=&#8221;%%321%%&#8221; icon_placement=&#8221;left&#8221; font_icon_tablet=&#8221;%%321%%&#8221; font_icon_phone=&#8221;%%321%%&#8221; image_icon_width_tablet=&#8221;101px&#8221; _builder_version=&#8221;4.19.5&#8243; header_text_color=&#8221;#b28965&#8243; header_line_height=&#8221;1.7em&#8221; vertical_offset_tablet=&#8221;0&#8243; horizontal_offset_tablet=&#8221;0&#8243; z_index_tablet=&#8221;0&#8243; header_text_shadow_horizontal_length_tablet=&#8221;0px&#8221; header_text_shadow_vertical_length_tablet=&#8221;0px&#8221; header_text_shadow_blur_strength_tablet=&#8221;1px&#8221; body_text_shadow_horizontal_length_tablet=&#8221;0px&#8221; body_text_shadow_vertical_length_tablet=&#8221;0px&#8221; body_text_shadow_blur_strength_tablet=&#8221;1px&#8221; body_link_text_shadow_horizontal_length_tablet=&#8221;0px&#8221; body_link_text_shadow_vertical_length_tablet=&#8221;0px&#8221; body_link_text_shadow_blur_strength_tablet=&#8221;1px&#8221; body_ul_text_shadow_horizontal_length_tablet=&#8221;0px&#8221; body_ul_text_shadow_vertical_length_tablet=&#8221;0px&#8221; body_ul_text_shadow_blur_strength_tablet=&#8221;1px&#8221; body_ol_text_shadow_horizontal_length_tablet=&#8221;0px&#8221; body_ol_text_shadow_vertical_length_tablet=&#8221;0px&#8221; body_ol_text_shadow_blur_strength_tablet=&#8221;1px&#8221; body_quote_text_shadow_horizontal_length_tablet=&#8221;0px&#8221; body_quote_text_shadow_vertical_length_tablet=&#8221;0px&#8221; body_quote_text_shadow_blur_strength_tablet=&#8221;1px&#8221; box_shadow_horizontal_tablet=&#8221;0px&#8221; box_shadow_vertical_tablet=&#8221;0px&#8221; box_shadow_blur_tablet=&#8221;40px&#8221; box_shadow_spread_tablet=&#8221;0px&#8221; box_shadow_horizontal_image_tablet=&#8221;0px&#8221; box_shadow_vertical_image_tablet=&#8221;0px&#8221; box_shadow_blur_image_tablet=&#8221;40px&#8221; box_shadow_spread_image_tablet=&#8221;0px&#8221; text_shadow_horizontal_length_tablet=&#8221;0px&#8221; text_shadow_vertical_length_tablet=&#8221;0px&#8221; text_shadow_blur_strength_tablet=&#8221;1px&#8221; global_colors_info=&#8221;{}&#8221;][\/et_pb_blurb][et_pb_blurb title=&#8221;LinkedIn&#8221; url=&#8221;https:\/\/www.linkedin.com\/company\/prettech-canada\/&#8221; url_new_window=&#8221;on&#8221; use_icon=&#8221;on&#8221; font_icon=&#8221;%%324%%&#8221; icon_placement=&#8221;left&#8221; font_icon_tablet=&#8221;%%324%%&#8221; font_icon_phone=&#8221;%%324%%&#8221; image_icon_width_tablet=&#8221;101px&#8221; _builder_version=&#8221;4.19.5&#8243; header_text_color=&#8221;#b28965&#8243; header_line_height=&#8221;1.7em&#8221; vertical_offset_tablet=&#8221;0&#8243; horizontal_offset_tablet=&#8221;0&#8243; z_index_tablet=&#8221;0&#8243; header_text_shadow_horizontal_length_tablet=&#8221;0px&#8221; header_text_shadow_vertical_length_tablet=&#8221;0px&#8221; header_text_shadow_blur_strength_tablet=&#8221;1px&#8221; body_text_shadow_horizontal_length_tablet=&#8221;0px&#8221; body_text_shadow_vertical_length_tablet=&#8221;0px&#8221; body_text_shadow_blur_strength_tablet=&#8221;1px&#8221; body_link_text_shadow_horizontal_length_tablet=&#8221;0px&#8221; body_link_text_shadow_vertical_length_tablet=&#8221;0px&#8221; body_link_text_shadow_blur_strength_tablet=&#8221;1px&#8221; body_ul_text_shadow_horizontal_length_tablet=&#8221;0px&#8221; body_ul_text_shadow_vertical_length_tablet=&#8221;0px&#8221; body_ul_text_shadow_blur_strength_tablet=&#8221;1px&#8221; body_ol_text_shadow_horizontal_length_tablet=&#8221;0px&#8221; body_ol_text_shadow_vertical_length_tablet=&#8221;0px&#8221; body_ol_text_shadow_blur_strength_tablet=&#8221;1px&#8221; body_quote_text_shadow_horizontal_length_tablet=&#8221;0px&#8221; body_quote_text_shadow_vertical_length_tablet=&#8221;0px&#8221; body_quote_text_shadow_blur_strength_tablet=&#8221;1px&#8221; box_shadow_horizontal_tablet=&#8221;0px&#8221; box_shadow_vertical_tablet=&#8221;0px&#8221; box_shadow_blur_tablet=&#8221;40px&#8221; box_shadow_spread_tablet=&#8221;0px&#8221; box_shadow_horizontal_image_tablet=&#8221;0px&#8221; box_shadow_vertical_image_tablet=&#8221;0px&#8221; box_shadow_blur_image_tablet=&#8221;40px&#8221; box_shadow_spread_image_tablet=&#8221;0px&#8221; text_shadow_horizontal_length_tablet=&#8221;0px&#8221; text_shadow_vertical_length_tablet=&#8221;0px&#8221; text_shadow_blur_strength_tablet=&#8221;1px&#8221; global_colors_info=&#8221;{}&#8221;][\/et_pb_blurb][\/et_pb_column][et_pb_column type=&#8221;2_3&#8243; _builder_version=&#8221;4.16&#8243; _module_preset=&#8221;default&#8221; global_colors_info=&#8221;{}&#8221;][et_pb_code _builder_version=&#8221;4.19.4&#8243; _module_preset=&#8221;default&#8221; vertical_offset_tablet=&#8221;0&#8243; horizontal_offset_tablet=&#8221;0&#8243; z_index_tablet=&#8221;0&#8243; box_shadow_horizontal_tablet=&#8221;0px&#8221; box_shadow_vertical_tablet=&#8221;0px&#8221; box_shadow_blur_tablet=&#8221;40px&#8221; box_shadow_spread_tablet=&#8221;0px&#8221; global_colors_info=&#8221;{}&#8221;]<\/p>\n<div id=\"wufoo-s1eudtjg02sdcnq\"> Remplir mon <a href=\"https:\/\/collinwo.wufoo.com\/forms\/s1eudtjg02sdcnq\">formulaire en ligne<\/a>. <\/div>\n<p> <script type=\"text\/javascript\"> var s1eudtjg02sdcnq; (function(d, t) { var s = d.createElement(t), options = { 'userName':'collinwo', 'formHash':'s1eudtjg02sdcnq', 'autoResize':true, 'height':'617', 'async':true, 'host':'wufoo.com', 'header':'show', 'ssl':true }; s.src = ('https:' == d.location.protocol ?'https:\/\/':'http:\/\/') + 'secure.wufoo.com\/scripts\/embed\/form.js'; s.onload = s.onreadystatechange = function() { var rs = this.readyState; if (rs) if (rs != 'complete') if (rs != 'loaded') return; try { s1eudtjg02sdcnq = new WufooForm(); s1eudtjg02sdcnq.initialize(options); s1eudtjg02sdcnq.display(); } catch (e) { } }; var scr = d.getElementsByTagName(t)[0], par = scr.parentNode; par.insertBefore(s, scr); })(document, 'script'); <\/script>[\/et_pb_code][\/et_pb_column][\/et_pb_row][\/et_pb_section]<\/p>","protected":false},"excerpt":{"rendered":"<p>R\u00e9servoir de fermentation du vin (WFT)Construit pour l'excellence dans la vinification commerciale Notre r\u00e9servoir de fermentation du vin (WFT) de premi\u00e8re qualit\u00e9 est con\u00e7u pour apporter pr\u00e9cision et qualit\u00e9 \u00e0 votre processus de vinification. Fabriqu\u00e9e selon les normes les plus strictes, avec les mesures sanitaires les plus \u00e9lev\u00e9es \u00e0 l'esprit.. : - Coquille cylindrique et haut\/fond conique pour une fermentation efficace- 4 pieds r\u00e9glables pour une stabilit\u00e9 sur [...]<\/p>","protected":false},"author":2,"featured_media":0,"parent":0,"menu_order":0,"comment_status":"closed","ping_status":"closed","template":"","meta":{"_et_pb_use_builder":"on","_et_pb_old_content":"<!-- wp:divi\/placeholder \/-->","_et_gb_content_width":"","_monsterinsights_skip_tracking":false,"_monsterinsights_sitenote_active":false,"_monsterinsights_sitenote_note":"","_monsterinsights_sitenote_category":0,"footnotes":""},"class_list":["post-145","page","type-page","status-publish","hentry"],"aioseo_notices":[],"_links":{"self":[{"href":"https:\/\/prettechcanada.com\/fr\/wp-json\/wp\/v2\/pages\/145","targetHints":{"allow":["GET"]}}],"collection":[{"href":"https:\/\/prettechcanada.com\/fr\/wp-json\/wp\/v2\/pages"}],"about":[{"href":"https:\/\/prettechcanada.com\/fr\/wp-json\/wp\/v2\/types\/page"}],"author":[{"embeddable":true,"href":"https:\/\/prettechcanada.com\/fr\/wp-json\/wp\/v2\/users\/2"}],"replies":[{"embeddable":true,"href":"https:\/\/prettechcanada.com\/fr\/wp-json\/wp\/v2\/comments?post=145"}],"version-history":[{"count":4,"href":"https:\/\/prettechcanada.com\/fr\/wp-json\/wp\/v2\/pages\/145\/revisions"}],"predecessor-version":[{"id":959,"href":"https:\/\/prettechcanada.com\/fr\/wp-json\/wp\/v2\/pages\/145\/revisions\/959"}],"wp:attachment":[{"href":"https:\/\/prettechcanada.com\/fr\/wp-json\/wp\/v2\/media?parent=145"}],"curies":[{"name":"wp","href":"https:\/\/api.w.org\/{rel}","templated":true}]}}