{"id":19,"date":"2021-01-05T18:30:07","date_gmt":"2021-01-05T18:30:07","guid":{"rendered":"https:\/\/prettechcanada.com\/?page_id=19"},"modified":"2022-09-19T21:17:57","modified_gmt":"2022-09-19T21:17:57","slug":"industries","status":"publish","type":"page","link":"https:\/\/prettechcanada.com\/fr\/industries\/","title":{"rendered":"Industries"},"content":{"rendered":"<p>[et_pb_section fb_built=\"1\u2033 _builder_version=\"4.16\u2033 _module_preset=\"default\" use_background_color_gradient=\"on\" background_color_gradient_stops=\"rgba(0,0,0,0,0.45) 0%|rgba(0,0,0,0,0.5) 100%\" background_color_gradient_overlays_image=\"on\" background_color_gradient_start=\"rgba(0,0,0,0,0.45)\" background_color_gradient_end=\"rgba(0,0,0,0,0.5)\" background_image=\"https:\/\/prettechcanada.com\/wp-content\/uploads\/2021\/01\/Craft-Brew.jpg\" min_height=\"531px\" custom_padding=\"157px||123px||\" global_colors_info=\"{}\"][et_pb_row _builder_version=\"4.16\u2033 _module_preset=\"default\" global_colors_info=\"{}\"][et_pb_column type=\"4_4\u2033 _builder_version=\"4.16\u2033 _module_preset=\"default\" global_colors_info=\"{}\"][et_pb_cta title=\"INDUSTRIES\" button_url=\"tel:604-783-6003\u2033 _builder_version=\"4.18.0\u2033 _module_preset=\"default\" header_font=\"|700|||||||\" header_font_size=\"53px\" body_font_size=\"24px\" background_color=\"rgba(0,0,0,0)\" custom_button=\"on\" button_bg_color=\"#e02b20\u2033 button_border_radius=\"0px\" button_font=\"|600|||||||\" hover_enabled=\"0\u2033 header_font_size_tablet=\"\" header_font_size_phone=\"35px\" header_font_size_last_edited=\"on|phone\" global_colors_info=\"{}\" header_level=\"h1\u2033 sticky_enabled=\"0\u2033][\/et_pb_cta][\/et_pb_column][\/et_pb_row][\/et_pb_section][et_pb_section fb_built=\"1\u2033 _builder_version=\"4.16\u2033 _module_preset=\"default\" background_color=\"rgba(0,0,0,0,0.03)\" custom_padding=\"109px||82px|||\" global_colors_info=\"{}\"][et_pb_row _builder_version=\"4.16\u2033 _module_preset=\"default\" global_colors_info=\"{}\"][et_pb_column type=\"4_4\u2033 _builder_version=\"4.16\u2033 _module_preset=\"default\" global_colors_info=\"{}\"][et_pb_text _builder_version=\"4.16\u2033 _module_preset=\"default\" global_colors_info=\"{}\"]<\/p>\n<h2 style=\"text-align: center;\">POLYVALENT ET DE PREMI\u00c8RE QUALIT\u00c9<\/h2>\n<p style=\"text-align: justify;\">Chez Prettech Canada, nous r\u00e9pondons aux besoins d'un certain nombre d'industries diff\u00e9rentes et de leur client\u00e8le. Nous fournissons des syst\u00e8mes sur mesure pour les brasseries, les \u00e9tablissements vinicoles, les restaurants, les brasseries artisanales et les micro-brasseries - nous pouvons tout faire. Nos syst\u00e8mes et nos produits sont tr\u00e8s polyvalents et s'adaptent \u00e0 tous les types et \u00e0 toutes les tailles de syst\u00e8mes, qu'il s'agisse d'espaces aussi petits que 600 pieds ou des plus grandes installations de production. Prettech Canada est votre source pour les syst\u00e8mes de brassage sur mesure et les syst\u00e8mes de r\u00e9servoirs en acier inoxydable de qualit\u00e9 304,<\/p>\n<p>[\/et_pb_text][\/et_pb_column][\/et_pb_row][\/et_pb_section][et_pb_section fb_built=\"1\u2033 _builder_version=\"4.16\u2033 _module_preset=\"default\" custom_padding=\"98px|||||\" global_colors_info=\"{}\"][et_pb_row column_structure=\"1_2,1_2\u2033 _builder_version=\"4.16\u2033 _module_preset=\"default\" global_colors_info=\"{}\"][et_pb_column type=\"1_2\u2033 _builder_version=\"4.16\u2033 _module_preset=\"default\" global_colors_info=\"{}\"][et_pb_blurb title=\"BREWHOUSES\" image=\"https:\/\/prettechcanada.com\/wp-content\/uploads\/2021\/01\/micro-brew-tank-prettech-canada.png\" _builder_version=\"4.16\u2033 _module_preset=\"default\" header_level=\"h2\u2033 global_colors_info=\"{}\"]<\/p>\n<h5><\/h5>\n<h4><\/h4>\n<h4>TANKS DE BIERE<\/h4>\n<p>Prettech Canada travaille en \u00e9troite collaboration avec nos partenaires et ing\u00e9nieurs chevronn\u00e9s qui fabriquent des cuves de fermentation et des installations de brassage et de spiritueux depuis plus de 40 ans. En effet, nous avons une grande expertise dans la conception et la fabrication de syst\u00e8mes sur mesure dans les domaines de la bi\u00e8re et du brassage. Que ce soit pour une cave existante ou un projet futur, notre \u00e9quipe d'ing\u00e9nieurs vous fournira la solution id\u00e9ale pour vous aider \u00e0 optimiser votre installation de production ou votre syst\u00e8me d'ing\u00e9nierie.<\/p>\n<p>Prettech Canada offre le financement du CAO, qui est garanti par le Canada, ainsi qu'une garantie compl\u00e8te d'un an sur notre acier inoxydable 304 de qualit\u00e9 alimentaire. Vous serez \u00e9galement heureux d'apprendre que nous sommes moins chers que n'importe quelle entreprise en Am\u00e9rique du Nord, battant nos concurrents d'au moins 10%. Appelez-nous ou contactez-nous en ligne d\u00e8s aujourd'hui pour en savoir plus ou pour planifier une consultation individuelle.<\/p>\n<p>[\/et_pb_blurb][\/et_pb_column][et_pb_column type=\"1_2\u2033 _builder_version=\"4.16\u2033 _module_preset=\"default\" global_colors_info=\"{}\"][et_pb_blurb title=\"WINERY\" image=\"https:\/\/prettechcanada.com\/wp-content\/uploads\/2021\/01\/winery.jpg\" _builder_version=\"4.16\u2033 _module_preset=\"default\" header_level=\"h2\u2033 global_colors_info=\"{}\"]<\/p>\n<h4><\/h4>\n<h4><\/h4>\n<h4>TANKS \u00c0 VIN<\/h4>\n<p>Notre entreprise sait que tout le monde aime le vin, mais nous voulons aussi nous assurer, avant que vous ne preniez votre d\u00e9cision finale, que les donn\u00e9es d\u00e9mographiques de votre r\u00e9gion seront suffisantes pour soutenir votre nouveau mod\u00e8le d'affaires. Prettech Canada collabore avec les \u00e9tablissements vinicoles pour s'assurer que les capacit\u00e9s de nos syst\u00e8mes correspondent aux besoins de nos clients. Une fois que vous avez pris la d\u00e9cision avec nous, notre \u00e9quipe d'ing\u00e9nieurs se met au travail pour cr\u00e9er des mod\u00e8les 3D de l'ensemble de l'installation vinicole, vous permettant ainsi qu'\u00e0 votre \u00e9quipe de voir exactement \u00e0 quoi elle ressemblera dans votre \u00e9tablissement une fois que tout sera termin\u00e9.<\/p>\n<p>Vous serez absolument \u00e9tonn\u00e9 de voir comment notre \u00e9quipe de planificateurs chevronn\u00e9s peut donner vie \u00e0 votre nouveau vignoble. Prettech Canada vous montrera o\u00f9 tout s'ins\u00e9rera, comment tout fonctionnera et m\u00eame o\u00f9 vos invit\u00e9s s'assi\u00e9ront pour profiter de la vue sur le vin cr\u00e9\u00e9 dans votre \u00e9tablissement.<\/p>\n<p>[\/et_pb_blurb][\/et_pb_column][\/et_pb_row][et_pb_row column_structure=\"1_2,1_2\u2033 _builder_version=\"4.16\u2033 _module_preset=\"default\" global_colors_info=\"{}\"][et_pb_column type=\"1_2\u2033 _builder_version=\"4.16\u2033 _module_preset=\"default\" global_colors_info=\"{}\"][et_pb_blurb title=\"MICROBREWERY\" image=\"https:\/\/prettechcanada.com\/wp-content\/uploads\/2021\/01\/microbrewery1.jpg\" _builder_version=\"4.16\u2033 _module_preset=\"default\" header_level=\"h2\u2033 global_colors_info=\"{}\"]<\/p>\n<h5><\/h5>\n<h4><\/h4>\n<h4>SYST\u00c8MES D'ING\u00c9NIERIE<\/h4>\n<p>Prettech Canada se sp\u00e9cialise dans les syst\u00e8mes de brassage, que ce soit pour le vin, la bi\u00e8re, les spiritueux ou autres. Notre syst\u00e8me d'ing\u00e9nierie, qui est incorpor\u00e9 par des ing\u00e9nieurs m\u00e9caniques et civils tiers, nous permet de \" remettre les cl\u00e9s \" \u00e0 votre entreprise, d\u00e9j\u00e0 configur\u00e9e et pr\u00eate \u00e0 entrer en production. Notre exp\u00e9rience dans une vari\u00e9t\u00e9 d'industries nous permet de cr\u00e9er la meilleure disposition pour votre industrie particuli\u00e8re et la taille de votre installation, garantissant que vous obtenez le meilleur syst\u00e8me pour votre entreprise.<\/p>\n<p>Prenez rendez-vous avec l'un de nos professionnels d\u00e8s aujourd'hui, ou appelez-nous pour savoir comment nous pouvons construire le syst\u00e8me de vos r\u00eaves d\u00e8s aujourd'hui.<\/p>\n<p>[\/et_pb_blurb][\/et_pb_column][et_pb_column type=\"1_2\u2033 _builder_version=\"4.16\u2033 _module_preset=\"default\" global_colors_info=\"{}\"][et_pb_blurb title=\"RESTAURANTS\" image=\"https:\/\/prettechcanada.com\/wp-content\/uploads\/2021\/01\/steak.jpg\" _builder_version=\"4.16\u2033 _module_preset=\"default\" header_level=\"h2\u2033 global_colors_info=\"{}\"]<\/p>\n<h4><\/h4>\n<h4><\/h4>\n<h4>SALLES DE BRASSAGE \u00c0 2 ET 3 CUVES<\/h4>\n<p>Nos solutions de salles de brassage \u00e0 deux ou trois cuves seront du plus bel effet dans votre restaurant. Elles offrent \u00e0 vos clients un aper\u00e7u direct et personnel de la boisson artisanale de qualit\u00e9 qu'ils d\u00e9gustent \u00e0 leur table. Contactez nos experts en salles de brassage pour restaurants et salles de brassage \u00e0 cuves multiples chez Prettech aujourd'hui pour en savoir plus sur la fa\u00e7on dont nos solutions personnalis\u00e9es peuvent vous convenir.<\/p>\n<p>[\/et_pb_blurb][\/et_pb_column][\/et_pb_row][\/et_pb_section][et_pb_section fb_built=\"1\u2033 _builder_version=\"4.16\u2033 _module_preset=\"default\" use_background_color_gradient=\"on\" background_color_gradient_stops=\"#140a02 0%|rgba(0,0,0,0,0.13) 100%\" background_color_gradient_overlays_image=\"on\" background_color_gradient_start=\"#140a02\u2033 background_color_gradient_end=\"rgba(0,0,0,0,0,0.13)\" background_image=\"https:\/\/prettechcanada.com\/wp-content\/uploads\/2021\/03\/tank-collage.jpg\" custom_padding=\"72px||52px|||\" global_colors_info=\"{}\"][et_pb_row _builder_version=\"4.16\u2033 _module_preset=\"default\" global_colors_info=\"{}\"][et_pb_column type=\"4_4\u2033 _builder_version=\"4.16\u2033 _module_preset=\"default\" global_colors_info=\"{}\"][et_pb_cta title=\"Vous voulez en savoir plus ?\" button_text=\"Cliquez ici\" _builder_version=\"4.16\u2033 _module_preset=\"default\" header_font_size=\"30px\" body_font_size=\"18px\" background_color=\"rgba(0,0,0,0)\" global_colors_info=\"{}\"]<\/p>\n<p>Il vous suffit de nous contacter et nous vous r\u00e9pondrons dans les plus brefs d\u00e9lais.<\/p>\n<p>[\/et_pb_cta][\/et_pb_column][\/et_pb_row][\/et_pb_section][et_pb_section fb_built=\"1\u2033 _builder_version=\"4.7.7\u2033 _module_preset=\"default\" background_color=\"#000000\u2033 background_enable_image=\"off\" global_module=\"84\u2033 saved_tabs=\"all\" global_colors_info=\"{}\"][et_pb_row column_structure=\"1_3,2_3\u2033 _builder_version=\"4.16\u2033 _module_preset=\"default\" global_colors_info=\"{}\"][et_pb_column type=\"1_3\u2033 _builder_version=\"4.16\u2033 _module_preset=\"default\" global_colors_info=\"{}\"][et_pb_text _builder_version=\"4.16\u2033 _module_preset=\"default\" text_font_size=\"17px\" header_2_text_color=\"#5bcc22\u2033 global_colors_info=\"{}\"]<\/p>\n<h2>Nous contacter<\/h2>\n<p><span style=\"color: #ffffff;\"><\/span><\/p>\n<p><span style=\"color: #ffffff;\"><strong>T\u00e9l : <span style=\"color: #ffffff;\"><a href=\"tel:604.783.6003\" style=\"color: #ffffff;\">604-783-6003<\/a><\/span><br \/>Fax : 778-371-3401<\/strong><\/span><br \/><span style=\"color: #ffffff;\"> <strong> <a href=\"mailto:mike@prettechcanada.com\" style=\"color: #ffffff;\">mike@prettechcanada.com<\/a><\/strong><\/span><\/p>\n<p>[\/et_pb_text][et_pb_button button_url=\"https:\/\/cal.services\/havenplex\/My-Meeting\/dv24IfOAV\" button_text=\"R\u00e9servez du temps avec un ing\u00e9nieur\" _builder_version=\"4.16\u2033 _module_preset=\"default\" custom_button=\"on\" button_text_size=\"15px\" button_text_color=\"#ffff\" button_bg_color=\"#20af1d\" button_icon=\"\ue025||divi||400\u2033 global_colors_info=\"{}\"][\/et_pb_button][et_pb_social_media_follow _builder_version=\"4.16\u2033 _module_preset=\"default\" global_colors_info=\"{}\"][et_pb_social_media_follow_network social_network=\"facebook\" url=\"https:\/\/www.facebook.com\/prettechcanadavancouver\/\" _builder_version=\"4.16\u2033 _module_preset=\"default\" background_color=\"#3b5998\u2033 global_colors_info=\"{}\" follow_button=\"off\" url_new_window=\"on\"]facebook[\/et_pb_social_media_follow_network][et_pb_social_media_follow_network social_network=\"twitter\" url=\"https:\/\/twitter.com\/prettech_canada\" _builder_version=\"4.16\u2033 _module_preset=\"default\" background_color=\"#00aced\" global_colors_info=\"{}\" follow_button=\"off\" url_new_window=\"on\"]twitter[\/et_pb_social_media_follow_network][et_pb_social_media_follow_network social_network=\"instagram\" url=\"https:\/\/www.instagram.com\/prettechcanada\/\" _builder_version=\"4.16\u2033 _module_preset=\"default\" background_color=\"#ea2c59\u2033 global_colors_info=\"{}\" follow_button=\"off\" url_new_window=\"on\"]instagram[\/et_pb_social_media_follow_network][\/et_pb_social_media_follow][\/et_pb_column][et_pb_column type=\"2_3\u2033 _builder_version=\"4.16\u2033 _module_preset=\"default\" global_colors_info=\"{}\"][et_pb_contact_form use_spam_service=\"on\" recaptcha_list=\"Prettech|Prettech-0\u2033 email=\"havenplex@gmail.com\" title=\"Message Prettech Canada\" custom_message=\"%%name%%||et_pb_line_break_holder||%%email%%||et_pb_line_break_holder|%%phone%%||et_pb_line_break_holder||%%company%%||et_pb_line_break_holder|||%%message%%\" success_message=\"Merci pour votre message.\"module_id=\"contactForm\" _builder_version=\"4.18.0\u2033 _module_preset=\u201ddefault\u201d _unique_id=\u201d1f8b8ac7-48bb-4152-a22c-7bf313178c2a\" title_level=\"h4\u2033 title_font=\"||||||||\" title_text_color=\"#5bcc22\u2033 title_font_size=\"24px\" captcha_text_color=\"#ffffff\" custom_button=\"on\" button_text_color=\"#FFFFFF\" button_bg_color=\"#5bcc22\u2033 button_border_color=\"RGBA(0,0,0,0)\" global_colors_info=\"{}\"][et_pb_contact_field field_id=\"Nom\" field_title=\"Nom\" _builder_version=\"4.16\u2033 global_colors_info=\"{}\" button_text_size__hover_enabled=\"off\" button_one_text_size__hover_enabled=\"off\" button_two_text_size__hover_enabled=\"off\" button_text_color__hover_enabled=\"off\" button_one_text_color__hover_enabled=\"off\" button_two_text_color__hover_enabled=\"off\" button_border_width__hover_enabled=\"off\" button_one_border_width__hover_enabled=\"off\" button_two_border_width__hover_enabled=\"off\" button_border_color__hover_enabled=\"off\" button_one_border_color__hover_enabled=\"off\" button_two_border_color__hover_enabled=\"off\" button_border_radius__hover_enabled=\"off\" button_one_border_radius__hover_enabled=\"off\" button_two_border_radius__hover_enabled=\"off\" button_letter_spacing__hover_enabled=\"off\" button_one_letter_spacing__hover_enabled=\"off\" button_two_letter_spacing__hover_enabled=\"off\" button_bg_color__hover_enabled=\"off\" button_one_bg_color__hover_enabled=\"off\" button_two_bg_color__hover_enabled=\"off\"][\/et_pb_contact_field][et_pb_contact_field field_id=\"Email\" field_title=\"Email\" field_type=\"email\" _builder_version=\"4.16\u2033 global_colors_info=\"{}\" button_text_size__hover_enabled=\"off\" button_one_text_size__hover_enabled=\"off\" button_two_text_size__hover_enabled=\"off\" button_text_color__hover_enabled=\"off\" button_one_text_color__hover_enabled=\"off\" button_two_text_color__hover_enabled=\"off\" button_border_width__hover_enabled=\"off\" button_one_border_width__hover_enabled=\"off\" button_two_border_width__hover_enabled=\"off\" button_border_color__hover_enabled=\"off\" button_one_border_color__hover_enabled=\"off\" button_one_border_color__hover_enabled=\"off\" button_two_border_color__hover_enabled=\"off\" button_border_radius__hover_enabled=\"off\" button_one_border_radius__hover_enabled=\"off\" button_two_border_radius__hover_enabled=\"off\" button_letter_spacing__hover_enabled=\"off\" button_one_letter_spacing__hover_enabled=\"off\" button_two_letter_spacing__hover_enabled=\"off\" button_bg_color__hover_enabled=\"off\" button_one_bg_color__hover_enabled=\"off\" button_two_bg_color__hover_enabled=\"off\"][\/et_pb_contact_field][et_pb_contact_field field_id=\"Phone\" field_title=\"Phone\" _builder_version=\"4.16\u2033 global_colors_info=\"{}\" button_text_size__hover_enabled=\"off\" button_one_text_size__hover_enabled=\"off\" button_two_text_size__hover_enabled=\"off\" button_text_color__hover_enabled=\"off\" button_one_text_color__hover_enabled=\"off\" button_two_text_color__hover_enabled=\"off\" button_border_width__hover_enabled=\"off\" button_one_border_width__hover_enabled=\"off\" button_two_border_width__hover_enabled=\"off\" button_border_color__hover_enabled=\"off\" button_one_border_color__hover_enabled=\"off\" button_one_border_color__hover_enabled=\"off\" button_two_border_color__hover_enabled=\"off\" button_border_radius__hover_enabled=\"off\" button_one_border_radius__hover_enabled=\"off\" button_two_border_radius__hover_enabled=\"off\" button_letter_spacing__hover_enabled=\"off\" button_one_letter_spacing__hover_enabled=\"off\" button_two_letter_spacing__hover_enabled=\"off\" button_bg_color__hover_enabled=\"off\" button_one_bg_color__hover_enabled=\"off\" button_two_bg_color__hover_enabled=\"off\"][\/et_pb_contact_field][et_pb_contact_field field_id=\"Entreprise\" field_title=\"Entreprise\" _builder_version=\"4.16\u2033 global_colors_info=\"{}\" button_text_size__hover_enabled=\"off\" button_one_text_size__hover_enabled=\"off\" button_two_text_size__hover_enabled=\"off\" button_text_color__hover_enabled=\"off\" button_one_text_color__hover_enabled=\"off\" button_two_text_color__hover_enabled=\"off\" button_border_width__hover_enabled=\"off\" button_one_border_width__hover_enabled=\"off\" button_two_border_width__hover_enabled=\"off\" button_border_color__hover_enabled=\"off\" button_one_border_color__hover_enabled=\"off\" button_two_border_color__hover_enabled=\"off\" button_border_radius__hover_enabled=\"off\" button_one_border_radius__hover_enabled=\"off\" button_two_border_radius__hover_enabled=\"off\" button_letter_spacing__hover_enabled=\"off\" button_one_letter_spacing__hover_enabled=\"off\" button_two_letter_spacing__hover_enabled=\"off\" button_bg_color__hover_enabled=\"off\" button_one_bg_color__hover_enabled=\"off\" button_two_bg_color__hover_enabled=\"off\"][\/et_pb_contact_field][et_pb_contact_field field_id=\"Message\" field_title=\"Message\" field_type=\"text\" fullwidth_field=\"on\" _builder_version=\"4.16\u2033 global_colors_info=\"{}\" button_text_size__hover_enabled=\"off\" button_one_text_size__hover_enabled=\"off\" button_two_text_size__hover_enabled=\"off\" button_text_color__hover_enabled=\"off\" button_one_text_color__hover_enabled=\"off\" button_two_text_color__hover_enabled=\"off\" button_border_width__hover_enabled=\"off\" button_one_border_width__hover_enabled=\"off\" button_two_border_width__hover_enabled=\"off\" button_border_color__hover_enabled=\"off\" button_one_border_color__hover_enabled=\"off\" button_one_border_color__hover_enabled=\"off\" button_two_border_color__hover_enabled=\"off\" button_border_radius__hover_enabled=\"off\" button_one_border_radius__hover_enabled=\"off\" button_two_border_radius__hover_enabled=\"off\" button_letter_spacing__hover_enabled=\"off\" button_one_letter_spacing__hover_enabled=\"off\" button_two_letter_spacing__hover_enabled=\"off\" button_bg_color__hover_enabled=\"off\" button_one_bg_color__hover_enabled=\"off\" button_two_bg_color__hover_enabled=\"off\"][\/et_pb_contact_field][\/et_pb_contact_form][et_pb_text _builder_version=\"4.16\u2033 _module_preset=\"default\" text_font_size=\"11px\" global_colors_info=\"{}\"]<\/p>\n<div class=\"\">\n<div><span style=\"color: #ffffff;\"><span class=\"enlighter-text\"><span style=\"color: #999999;\">Ce site est prot\u00e9g\u00e9 par reCAPTCHA et la technologie Google<\/span>\u00a0<\/span><span class=\"enlighter-g1\"><\/span><span style=\"color: #999999;\"><a href=\"https:\/\/policies.google.com\/privacy\" target=\"_blank\" rel=\"noopener noreferrer\" style=\"color: #999999;\"><span class=\"enlighter-text\">Politique de confidentialit\u00e9<\/span><\/a><\/span><span class=\"enlighter-text\"><span style=\"color: #ff0000;\">\u00a0<\/span><span style=\"color: #999999;\">et<\/span><span style=\"color: #ff0000;\">\u00a0<\/span><\/span><span class=\"enlighter-text\"><span style=\"color: #999999;\"><a href=\"https:\/\/policies.google.com\/terms\" target=\"_blank\" rel=\"noopener noreferrer\" style=\"color: #999999;\">Conditions d'utilisation<\/a><\/span>\u00a0<\/span><span class=\"enlighter-text\" style=\"color: #999999;\">s'appliquer.<\/span><\/span><\/div>\n<\/div>\n<p>[\/et_pb_text][\/et_pb_column][\/et_pb_row][\/et_pb_section]<\/p>","protected":false},"excerpt":{"rendered":"<p>VERSATILE ET DE PREMI\u00c8RE QUALIT\u00c9 Chez Prettech Canada, nous nous adressons \u00e0 un certain nombre d'industries diff\u00e9rentes et \u00e0 leur client\u00e8le. Nous fournissons des syst\u00e8mes personnalis\u00e9s pour les brasseries, les \u00e9tablissements vinicoles, les restaurants, les brasseries artisanales et les micro-brasseries - nous pouvons tout faire. Nos syst\u00e8mes et nos produits sont tr\u00e8s polyvalents et s'adaptent \u00e0 des syst\u00e8mes de tous types et de toutes tailles, qu'il s'agisse d'espaces aussi petits que [...]<\/p>","protected":false},"author":1,"featured_media":0,"parent":0,"menu_order":0,"comment_status":"closed","ping_status":"closed","template":"","meta":{"_et_pb_use_builder":"on","_et_pb_old_content":"<!-- wp:divi\/placeholder \/-->","_et_gb_content_width":"","_monsterinsights_skip_tracking":false,"_monsterinsights_sitenote_active":false,"_monsterinsights_sitenote_note":"","_monsterinsights_sitenote_category":0,"footnotes":""},"class_list":["post-19","page","type-page","status-publish","hentry"],"aioseo_notices":[],"_links":{"self":[{"href":"https:\/\/prettechcanada.com\/fr\/wp-json\/wp\/v2\/pages\/19","targetHints":{"allow":["GET"]}}],"collection":[{"href":"https:\/\/prettechcanada.com\/fr\/wp-json\/wp\/v2\/pages"}],"about":[{"href":"https:\/\/prettechcanada.com\/fr\/wp-json\/wp\/v2\/types\/page"}],"author":[{"embeddable":true,"href":"https:\/\/prettechcanada.com\/fr\/wp-json\/wp\/v2\/users\/1"}],"replies":[{"embeddable":true,"href":"https:\/\/prettechcanada.com\/fr\/wp-json\/wp\/v2\/comments?post=19"}],"version-history":[{"count":1,"href":"https:\/\/prettechcanada.com\/fr\/wp-json\/wp\/v2\/pages\/19\/revisions"}],"predecessor-version":[{"id":552,"href":"https:\/\/prettechcanada.com\/fr\/wp-json\/wp\/v2\/pages\/19\/revisions\/552"}],"wp:attachment":[{"href":"https:\/\/prettechcanada.com\/fr\/wp-json\/wp\/v2\/media?parent=19"}],"curies":[{"name":"wp","href":"https:\/\/api.w.org\/{rel}","templated":true}]}}