{"id":23,"date":"2021-01-05T18:30:51","date_gmt":"2021-01-05T18:30:51","guid":{"rendered":"https:\/\/prettechcanada.com\/?page_id=23"},"modified":"2022-09-19T21:22:21","modified_gmt":"2022-09-19T21:22:21","slug":"parts-service","status":"publish","type":"page","link":"https:\/\/prettechcanada.com\/fr\/parts-service\/","title":{"rendered":"Pi\u00e8ces et service"},"content":{"rendered":"<p>[et_pb_section fb_built=\"1\u2033 _builder_version=\"4.16\u2033 _module_preset=\"default\" use_background_color_gradient=\"on\" background_color_gradient_stops=\"rgba(0,0,0,0,0.45) 0%|rgba(0,0,0,0,0.5) 100%\" background_color_gradient_overlays_image=\"on\" background_color_gradient_start=\"rgba(0,0,0,0,0.45)\" background_color_gradient_end=\"rgba(0,0,0,0,0.5)\" background_image=\"https:\/\/prettechcanada.com\/wp-content\/uploads\/2021\/01\/Brewing_Tanks.jpg\" min_height=\"531px\" custom_padding=\"157px||123px||\" global_colors_info=\"{}\"][et_pb_row _builder_version=\"4.16\u2033 _module_preset=\"default\" global_colors_info=\"{}\"][et_pb_column type=\"4_4\u2033 _builder_version=\"4.16\u2033 _module_preset=\"default\" global_colors_info=\"{}\"][et_pb_cta title=\"PARTS &amp; SERVICE\" button_url=\"tel:604-783-6003\u2033 _builder_version=\"4.18.0\u2033 _module_preset=\"default\" header_font=\"|700|||||||\" header_font_size=\"53px\" body_font_size=\"24px\" background_color=\"rgba(0,0,0,0)\" custom_button=\"on\" button_bg_color=\"#e02b20\u2033 button_border_radius=\"0px\" button_font=\"|600|||||||\" hover_enabled=\"0\u2033 header_font_size_tablet=\"\" header_font_size_phone=\"44px\" header_font_size_last_edited=\"on|phone\" global_colors_info=\"{}\" header_level=\"h1\u2033 sticky_enabled=\"0\u2033]<\/p>\n<p>Utilisation de pi\u00e8ces en acier inoxydable de la plus haute qualit\u00e9.<\/p>\n<p>[\/et_pb_cta][\/et_pb_column][\/et_pb_row][\/et_pb_section][et_pb_section fb_built=\"1\u2033 _builder_version=\"4.16\u2033 _module_preset=\"default\" custom_padding=\"109px||82px|||\" global_colors_info=\"{}\"][et_pb_row column_structure=\"1_3,1_3,1_3\u2033 _builder_version=\"4.16\u2033 _module_preset=\"default\" global_colors_info=\"{}\"][et_pb_column type=\"1_3\u2033 _builder_version=\"4.16\u2033 _module_preset=\"default\" global_colors_info=\"{}\"][et_pb_blurb title=\"COUVERTURE DE MANHOLE AVEC VITRE DE VUE PLEINE\" image=\"https:\/\/prettechcanada.com\/wp-content\/uploads\/2021\/01\/Manhole-Cover-with-Full-View-Sight-Glass-300\u00d7300-1.png\" _builder_version=\"4.16\u2033 _module_preset=\"default\" global_colors_info=\"{}\"]<\/p>\n<p>Appr\u00e9ciez votre vin, votre spiritueux ou votre bi\u00e8re artisanale de premi\u00e8re main et en pleine vue avec le couvercle de trou d'homme de Prettech Canada dot\u00e9 d'un hublot de visualisation ! Permettez un acc\u00e8s facile \u00e0 la cuve de brassage avec notre couvercle de trou d'homme pleine grandeur, tout en permettant une vue d\u00e9gag\u00e9e pour vos employ\u00e9s et\/ou clients. Ce regard est id\u00e9al pour les distilleries, les vignobles et les brasseries qui offrent des visites guid\u00e9es, permettant une exp\u00e9rience visuelle compl\u00e8te pour tout le public. Contactez Prettech Canada pour en savoir plus sur nos diff\u00e9rents styles de plaques d'\u00e9gout et autres pi\u00e8ces et accessoires de brasserie d\u00e8s aujourd'hui !<\/p>\n<p>[\/et_pb_blurb][\/et_pb_column][et_pb_column type=\"1_3\u2033 _builder_version=\"4.16\u2033 _module_preset=\"default\" global_colors_info=\"{}\"][et_pb_blurb title=\"BUTTERFLY VALVE\" image=\"https:\/\/prettechcanada.com\/wp-content\/uploads\/2021\/01\/Butterfly-Valve-300\u00d7300-1.jpg\" _builder_version=\"4.16\u2033 _module_preset=\"default\" global_colors_info=\"{}\"]<\/p>\n<p>Faites confiance \u00e0 la vanne papillon classique et fiable pour votre \u00e9tablissement vinicole, votre distillerie ou votre brasserie. En utilisant le meilleur acier inoxydable de qualit\u00e9 304, Prettech Canada fournit aux experts l'\u00e9quipement professionnel dont ils ont besoin, \u00e0 un prix tr\u00e8s avantageux. Appelez-nous d\u00e8s aujourd'hui pour en savoir plus sur nos pi\u00e8ces et services, car s'il s'agit d'acier inoxydable, de distillerie ou de brassage, nous avons ce qu'il faut !<\/p>\n<p>[\/et_pb_blurb][\/et_pb_column][et_pb_column type=\"1_3\u2033 _builder_version=\"4.16\u2033 _module_preset=\"default\" global_colors_info=\"{}\"][et_pb_blurb title=\"AIR RELEASE VALVE WITH PRESSURE GAUGE\" image=\"https:\/\/prettechcanada.com\/wp-content\/uploads\/2021\/01\/air-release.jpg\" _builder_version=\"4.16\u2033 _module_preset=\"default\" global_colors_info=\"{}\"]<\/p>\n<p>La compr\u00e9hension des processus de brassage, de distillation et de vinification a permis \u00e0 Prettech Canada de cr\u00e9er et de fournir certaines des meilleures pi\u00e8ces et accessoires en acier inoxydable 304. Notre soupape d'\u00e9chappement d'air avec jauge de pression vous permet de savoir sous vos yeux comment se comporte le produit. Facilitez-vous la vie et obtenez le meilleur \u00e9quipement de brassage en acier inoxydable avec Prettech Canada. Communiquez avec nous d\u00e8s maintenant.<\/p>\n<p>[\/et_pb_blurb][\/et_pb_column][\/et_pb_row][\/et_pb_section][et_pb_section fb_built=\"1\u2033 _builder_version=\"4.16\u2033 _module_preset=\"default\" global_colors_info=\"{}\"][et_pb_row column_structure=\"1_2,1_2\u2033 _builder_version=\"4.16\u2033 _module_preset=\"default\" global_colors_info=\"{}\"][et_pb_column type=\"1_2\u2033 _builder_version=\"4.16\u2033 _module_preset=\"default\" global_colors_info=\"{}\"][et_pb_image src=\"https:\/\/prettechcanada.com\/wp-content\/uploads\/2021\/01\/beer-fermentation-tank.jpg\" title_text=\"beer-fermentation-tank\" _builder_version=\"4.16\u2033 _module_preset=\"default\" global_colors_info=\"{}\"][\/et_pb_image][\/et_pb_column][et_pb_column type=\"1_2\u2033 _builder_version=\"4.16\u2033 _module_preset=\"default\" global_colors_info=\"{}\"][et_pb_text _builder_version=\"4.16\u2033 _module_preset=\"default\" global_colors_info=\"{}\"]<\/p>\n<h3>VOUS NE TROUVEZ PAS CE QUE VOUS CHERCHEZ ?<\/h3>\n<p>Nous avons en stock presque toutes les pi\u00e8ces de qualit\u00e9 pour le brassage des spiritueux, de la bi\u00e8re ou du vin. Prettech Canada ne fournit que les meilleures pi\u00e8ces et accessoires de brassage de qualit\u00e9 en acier inoxydable 304, et nous avons un certain nombre de produits qui tombent dans les cat\u00e9gories suivantes :<\/p>\n<ul>\n<li>Vannes sanitaires<\/li>\n<li>Raccords sanitaires<\/li>\n<li>Pompes sanitaires<\/li>\n<li>Composants des r\u00e9servoirs et plus encore !<\/li>\n<\/ul>\n<p>Nos produits peuvent \u00eatre utilis\u00e9s dans l'industrie alimentaire et des boissons, y compris les produits laitiers, ainsi que dans l'industrie pharmaceutique, p\u00e9troli\u00e8re et gazi\u00e8re. Nous l'avons d\u00e9j\u00e0 dit et nous le r\u00e9p\u00e9tons, s'il s'agit d'acier inoxydable, de distilleries et\/ou de brassage, nous avons ce qu'il faut !<\/p>\n<p>[\/et_pb_text][\/et_pb_column][\/et_pb_row][\/et_pb_section][et_pb_section fb_built=\"1\u2033 _builder_version=\"4.16\u2033 _module_preset=\"default\" use_background_color_gradient=\"on\" background_color_gradient_stops=\"#140a02 0%|rgba(0,0,0,0,0.13) 100%\" background_color_gradient_overlays_image=\"on\" background_color_gradient_start=\"#140a02\u2033 background_color_gradient_end=\"rgba(0,0,0,0,0,0.13)\" background_image=\"https:\/\/prettechcanada.com\/wp-content\/uploads\/2021\/03\/tank-collage.jpg\" custom_padding=\"72px||52px|||\" global_colors_info=\"{}\"][et_pb_row _builder_version=\"4.16\u2033 _module_preset=\"default\" global_colors_info=\"{}\"][et_pb_column type=\"4_4\u2033 _builder_version=\"4.16\u2033 _module_preset=\"default\" global_colors_info=\"{}\"][et_pb_cta title=\"Vous voulez en savoir plus ?\" button_text=\"Cliquez ici\" _builder_version=\"4.16\u2033 _module_preset=\"default\" header_font_size=\"30px\" body_font_size=\"18px\" background_color=\"rgba(0,0,0,0)\" global_colors_info=\"{}\"]<\/p>\n<p>Il vous suffit de nous contacter et nous vous r\u00e9pondrons dans les plus brefs d\u00e9lais.<\/p>\n<p>[\/et_pb_cta][\/et_pb_column][\/et_pb_row][\/et_pb_section][et_pb_section fb_built=\"1\u2033 _builder_version=\"4.7.7\u2033 _module_preset=\"default\" background_color=\"#000000\u2033 background_enable_image=\"off\" global_module=\"84\u2033 saved_tabs=\"all\" global_colors_info=\"{}\"][et_pb_row column_structure=\"1_3,2_3\u2033 _builder_version=\"4.16\u2033 _module_preset=\"default\" global_colors_info=\"{}\"][et_pb_column type=\"1_3\u2033 _builder_version=\"4.16\u2033 _module_preset=\"default\" global_colors_info=\"{}\"][et_pb_text _builder_version=\"4.16\u2033 _module_preset=\"default\" text_font_size=\"17px\" header_2_text_color=\"#5bcc22\u2033 global_colors_info=\"{}\"]<\/p>\n<h2>Nous contacter<\/h2>\n<p><span style=\"color: #ffffff;\"><\/span><\/p>\n<p><span style=\"color: #ffffff;\"><strong>T\u00e9l : <span style=\"color: #ffffff;\"><a href=\"tel:604.783.6003\" style=\"color: #ffffff;\">604-783-6003<\/a><\/span><br \/>Fax : 778-371-3401<\/strong><\/span><br \/><span style=\"color: #ffffff;\"> <strong> <a href=\"mailto:mike@prettechcanada.com\" style=\"color: #ffffff;\">mike@prettechcanada.com<\/a><\/strong><\/span><\/p>\n<p>[\/et_pb_text][et_pb_button button_url=\"https:\/\/cal.services\/havenplex\/My-Meeting\/dv24IfOAV\" button_text=\"R\u00e9servez du temps avec un ing\u00e9nieur\" _builder_version=\"4.16\u2033 _module_preset=\"default\" custom_button=\"on\" button_text_size=\"15px\" button_text_color=\"#ffff\" button_bg_color=\"#20af1d\" button_icon=\"\ue025||divi||400\u2033 global_colors_info=\"{}\"][\/et_pb_button][et_pb_social_media_follow _builder_version=\"4.16\u2033 _module_preset=\"default\" global_colors_info=\"{}\"][et_pb_social_media_follow_network social_network=\"facebook\" url=\"https:\/\/www.facebook.com\/prettechcanadavancouver\/\" _builder_version=\"4.16\u2033 _module_preset=\"default\" background_color=\"#3b5998\u2033 global_colors_info=\"{}\" follow_button=\"off\" url_new_window=\"on\"]facebook[\/et_pb_social_media_follow_network][et_pb_social_media_follow_network social_network=\"twitter\" url=\"https:\/\/twitter.com\/prettech_canada\" _builder_version=\"4.16\u2033 _module_preset=\"default\" background_color=\"#00aced\" global_colors_info=\"{}\" follow_button=\"off\" url_new_window=\"on\"]twitter[\/et_pb_social_media_follow_network][et_pb_social_media_follow_network social_network=\"instagram\" url=\"https:\/\/www.instagram.com\/prettechcanada\/\" _builder_version=\"4.16\u2033 _module_preset=\"default\" background_color=\"#ea2c59\u2033 global_colors_info=\"{}\" follow_button=\"off\" url_new_window=\"on\"]instagram[\/et_pb_social_media_follow_network][\/et_pb_social_media_follow][\/et_pb_column][et_pb_column type=\"2_3\u2033 _builder_version=\"4.16\u2033 _module_preset=\"default\" global_colors_info=\"{}\"][et_pb_contact_form use_spam_service=\"on\" recaptcha_list=\"Prettech|Prettech-0\u2033 email=\"havenplex@gmail.com\" title=\"Message Prettech Canada\" custom_message=\"%%name%%||et_pb_line_break_holder||%%email%%||et_pb_line_break_holder|%%phone%%||et_pb_line_break_holder||%%company%%||et_pb_line_break_holder|||%%message%%\" success_message=\"Merci pour votre message.\"module_id=\"contactForm\" _builder_version=\"4.18.0\u2033 _module_preset=\u201ddefault\u201d _unique_id=\u201d1f8b8ac7-48bb-4152-a22c-7bf313178c2a\" title_level=\"h4\u2033 title_font=\"||||||||\" title_text_color=\"#5bcc22\u2033 title_font_size=\"24px\" captcha_text_color=\"#ffffff\" custom_button=\"on\" button_text_color=\"#FFFFFF\" button_bg_color=\"#5bcc22\u2033 button_border_color=\"RGBA(0,0,0,0)\" global_colors_info=\"{}\"][et_pb_contact_field field_id=\"Nom\" field_title=\"Nom\" _builder_version=\"4.16\u2033 global_colors_info=\"{}\" button_text_size__hover_enabled=\"off\" button_one_text_size__hover_enabled=\"off\" button_two_text_size__hover_enabled=\"off\" button_text_color__hover_enabled=\"off\" button_one_text_color__hover_enabled=\"off\" button_two_text_color__hover_enabled=\"off\" button_border_width__hover_enabled=\"off\" button_one_border_width__hover_enabled=\"off\" button_two_border_width__hover_enabled=\"off\" button_border_color__hover_enabled=\"off\" button_one_border_color__hover_enabled=\"off\" button_two_border_color__hover_enabled=\"off\" button_border_radius__hover_enabled=\"off\" button_one_border_radius__hover_enabled=\"off\" button_two_border_radius__hover_enabled=\"off\" button_letter_spacing__hover_enabled=\"off\" button_one_letter_spacing__hover_enabled=\"off\" button_two_letter_spacing__hover_enabled=\"off\" button_bg_color__hover_enabled=\"off\" button_one_bg_color__hover_enabled=\"off\" button_two_bg_color__hover_enabled=\"off\"][\/et_pb_contact_field][et_pb_contact_field field_id=\"Email\" field_title=\"Email\" field_type=\"email\" _builder_version=\"4.16\u2033 global_colors_info=\"{}\" button_text_size__hover_enabled=\"off\" button_one_text_size__hover_enabled=\"off\" button_two_text_size__hover_enabled=\"off\" button_text_color__hover_enabled=\"off\" button_one_text_color__hover_enabled=\"off\" button_two_text_color__hover_enabled=\"off\" button_border_width__hover_enabled=\"off\" button_one_border_width__hover_enabled=\"off\" button_two_border_width__hover_enabled=\"off\" button_border_color__hover_enabled=\"off\" button_one_border_color__hover_enabled=\"off\" button_one_border_color__hover_enabled=\"off\" button_two_border_color__hover_enabled=\"off\" button_border_radius__hover_enabled=\"off\" button_one_border_radius__hover_enabled=\"off\" button_two_border_radius__hover_enabled=\"off\" button_letter_spacing__hover_enabled=\"off\" button_one_letter_spacing__hover_enabled=\"off\" button_two_letter_spacing__hover_enabled=\"off\" button_bg_color__hover_enabled=\"off\" button_one_bg_color__hover_enabled=\"off\" button_two_bg_color__hover_enabled=\"off\"][\/et_pb_contact_field][et_pb_contact_field field_id=\"Phone\" field_title=\"Phone\" _builder_version=\"4.16\u2033 global_colors_info=\"{}\" button_text_size__hover_enabled=\"off\" button_one_text_size__hover_enabled=\"off\" button_two_text_size__hover_enabled=\"off\" button_text_color__hover_enabled=\"off\" button_one_text_color__hover_enabled=\"off\" button_two_text_color__hover_enabled=\"off\" button_border_width__hover_enabled=\"off\" button_one_border_width__hover_enabled=\"off\" button_two_border_width__hover_enabled=\"off\" button_border_color__hover_enabled=\"off\" button_one_border_color__hover_enabled=\"off\" button_one_border_color__hover_enabled=\"off\" button_two_border_color__hover_enabled=\"off\" button_border_radius__hover_enabled=\"off\" button_one_border_radius__hover_enabled=\"off\" button_two_border_radius__hover_enabled=\"off\" button_letter_spacing__hover_enabled=\"off\" button_one_letter_spacing__hover_enabled=\"off\" button_two_letter_spacing__hover_enabled=\"off\" button_bg_color__hover_enabled=\"off\" button_one_bg_color__hover_enabled=\"off\" button_two_bg_color__hover_enabled=\"off\"][\/et_pb_contact_field][et_pb_contact_field field_id=\"Entreprise\" field_title=\"Entreprise\" _builder_version=\"4.16\u2033 global_colors_info=\"{}\" button_text_size__hover_enabled=\"off\" button_one_text_size__hover_enabled=\"off\" button_two_text_size__hover_enabled=\"off\" button_text_color__hover_enabled=\"off\" button_one_text_color__hover_enabled=\"off\" button_two_text_color__hover_enabled=\"off\" button_border_width__hover_enabled=\"off\" button_one_border_width__hover_enabled=\"off\" button_two_border_width__hover_enabled=\"off\" button_border_color__hover_enabled=\"off\" button_one_border_color__hover_enabled=\"off\" button_two_border_color__hover_enabled=\"off\" button_border_radius__hover_enabled=\"off\" button_one_border_radius__hover_enabled=\"off\" button_two_border_radius__hover_enabled=\"off\" button_letter_spacing__hover_enabled=\"off\" button_one_letter_spacing__hover_enabled=\"off\" button_two_letter_spacing__hover_enabled=\"off\" button_bg_color__hover_enabled=\"off\" button_one_bg_color__hover_enabled=\"off\" button_two_bg_color__hover_enabled=\"off\"][\/et_pb_contact_field][et_pb_contact_field field_id=\"Message\" field_title=\"Message\" field_type=\"text\" fullwidth_field=\"on\" _builder_version=\"4.16\u2033 global_colors_info=\"{}\" button_text_size__hover_enabled=\"off\" button_one_text_size__hover_enabled=\"off\" button_two_text_size__hover_enabled=\"off\" button_text_color__hover_enabled=\"off\" button_one_text_color__hover_enabled=\"off\" button_two_text_color__hover_enabled=\"off\" button_border_width__hover_enabled=\"off\" button_one_border_width__hover_enabled=\"off\" button_two_border_width__hover_enabled=\"off\" button_border_color__hover_enabled=\"off\" button_one_border_color__hover_enabled=\"off\" button_one_border_color__hover_enabled=\"off\" button_two_border_color__hover_enabled=\"off\" button_border_radius__hover_enabled=\"off\" button_one_border_radius__hover_enabled=\"off\" button_two_border_radius__hover_enabled=\"off\" button_letter_spacing__hover_enabled=\"off\" button_one_letter_spacing__hover_enabled=\"off\" button_two_letter_spacing__hover_enabled=\"off\" button_bg_color__hover_enabled=\"off\" button_one_bg_color__hover_enabled=\"off\" button_two_bg_color__hover_enabled=\"off\"][\/et_pb_contact_field][\/et_pb_contact_form][et_pb_text _builder_version=\"4.16\u2033 _module_preset=\"default\" text_font_size=\"11px\" global_colors_info=\"{}\"]<\/p>\n<div class=\"\">\n<div><span style=\"color: #ffffff;\"><span class=\"enlighter-text\"><span style=\"color: #999999;\">Ce site est prot\u00e9g\u00e9 par reCAPTCHA et la technologie Google<\/span>\u00a0<\/span><span class=\"enlighter-g1\"><\/span><span style=\"color: #999999;\"><a href=\"https:\/\/policies.google.com\/privacy\" target=\"_blank\" rel=\"noopener noreferrer\" style=\"color: #999999;\"><span class=\"enlighter-text\">Politique de confidentialit\u00e9<\/span><\/a><\/span><span class=\"enlighter-text\"><span style=\"color: #ff0000;\">\u00a0<\/span><span style=\"color: #999999;\">et<\/span><span style=\"color: #ff0000;\">\u00a0<\/span><\/span><span class=\"enlighter-text\"><span style=\"color: #999999;\"><a href=\"https:\/\/policies.google.com\/terms\" target=\"_blank\" rel=\"noopener noreferrer\" style=\"color: #999999;\">Conditions d'utilisation<\/a><\/span>\u00a0<\/span><span class=\"enlighter-text\" style=\"color: #999999;\">s'appliquer.<\/span><\/span><\/div>\n<\/div>\n<p>[\/et_pb_text][\/et_pb_column][\/et_pb_row][\/et_pb_section]<\/p>","protected":false},"excerpt":{"rendered":"<p>Profitez de votre vin artisanal, de votre spiritueux ou de votre bi\u00e8re de premi\u00e8re main et en pleine vue avec le couvercle de trou d'homme de Prettech Canada dot\u00e9 d'une fen\u00eatre de visualisation compl\u00e8te ! Permettez un acc\u00e8s facile \u00e0 la cuve de brassage avec notre couvercle de trou d'homme pleine grandeur, tout en permettant une vue d\u00e9gag\u00e9e pour vos employ\u00e9s et\/ou clients. Ce couvercle de trou d'homme est [...]<\/p>","protected":false},"author":1,"featured_media":0,"parent":0,"menu_order":0,"comment_status":"closed","ping_status":"closed","template":"","meta":{"_et_pb_use_builder":"on","_et_pb_old_content":"<!-- wp:divi\/placeholder \/-->","_et_gb_content_width":"","_monsterinsights_skip_tracking":false,"_monsterinsights_sitenote_active":false,"_monsterinsights_sitenote_note":"","_monsterinsights_sitenote_category":0,"footnotes":""},"class_list":["post-23","page","type-page","status-publish","hentry"],"aioseo_notices":[],"_links":{"self":[{"href":"https:\/\/prettechcanada.com\/fr\/wp-json\/wp\/v2\/pages\/23","targetHints":{"allow":["GET"]}}],"collection":[{"href":"https:\/\/prettechcanada.com\/fr\/wp-json\/wp\/v2\/pages"}],"about":[{"href":"https:\/\/prettechcanada.com\/fr\/wp-json\/wp\/v2\/types\/page"}],"author":[{"embeddable":true,"href":"https:\/\/prettechcanada.com\/fr\/wp-json\/wp\/v2\/users\/1"}],"replies":[{"embeddable":true,"href":"https:\/\/prettechcanada.com\/fr\/wp-json\/wp\/v2\/comments?post=23"}],"version-history":[{"count":1,"href":"https:\/\/prettechcanada.com\/fr\/wp-json\/wp\/v2\/pages\/23\/revisions"}],"predecessor-version":[{"id":561,"href":"https:\/\/prettechcanada.com\/fr\/wp-json\/wp\/v2\/pages\/23\/revisions\/561"}],"wp:attachment":[{"href":"https:\/\/prettechcanada.com\/fr\/wp-json\/wp\/v2\/media?parent=23"}],"curies":[{"name":"wp","href":"https:\/\/api.w.org\/{rel}","templated":true}]}}