{"id":27,"date":"2021-01-05T18:31:47","date_gmt":"2021-01-05T18:31:47","guid":{"rendered":"https:\/\/prettechcanada.com\/?page_id=27"},"modified":"2024-10-15T00:08:43","modified_gmt":"2024-10-15T00:08:43","slug":"pot-stills","status":"publish","type":"page","link":"https:\/\/prettechcanada.com\/fr\/pot-stills\/","title":{"rendered":"Stills en pot"},"content":{"rendered":"<p>[et_pb_section fb_built=\"1\u2033 _builder_version=\"4.16\u2033 _module_preset=\"default\" use_background_color_gradient=\"on\" background_color_gradient_stops=\"rgba(0,0,0,0,0.45) 0%|rgba(0,0,0,0,0.5) 100%\" background_color_gradient_overlays_image=\"on\" background_color_gradient_start=\"rgba(0,0,0,0,0.45)\" background_color_gradient_end=\"rgba(0,0,0,0,0.5)\" background_image=\"https:\/\/prettechcanada.com\/wp-content\/uploads\/2021\/01\/IMG_7358.jpg\" min_height=\"531px\" custom_padding=\"157px||123px||\" global_colors_info=\"{}\"][et_pb_row _builder_version=\"4.16\u2033 _module_preset=\"default\" global_colors_info=\"{}\"][et_pb_column type=\"4_4\u2033 _builder_version=\"4.16\u2033 _module_preset=\"default\" global_colors_info=\"{}\"][et_pb_cta title=\"POT STILLS\" button_url=\"tel:604-783-6003\u2033 _builder_version=\"4.18.0\u2033 _module_preset=\"default\" header_level=\"h1\u2033 header_font=\"|700|||||||\" header_font_size=\"53px\" body_font_size=\"24px\" background_color=\"rgba(0,0,0,0)\" custom_button=\"on\" button_bg_color=\"#e02b20\u2033 button_border_radius=\"0px\" button_font=\"|600|||||||\" global_colors_info=\"{}\"][\/et_pb_cta][\/et_pb_column][\/et_pb_row][\/et_pb_section][et_pb_section fb_built=\"1\u2033 _builder_version=\"4.16\u2033 _module_preset=\"default\" custom_padding=\"109px||73px|||\" global_colors_info=\"{}\"][et_pb_row column_structure=\"1_2,1_2\u2033 _builder_version=\"4.27.2\u2033 _module_preset=\"default\" global_colors_info=\"{}\"][et_pb_column type=\"1_2\u2033 _builder_version=\"4.27.2\u2033 _module_preset=\"default\" global_colors_info=\"{}\"][et_pb_text _builder_version=\"4.27.2\u2033 _module_preset=\"default\" global_colors_info=\"{}\"][et_pb_text _builder_version=\"4.27.2\u2033 _module_preset=\"default\" global_colors_info=\"{}\"]<\/p>\n<h3><b>Syst\u00e8me d'alambic haute performance<\/b>\u00a0<\/h3>\n<p>Notre alambic de premi\u00e8re qualit\u00e9 est con\u00e7u pour une efficacit\u00e9 et une pr\u00e9cision maximales, parfait pour vos besoins en mati\u00e8re de distillation :<\/p>\n<p><strong>- <\/strong><b>Mat\u00e9riau<\/b>: CU12200 &amp; SS304<br \/><b><strong>- <\/strong>Volume de travail<\/b>: 500L | <b>Volume con\u00e7u<\/b>: 850L<br \/><b><strong>- <\/strong>Forme<\/b>: Plat sup\u00e9rieur et inf\u00e9rieur, taille du cylindre \u00f81000mm*700mm<br \/><strong>- <\/strong> <b>Isolation<\/b>: Mousse PU (50mm) avec rev\u00eatement SS304<br \/><strong>- <\/strong> <b>Agitateur<\/b>: Moteur antid\u00e9flagrant de 1,1 kW, 120 tr\/min, approuv\u00e9 par la CSA<br \/><strong>- <\/strong> <b>Accessoires<\/b>: Entr\u00e9e du mat\u00e9riau, voyant, soupape de s\u00e9curit\u00e9, manom\u00e8tre, thermom\u00e8tre, tuyau de reflux, boule CIP, soupape de vidange, entr\u00e9e\/sortie de la vapeur.<\/p>\n<p><strong>- <\/strong> <b>Chauffage \u00e0 la vapeur<\/b>: 50kg\/h @ 0,5 bar ou 136 000 BTU<br \/><strong>- <\/strong> <b>Casque Pear<\/b>: CU12200 (3mm) avec boule CIP, voyant, thermom\u00e8tre<br \/><strong>- <\/strong> <b>Colonne de 12\u2033.<\/b>: CU12200 (3mm) avec 8 plaques de cuivre, bouchons \u00e0 bulles, tuyau de trop-plein, boule CIP, vanne de vidange, thermom\u00e8tre<br \/><strong>- <\/strong> <b>12\u2033 D\u00e9phlegmateur<\/b>: SS304 (3mm) avec boule CIP, thermom\u00e8tre<br \/><strong>- <\/strong> <b>12\u2033 Panier \u00e0 Gin<\/b>: Verre &amp; CU12200 (3mm) avec panier de tamisage, boule CIP<br \/><strong>- <\/strong> <b>12\u2033 Condenseur<\/b>: SS304 (3mm) avec boule CIP, thermom\u00e8tre<br \/><strong>- <\/strong> <b>Perroquet<\/b>: SS304 (3mm) avec protection contre le verre<\/p>\n<p><strong>- <\/strong> <b>Cadre de support et r\u00e9servoirs de collecte<\/b>: SS304 (3mm) avec 2 r\u00e9servoirs collecteurs de 250L<br \/><strong>- <\/strong> <b>Plomberie CIP<\/b>: SS304 avec boule CIP, tuyau, vanne et pompe antid\u00e9flagrante de 1,1 kW approuv\u00e9e par l'ACNOR.<\/p>\n<p><strong>Con\u00e7u pour offrir des performances optimales, une grande durabilit\u00e9 et une grande facilit\u00e9 d'utilisation !<\/strong><\/p>\n<p>[\/et_pb_text][\/et_pb_column][et_pb_column type=\"1_2\u2033 _builder_version=\"4.27.2\u2033 _module_preset=\"default\" global_colors_info=\"{}\"][et_pb_video src=\"https:\/\/prettechcanada.com\/wp-content\/uploads\/2024\/10\/potstill.mp4\u2033 _builder_version=\"4.27.0\u2033 _module_preset=\"default\" global_colors_info=\"{}\"][\/et_pb_video][\/et_pb_column][\/et_pb_row][et_pb_row column_structure=\"3_5,2_5\u2033 _builder_version=\"4.16\u2033 _module_preset=\"default\" global_colors_info=\"{}\"][et_pb_column type=\"3_5\u2033 _builder_version=\"4.16\u2033 _module_preset=\"default\" global_colors_info=\"{}\"][et_pb_text _builder_version=\"4.16\u2033 _module_preset=\"default\" global_colors_info=\"{}\"]<\/p>\n<h3>QU'EST-CE QU'UN ALAMBIC ?<\/h3>\n<p>Si la distillation est la science de l'art et de la technologie, pour l'artisan distillateur, la fabrication de spiritueux n\u00e9cessite avant tout un alambic digne de confiance.<\/p>\n<p>Gr\u00e2ce \u00e0 une combinaison d'ing\u00e9nierie moderne et d'artisanat classique, nos alambics sont la r\u00e9ponse parfaite \u00e0 l'\u00e9volution du monde de l'\u00e9laboration des spiritueux.<\/p>\n<p>Fabriqu\u00e9 uniquement en cuivre et en acier inoxydable, nous cr\u00e9ons l'\u00e9quipement de distillation le plus efficace, le plus fiable et le plus beau qui soit.<\/p>\n<p>Avec une capacit\u00e9 de remplissage variant de 250 Litres \u00e0 5000<span class=\"Apple-converted-space\">\u00a0 <\/span>Litres, chaque alambic a la capacit\u00e9 de produire plusieurs types de spiritueux tels que l'eau-de-vie, l'eau-de-vie de fruits, la grappa, le gin, le rhum lourd ou le whisky.<\/p>\n<p>&nbsp;<\/p>\n<h5>CHAQUE POT STILL EST COMPOS\u00c9 :<\/h5>\n<ul>\n<li>Son propre bain de vapeur permet de chauffer doucement la pur\u00e9e et le liquide.<\/li>\n<li>Agitateur pour transf\u00e9rer la chaleur de mani\u00e8re uniforme.<\/li>\n<li>Grand trou d'homme pour v\u00e9rifier l'int\u00e9rieur du pot si n\u00e9cessaire.<\/li>\n<li>Valve de remplissage lat\u00e9rale pour remplir le pot rapidement et en toute s\u00e9curit\u00e9.<\/li>\n<li>\u00a0Casque sultan en cuivre pour condenser partiellement la vapeur.<\/li>\n<li>Valve de d\u00e9charge qui assure une bonne \u00e9vacuation du liquide de lavage us\u00e9.<\/li>\n<li>Une s\u00e9rie de tuyaux pour guider la vapeur vers le condenseur.<\/li>\n<li>Un condenseur combine une haute performance de refroidissement avec une faible consommation d'eau de refroidissement.<\/li>\n<li>Un syst\u00e8me de nettoyage CIP qui permet de rincer et d'assainir rapidement toutes les parties de l'alambic.<\/li>\n<li>Un r\u00e9cepteur d'alcool est install\u00e9 pour accueillir le nouvel esprit.<\/li>\n<\/ul>\n<p>[\/et_pb_text][\/et_pb_column][et_pb_column type=\"2_5\u2033 _builder_version=\"4.16\u2033 _module_preset=\"default\" global_colors_info=\"{}\"][\/et_pb_column][\/et_pb_row][\/et_pb_section][et_pb_section fb_built=\"1\u2033 _builder_version=\"4.16\u2033 _module_preset=\"default\" background_color=\"rgba(0,0,0,0,0.04)\" custom_padding=\"81px||83px|||\" global_colors_info=\"{}\"][et_pb_row column_structure=\"2_5,3_5\u2033 _builder_version=\"4.16\u2033 _module_preset=\"default\" global_colors_info=\"{}\"][et_pb_column type=\"2_5\u2033 _builder_version=\"4.16\u2033 _module_preset=\"default\" global_colors_info=\"{}\"][et_pb_image src=\"https:\/\/prettechcanada.com\/wp-content\/uploads\/2021\/01\/potstills.jpg\" title_text=\"potstills\" _builder_version=\"4.16\u2033 _module_preset=\"default\" global_colors_info=\"{}\"][\/et_pb_image][\/et_pb_column][et_pb_column type=\"3_5\u2033 _builder_version=\"4.16\u2033 _module_preset=\"default\" global_colors_info=\"{}\"][et_pb_text _builder_version=\"4.16\u2033 _module_preset=\"default\" global_colors_info=\"{}\"]<\/p>\n<h3>NOS AVANTAGES<\/h3>\n<p>En fonction de vos besoins, vous pouvez augmenter la teneur en alcool du distillat en installant un syst\u00e8me de colonne \u00e0 plaques \u00e0 bulles combin\u00e9 \u00e0 un syst\u00e8me de refroidissement sp\u00e9cial \u00e9galement appel\u00e9 d\u00e9phlegmateur. Nos ing\u00e9nieurs peuvent concevoir une colonne de 3 \u00e0 30 plaques \u00e0 bulles, avec un syst\u00e8me CIP et un contr\u00f4le automatique de la distillation. Toutes ces options vous donneront la flexibilit\u00e9 n\u00e9cessaire pour produire du whisky ou du rhum de style l\u00e9ger, des spiritueux neutres \u00e0 haut degr\u00e9 ou de la vodka.<\/p>\n<p>\u00c0 PRETTECH CANADA, chaque conception d'alambic sur mesure est une expression unique de vos besoins personnels et de notre cr\u00e9ativit\u00e9.<\/p>\n<p>[\/et_pb_text][et_pb_button button_url=\"https:\/\/prettechcanada.com\/wp-content\/uploads\/2021\/01\/500L-Vodka-Still-Operating-Manual.pdf\" url_new_window=\"on\" button_text=\"Voir le manuel\" _builder_version=\"4.16\u2033 _module_preset=\"default\" global_colors_info=\"{}\"][\/et_pb_button][\/et_pb_column][\/et_pb_row][\/et_pb_section][et_pb_section fb_built=\"1\u2033 _builder_version=\"4.16\u2033 _module_preset=\"default\" background_color=\"RGBA(0,0,0,0)\" custom_padding=\"81px||83px||\" global_colors_info=\"{}\"][et_pb_row column_structure=\"3_5,2_5\u2033 _builder_version=\"4.16\u2033 _module_preset=\"default\" global_colors_info=\"{}\"][et_pb_column type=\"3_5\u2033 _builder_version=\"4.16\u2033 _module_preset=\"default\" global_colors_info=\"{}\"][et_pb_image src=\"https:\/\/prettechcanada.com\/wp-content\/uploads\/2024\/10\/3colpotstill.jpg\" title_text=\"3colpotstill\" _builder_version=\"4.27.2\u2033 _module_preset=\"default\" hover_enabled=\"0\u2033 global_colors_info=\"{}\" sticky_enabled=\"0\u2033][\/et_pb_image][\/et_pb_column][et_pb_column type=\"2_5\u2033 _builder_version=\"4.16\u2033 _module_preset=\"default\" global_colors_info=\"{}\"][et_pb_text _builder_version=\"4.16\u2033 _module_preset=\"default\" global_colors_info=\"{}\"]<\/p>\n<h3>D\u00c9COUVREZ NOTRE ALAMBIC MULTIFONCTIONNEL DE 1500L<\/h3>\n<div dir=\"auto\">\n<p><span style=\"font-family: sans-serif;\"><span>Compos\u00e9 de : alliages, cuivre, cuivre rouge et acier inoxydable AISI 304.<br \/><\/span><\/span><\/p>\n<p dir=\"auto\"><span>Hauteur de 3700 mm<\/span><\/p>\n<p dir=\"auto\"><span>Alambic \u00e0 whisky multifonctionnel permettant de cr\u00e9er : Vodka,\u00a0<\/span><span>Gin,\u00a0<\/span><span>NGS, et\u00a0<\/span><span>Whisky.<\/span><\/p>\n<p dir=\"auto\"><span><\/span><\/p>\n<p dir=\"auto\"><span>Pour en savoir plus, il suffit de nous contacter \u00e0 l'aide du formulaire en bas de cette page.<\/span><\/p>\n<p dir=\"auto\"><span><\/span><\/p>\n<\/div>\n<p>[\/et_pb_text][\/et_pb_column][\/et_pb_row][\/et_pb_section][et_pb_section fb_built=\"1\u2033 _builder_version=\"4.16\u2033 _module_preset=\"default\" background_color=\"rgba(0,0,0,0,0.03)\" global_colors_info=\"{}\"][et_pb_row column_structure=\"1_2,1_2\u2033 _builder_version=\"4.16\u2033 _module_preset=\"default\" global_colors_info=\"{}\"][et_pb_column type=\"1_2\u2033 _builder_version=\"4.16\u2033 _module_preset=\"default\" global_colors_info=\"{}\"][et_pb_video src=\"https:\/\/prettechcanada.com\/wp-content\/uploads\/2021\/01\/stills1.mp4\u2033 _builder_version=\"4.16\u2033 _module_preset=\"default\" global_colors_info=\"{}\"][\/et_pb_video][\/et_pb_column][et_pb_column type=\"1_2\u2033 _builder_version=\"4.16\u2033 _module_preset=\"default\" global_colors_info=\"{}\"][et_pb_video src=\"https:\/\/prettechcanada.com\/wp-content\/uploads\/2021\/01\/stills2.mp4\u2033 _builder_version=\"4.16\u2033 _module_preset=\"default\" global_colors_info=\"{}\"][\/et_pb_video][\/et_pb_column][\/et_pb_row][\/et_pb_section][et_pb_section fb_built=\"1\u2033 _builder_version=\"4.16\u2033 _module_preset=\"default\" use_background_color_gradient=\"on\" background_color_gradient_stops=\"#140a02 0%|rgba(0,0,0,0,0.13) 100%\" background_color_gradient_overlays_image=\"on\" background_color_gradient_start=\"#140a02\u2033 background_color_gradient_end=\"rgba(0,0,0,0,0.13)\" background_image=\"https:\/\/prettechcanada.com\/wp-content\/uploads\/2021\/03\/tank-collage.jpg\" custom_padding=\"72px||52px|||\" global_colors_info=\"{}\"][et_pb_row _builder_version=\"4.16\u2033 _module_preset=\"default\" global_colors_info=\"{}\"][et_pb_column type=\"4_4\u2033 _builder_version=\"4.16\u2033 _module_preset=\"default\" global_colors_info=\"{}\"][et_pb_cta title=\"Construit pour des performances de pointe, la durabilit\u00e9 et la facilit\u00e9 d'utilisation ! \"button_text=\"Cliquez ici\" _builder_version=\"4.27.2\u2033 _module_preset=\"default\" header_font_size=\"30px\" body_font_size=\"18px\" background_color=\"rgba(0,0,0,0,0)\" global_colors_info=\"{}\"]<\/p>\n<p>Laissez-nous vous aider \u00e0 vous installer d\u00e8s aujourd'hui !<\/p>\n<p>[\/et_pb_cta][\/et_pb_column][\/et_pb_row][\/et_pb_section][et_pb_section fb_built=\"1\u2033 _builder_version=\"4.7.7\u2033 _module_preset=\"default\" background_color=\"#000000\u2033 background_enable_image=\"off\" global_module=\"84\u2033 saved_tabs=\"all\" global_colors_info=\"{}\"][et_pb_row column_structure=\"1_3,2_3\u2033 _builder_version=\"4.16\u2033 _module_preset=\"default\" global_colors_info=\"{}\"][et_pb_column type=\"1_3\u2033 _builder_version=\"4.16\u2033 _module_preset=\"default\" global_colors_info=\"{}\"][et_pb_text _builder_version=\"4.16\u2033 _module_preset=\"default\" text_font_size=\"17px\" header_2_text_color=\"#5bcc22\u2033 global_colors_info=\"{}\"]<\/p>\n<h2>Nous contacter<\/h2>\n<p><span style=\"color: #ffffff;\"><\/span><\/p>\n<p><span style=\"color: #ffffff;\"><strong>T\u00e9l : <span style=\"color: #ffffff;\"><a href=\"tel:604.783.6003\" style=\"color: #ffffff;\">604-783-6003<\/a><\/span><br \/>Fax : 778-371-3401<\/strong><\/span><br \/><span style=\"color: #ffffff;\"> <strong> <a href=\"mailto:mike@prettechcanada.com\" style=\"color: #ffffff;\">mike@prettechcanada.com<\/a><\/strong><\/span><\/p>\n<p>[\/et_pb_text][et_pb_button button_url=&#8221;https:\/\/prettechcanada.com\/request-a-quote\/&#8221; button_text=&#8221;Request a Quote&#8221; _builder_version=&#8221;4.27.2&#8243; _module_preset=&#8221;default&#8221; custom_button=&#8221;on&#8221; button_text_size=&#8221;15px&#8221; button_text_color=&#8221;#ffffff&#8221; button_bg_color=&#8221;#20af1d&#8221; button_use_icon=&#8221;off&#8221; vertical_offset_tablet=&#8221;0&#8243; horizontal_offset_tablet=&#8221;0&#8243; z_index_tablet=&#8221;0&#8243; button_text_shadow_horizontal_length_tablet=&#8221;0px&#8221; button_text_shadow_vertical_length_tablet=&#8221;0px&#8221; button_text_shadow_blur_strength_tablet=&#8221;1px&#8221; box_shadow_horizontal_tablet=&#8221;0px&#8221; box_shadow_vertical_tablet=&#8221;0px&#8221; box_shadow_blur_tablet=&#8221;40px&#8221; box_shadow_spread_tablet=&#8221;0px&#8221; global_colors_info=&#8221;{}&#8221;][\/et_pb_button][et_pb_blurb title=&#8221;Facebook&#8221; url=&#8221;http:\/\/www.facebook.com\/prettechcanadavancouver&#8221; url_new_window=&#8221;on&#8221; use_icon=&#8221;on&#8221; font_icon=&#8221;%%314%%&#8221; icon_placement=&#8221;left&#8221; font_icon_tablet=&#8221;%%314%%&#8221; font_icon_phone=&#8221;%%314%%&#8221; image_icon_width_tablet=&#8221;101px&#8221; _builder_version=&#8221;4.19.5&#8243; header_text_color=&#8221;#b28965&#8243; header_line_height=&#8221;1.7em&#8221; vertical_offset_tablet=&#8221;0&#8243; horizontal_offset_tablet=&#8221;0&#8243; z_index_tablet=&#8221;0&#8243; header_text_shadow_horizontal_length_tablet=&#8221;0px&#8221; header_text_shadow_vertical_length_tablet=&#8221;0px&#8221; header_text_shadow_blur_strength_tablet=&#8221;1px&#8221; body_text_shadow_horizontal_length_tablet=&#8221;0px&#8221; body_text_shadow_vertical_length_tablet=&#8221;0px&#8221; body_text_shadow_blur_strength_tablet=&#8221;1px&#8221; body_link_text_shadow_horizontal_length_tablet=&#8221;0px&#8221; body_link_text_shadow_vertical_length_tablet=&#8221;0px&#8221; body_link_text_shadow_blur_strength_tablet=&#8221;1px&#8221; body_ul_text_shadow_horizontal_length_tablet=&#8221;0px&#8221; body_ul_text_shadow_vertical_length_tablet=&#8221;0px&#8221; body_ul_text_shadow_blur_strength_tablet=&#8221;1px&#8221; body_ol_text_shadow_horizontal_length_tablet=&#8221;0px&#8221; body_ol_text_shadow_vertical_length_tablet=&#8221;0px&#8221; body_ol_text_shadow_blur_strength_tablet=&#8221;1px&#8221; body_quote_text_shadow_horizontal_length_tablet=&#8221;0px&#8221; body_quote_text_shadow_vertical_length_tablet=&#8221;0px&#8221; body_quote_text_shadow_blur_strength_tablet=&#8221;1px&#8221; box_shadow_horizontal_tablet=&#8221;0px&#8221; box_shadow_vertical_tablet=&#8221;0px&#8221; box_shadow_blur_tablet=&#8221;40px&#8221; box_shadow_spread_tablet=&#8221;0px&#8221; box_shadow_horizontal_image_tablet=&#8221;0px&#8221; box_shadow_vertical_image_tablet=&#8221;0px&#8221; box_shadow_blur_image_tablet=&#8221;40px&#8221; box_shadow_spread_image_tablet=&#8221;0px&#8221; text_shadow_horizontal_length_tablet=&#8221;0px&#8221; text_shadow_vertical_length_tablet=&#8221;0px&#8221; text_shadow_blur_strength_tablet=&#8221;1px&#8221; global_colors_info=&#8221;{}&#8221;][\/et_pb_blurb][et_pb_blurb title=&#8221;Twitter&#8221; url=&#8221;https:\/\/twitter.com\/PrettechCanada&#8221; url_new_window=&#8221;on&#8221; use_icon=&#8221;on&#8221; font_icon=&#8221;%%315%%&#8221; icon_placement=&#8221;left&#8221; font_icon_tablet=&#8221;%%315%%&#8221; font_icon_phone=&#8221;%%315%%&#8221; image_icon_width_tablet=&#8221;101px&#8221; _builder_version=&#8221;4.19.5&#8243; header_text_color=&#8221;#b28965&#8243; header_line_height=&#8221;1.7em&#8221; vertical_offset_tablet=&#8221;0&#8243; horizontal_offset_tablet=&#8221;0&#8243; z_index_tablet=&#8221;0&#8243; header_text_shadow_horizontal_length_tablet=&#8221;0px&#8221; header_text_shadow_vertical_length_tablet=&#8221;0px&#8221; header_text_shadow_blur_strength_tablet=&#8221;1px&#8221; body_text_shadow_horizontal_length_tablet=&#8221;0px&#8221; body_text_shadow_vertical_length_tablet=&#8221;0px&#8221; body_text_shadow_blur_strength_tablet=&#8221;1px&#8221; body_link_text_shadow_horizontal_length_tablet=&#8221;0px&#8221; body_link_text_shadow_vertical_length_tablet=&#8221;0px&#8221; body_link_text_shadow_blur_strength_tablet=&#8221;1px&#8221; body_ul_text_shadow_horizontal_length_tablet=&#8221;0px&#8221; body_ul_text_shadow_vertical_length_tablet=&#8221;0px&#8221; body_ul_text_shadow_blur_strength_tablet=&#8221;1px&#8221; body_ol_text_shadow_horizontal_length_tablet=&#8221;0px&#8221; body_ol_text_shadow_vertical_length_tablet=&#8221;0px&#8221; body_ol_text_shadow_blur_strength_tablet=&#8221;1px&#8221; body_quote_text_shadow_horizontal_length_tablet=&#8221;0px&#8221; body_quote_text_shadow_vertical_length_tablet=&#8221;0px&#8221; body_quote_text_shadow_blur_strength_tablet=&#8221;1px&#8221; box_shadow_horizontal_tablet=&#8221;0px&#8221; box_shadow_vertical_tablet=&#8221;0px&#8221; box_shadow_blur_tablet=&#8221;40px&#8221; box_shadow_spread_tablet=&#8221;0px&#8221; box_shadow_horizontal_image_tablet=&#8221;0px&#8221; box_shadow_vertical_image_tablet=&#8221;0px&#8221; box_shadow_blur_image_tablet=&#8221;40px&#8221; box_shadow_spread_image_tablet=&#8221;0px&#8221; text_shadow_horizontal_length_tablet=&#8221;0px&#8221; text_shadow_vertical_length_tablet=&#8221;0px&#8221; text_shadow_blur_strength_tablet=&#8221;1px&#8221; global_colors_info=&#8221;{}&#8221;][\/et_pb_blurb][et_pb_blurb title=&#8221;Instagram&#8221; url=&#8221;https:\/\/www.instagram.com\/prettechcanada\/&#8221; url_new_window=&#8221;on&#8221; use_icon=&#8221;on&#8221; font_icon=&#8221;%%321%%&#8221; icon_placement=&#8221;left&#8221; font_icon_tablet=&#8221;%%321%%&#8221; font_icon_phone=&#8221;%%321%%&#8221; image_icon_width_tablet=&#8221;101px&#8221; _builder_version=&#8221;4.19.5&#8243; header_text_color=&#8221;#b28965&#8243; header_line_height=&#8221;1.7em&#8221; vertical_offset_tablet=&#8221;0&#8243; horizontal_offset_tablet=&#8221;0&#8243; z_index_tablet=&#8221;0&#8243; header_text_shadow_horizontal_length_tablet=&#8221;0px&#8221; header_text_shadow_vertical_length_tablet=&#8221;0px&#8221; header_text_shadow_blur_strength_tablet=&#8221;1px&#8221; body_text_shadow_horizontal_length_tablet=&#8221;0px&#8221; body_text_shadow_vertical_length_tablet=&#8221;0px&#8221; body_text_shadow_blur_strength_tablet=&#8221;1px&#8221; body_link_text_shadow_horizontal_length_tablet=&#8221;0px&#8221; body_link_text_shadow_vertical_length_tablet=&#8221;0px&#8221; body_link_text_shadow_blur_strength_tablet=&#8221;1px&#8221; body_ul_text_shadow_horizontal_length_tablet=&#8221;0px&#8221; body_ul_text_shadow_vertical_length_tablet=&#8221;0px&#8221; body_ul_text_shadow_blur_strength_tablet=&#8221;1px&#8221; body_ol_text_shadow_horizontal_length_tablet=&#8221;0px&#8221; body_ol_text_shadow_vertical_length_tablet=&#8221;0px&#8221; body_ol_text_shadow_blur_strength_tablet=&#8221;1px&#8221; body_quote_text_shadow_horizontal_length_tablet=&#8221;0px&#8221; body_quote_text_shadow_vertical_length_tablet=&#8221;0px&#8221; body_quote_text_shadow_blur_strength_tablet=&#8221;1px&#8221; box_shadow_horizontal_tablet=&#8221;0px&#8221; box_shadow_vertical_tablet=&#8221;0px&#8221; box_shadow_blur_tablet=&#8221;40px&#8221; box_shadow_spread_tablet=&#8221;0px&#8221; box_shadow_horizontal_image_tablet=&#8221;0px&#8221; box_shadow_vertical_image_tablet=&#8221;0px&#8221; box_shadow_blur_image_tablet=&#8221;40px&#8221; box_shadow_spread_image_tablet=&#8221;0px&#8221; text_shadow_horizontal_length_tablet=&#8221;0px&#8221; text_shadow_vertical_length_tablet=&#8221;0px&#8221; text_shadow_blur_strength_tablet=&#8221;1px&#8221; global_colors_info=&#8221;{}&#8221;][\/et_pb_blurb][et_pb_blurb title=&#8221;LinkedIn&#8221; url=&#8221;https:\/\/www.linkedin.com\/company\/prettech-canada\/&#8221; url_new_window=&#8221;on&#8221; use_icon=&#8221;on&#8221; font_icon=&#8221;%%324%%&#8221; icon_placement=&#8221;left&#8221; font_icon_tablet=&#8221;%%324%%&#8221; font_icon_phone=&#8221;%%324%%&#8221; image_icon_width_tablet=&#8221;101px&#8221; _builder_version=&#8221;4.19.5&#8243; header_text_color=&#8221;#b28965&#8243; header_line_height=&#8221;1.7em&#8221; vertical_offset_tablet=&#8221;0&#8243; horizontal_offset_tablet=&#8221;0&#8243; z_index_tablet=&#8221;0&#8243; header_text_shadow_horizontal_length_tablet=&#8221;0px&#8221; header_text_shadow_vertical_length_tablet=&#8221;0px&#8221; header_text_shadow_blur_strength_tablet=&#8221;1px&#8221; body_text_shadow_horizontal_length_tablet=&#8221;0px&#8221; body_text_shadow_vertical_length_tablet=&#8221;0px&#8221; body_text_shadow_blur_strength_tablet=&#8221;1px&#8221; body_link_text_shadow_horizontal_length_tablet=&#8221;0px&#8221; body_link_text_shadow_vertical_length_tablet=&#8221;0px&#8221; body_link_text_shadow_blur_strength_tablet=&#8221;1px&#8221; body_ul_text_shadow_horizontal_length_tablet=&#8221;0px&#8221; body_ul_text_shadow_vertical_length_tablet=&#8221;0px&#8221; body_ul_text_shadow_blur_strength_tablet=&#8221;1px&#8221; body_ol_text_shadow_horizontal_length_tablet=&#8221;0px&#8221; body_ol_text_shadow_vertical_length_tablet=&#8221;0px&#8221; body_ol_text_shadow_blur_strength_tablet=&#8221;1px&#8221; body_quote_text_shadow_horizontal_length_tablet=&#8221;0px&#8221; body_quote_text_shadow_vertical_length_tablet=&#8221;0px&#8221; body_quote_text_shadow_blur_strength_tablet=&#8221;1px&#8221; box_shadow_horizontal_tablet=&#8221;0px&#8221; box_shadow_vertical_tablet=&#8221;0px&#8221; box_shadow_blur_tablet=&#8221;40px&#8221; box_shadow_spread_tablet=&#8221;0px&#8221; box_shadow_horizontal_image_tablet=&#8221;0px&#8221; box_shadow_vertical_image_tablet=&#8221;0px&#8221; box_shadow_blur_image_tablet=&#8221;40px&#8221; box_shadow_spread_image_tablet=&#8221;0px&#8221; text_shadow_horizontal_length_tablet=&#8221;0px&#8221; text_shadow_vertical_length_tablet=&#8221;0px&#8221; text_shadow_blur_strength_tablet=&#8221;1px&#8221; global_colors_info=&#8221;{}&#8221;][\/et_pb_blurb][\/et_pb_column][et_pb_column type=&#8221;2_3&#8243; _builder_version=&#8221;4.16&#8243; _module_preset=&#8221;default&#8221; global_colors_info=&#8221;{}&#8221;][et_pb_code _builder_version=&#8221;4.19.4&#8243; _module_preset=&#8221;default&#8221; vertical_offset_tablet=&#8221;0&#8243; horizontal_offset_tablet=&#8221;0&#8243; z_index_tablet=&#8221;0&#8243; box_shadow_horizontal_tablet=&#8221;0px&#8221; box_shadow_vertical_tablet=&#8221;0px&#8221; box_shadow_blur_tablet=&#8221;40px&#8221; box_shadow_spread_tablet=&#8221;0px&#8221; global_colors_info=&#8221;{}&#8221;]<\/p>\n<div id=\"wufoo-s1eudtjg02sdcnq\"> Remplir mon <a href=\"https:\/\/collinwo.wufoo.com\/forms\/s1eudtjg02sdcnq\">formulaire en ligne<\/a>. <\/div>\n<p> <script type=\"text\/javascript\"> var s1eudtjg02sdcnq; (function(d, t) { var s = d.createElement(t), options = { 'userName':'collinwo', 'formHash':'s1eudtjg02sdcnq', 'autoResize':true, 'height':'617', 'async':true, 'host':'wufoo.com', 'header':'show', 'ssl':true }; s.src = ('https:' == d.location.protocol ?'https:\/\/':'http:\/\/') + 'secure.wufoo.com\/scripts\/embed\/form.js'; s.onload = s.onreadystatechange = function() { var rs = this.readyState; if (rs) if (rs != 'complete') if (rs != 'loaded') return; try { s1eudtjg02sdcnq = new WufooForm(); s1eudtjg02sdcnq.initialize(options); s1eudtjg02sdcnq.display(); } catch (e) { } }; var scr = d.getElementsByTagName(t)[0], par = scr.parentNode; par.insertBefore(s, scr); })(document, 'script'); <\/script>[\/et_pb_code][\/et_pb_column][\/et_pb_row][\/et_pb_section]<\/p>","protected":false},"excerpt":{"rendered":"<p>Syst\u00e8me d'alambic haute performance Notre alambic haut de gamme est con\u00e7u pour une efficacit\u00e9 et une pr\u00e9cision maximales, parfait pour vos besoins en mati\u00e8re de distillation : - Mat\u00e9riau : CU12200 &amp; SS304- Volume utile : 500L | Volume pr\u00e9vu : 850L- Forme : Cuvette en haut et en bas, taille du cylindre \u00f81000mm*700mm- Isolation : Mousse PU (50mm) avec rev\u00eatement SS304- Agitateur : 1.1kw, 120rpm, moteur antid\u00e9flagrant approuv\u00e9 CSA- Accessoires : Mat\u00e9riau [...]<\/p>","protected":false},"author":1,"featured_media":0,"parent":0,"menu_order":0,"comment_status":"closed","ping_status":"closed","template":"","meta":{"_et_pb_use_builder":"on","_et_pb_old_content":"<!-- wp:divi\/placeholder \/-->","_et_gb_content_width":"","_monsterinsights_skip_tracking":false,"_monsterinsights_sitenote_active":false,"_monsterinsights_sitenote_note":"","_monsterinsights_sitenote_category":0,"footnotes":""},"class_list":["post-27","page","type-page","status-publish","hentry"],"aioseo_notices":[],"_links":{"self":[{"href":"https:\/\/prettechcanada.com\/fr\/wp-json\/wp\/v2\/pages\/27","targetHints":{"allow":["GET"]}}],"collection":[{"href":"https:\/\/prettechcanada.com\/fr\/wp-json\/wp\/v2\/pages"}],"about":[{"href":"https:\/\/prettechcanada.com\/fr\/wp-json\/wp\/v2\/types\/page"}],"author":[{"embeddable":true,"href":"https:\/\/prettechcanada.com\/fr\/wp-json\/wp\/v2\/users\/1"}],"replies":[{"embeddable":true,"href":"https:\/\/prettechcanada.com\/fr\/wp-json\/wp\/v2\/comments?post=27"}],"version-history":[{"count":4,"href":"https:\/\/prettechcanada.com\/fr\/wp-json\/wp\/v2\/pages\/27\/revisions"}],"predecessor-version":[{"id":990,"href":"https:\/\/prettechcanada.com\/fr\/wp-json\/wp\/v2\/pages\/27\/revisions\/990"}],"wp:attachment":[{"href":"https:\/\/prettechcanada.com\/fr\/wp-json\/wp\/v2\/media?parent=27"}],"curies":[{"name":"wp","href":"https:\/\/api.w.org\/{rel}","templated":true}]}}