{"id":29,"date":"2021-01-05T18:32:06","date_gmt":"2021-01-05T18:32:06","guid":{"rendered":"https:\/\/prettechcanada.com\/?page_id=29"},"modified":"2022-09-19T21:22:58","modified_gmt":"2022-09-19T21:22:58","slug":"testimonials","status":"publish","type":"page","link":"https:\/\/prettechcanada.com\/fr\/testimonials\/","title":{"rendered":"T\u00e9moignages"},"content":{"rendered":"<p>[et_pb_section fb_built=\"1\u2033 _builder_version=\"4.16\u2033 _module_preset=\"default\" use_background_color_gradient=\"on\" background_color_gradient_stops=\"rgba(0,0,0,0,0.45) 0%|rgba(0,0,0,0,0.5) 100%\" background_color_gradient_overlays_image=\"on\" background_color_gradient_start=\"rgba(0,0,0,0,0.45)\" background_color_gradient_end=\"rgba(0,0,0,0,0.5)\" background_image=\"https:\/\/prettechcanada.com\/wp-content\/uploads\/2021\/01\/beer-sampler.jpg\" min_height=\"531px\" custom_padding=\"157px||123px||\" global_colors_info=\"{}\"][et_pb_row _builder_version=\"4.16\u2033 _module_preset=\"default\" global_colors_info=\"{}\"][et_pb_column type=\"4_4\u2033 _builder_version=\"4.16\u2033 _module_preset=\"default\" global_colors_info=\"{}\"][et_pb_cta title=\"TESTIMONIALS\" button_url=\"tel:604-783-6003\u2033 _builder_version=\"4.18.0\u2033 _module_preset=\"default\" header_font=\"|700|||||||\" header_font_size=\"53px\" body_font_size=\"24px\" background_color=\"rgba(0,0,0,0)\" custom_button=\"on\" button_bg_color=\"#e02b20\u2033 button_border_radius=\"0px\" button_font=\"|600|||||||\" hover_enabled=\"0\u2033 header_font_size_tablet=\"\" header_font_size_phone=\"28px\" header_font_size_last_edited=\"on|phone\" global_colors_info=\"{}\" header_level=\"h1\u2033 sticky_enabled=\"0\u2033][\/et_pb_cta][\/et_pb_column][\/et_pb_row][\/et_pb_section][et_pb_section fb_built=\"1\u2033 _builder_version=\"4.16\u2033 _module_preset=\"default\" background_image=\"https:\/\/prettechcanada.com\/wp-content\/uploads\/2021\/01\/brewhouse-fade.jpg\" custom_padding=\"75px|||||\" global_colors_info=\"{}\"][et_pb_row _builder_version=\"4.16\u2033 _module_preset=\"default\" global_colors_info=\"{}\"][et_pb_column type=\"4_4\u2033 _builder_version=\"4.16\u2033 _module_preset=\"default\" global_colors_info=\"{}\"][et_pb_testimonial author=\"Patrick L.\" company_name=\"Fairbanks Distilling Company, Fairbanks, AK\" quote_icon_color=\"#5bcc22\u2033 _builder_version=\"4.16\u2033 _module_preset=\"default\" global_colors_info=\"{}\"][et_pb_testimonial author=\"Patrick L.\" quote_icon_color=\"#5bcc22\u2033 _builder_version=\"4.16\u2033 _module_preset=\"default\" global_colors_info=\"{}\"]<\/p>\n<p>Si vous \u00eates \u00e0 la recherche de la meilleure offre, d'un \u00e9quipement de la plus haute qualit\u00e9, Prettech Canada est la meilleure entreprise \u00e0 choisir. Je vis en Alaska et j'\u00e9tais inquiet de traiter avec une entreprise internationale, mais j'ai d\u00e9couvert que mes inqui\u00e9tudes \u00e9taient sans fondement. Les soudures de ma salle de brassage et de mes r\u00e9servoirs sont parfaites et je suis tr\u00e8s satisfait de la haute qualit\u00e9. En fait, j'ai m\u00eame visit\u00e9 l'usine moderne de Prettech et j'ai rencontr\u00e9 leur chef d'atelier, Will, et beaucoup d'autres artisans. Tous sont des artisans tr\u00e8s comp\u00e9tents. J'ai pu assister aux v\u00e9rifications finales de mon syst\u00e8me et faire un ajustement de derni\u00e8re minute dans l'emplacement de l'\u00e9changeur de chaleur et du bain de levure, ce qui s'est av\u00e9r\u00e9 crucial pour l'int\u00e9gration de mon syst\u00e8me avec mon \u00e9quipement d'origine. Le propri\u00e9taire de Prettech Canada, Michael Chapin, est tr\u00e8s facile \u00e0 contacter et r\u00e9pond \u00e0 toutes les questions en temps opportun. C'est comme si Michael ne dormait jamais. Je suis tellement satisfait de mon achat chez Prettech Canada que je les recommanderais \u00e0 d'autres entreprises, grandes ou petites. Vous \u00eates entre bonnes mains avec Prettech Canada et Michael.<\/p>\n<p>[\/et_pb_testimonial][et_pb_testimonial author=\"Boyd C. \" company_name=\"Boyd Cliffside Cedar, Squamish B.C.\" quote_icon_color=\"#5bcc22\u2033 _builder_version=\"4.16\u2033 _module_preset=\"default\" global_colors_info=\"{}\"]<\/p>\n<p>Nous venons de lancer notre cidrerie en juillet. Michael a \u00e9t\u00e9 excellent dans son approche de nos besoins et il s'int\u00e9ressait vraiment \u00e0 notre succ\u00e8s. Son suivi s'est fait en temps opportun et son soutien se poursuit encore aujourd'hui. Merci \u00e0 Michael et \u00e0 Prettech Canada !<span class=\"Apple-converted-space\">\u00a0<\/span><\/p>\n<p>[\/et_pb_testimonial][et_pb_testimonial author=\"Rhys\" company_name=\"Omen Brewing\" quote_icon_color=\"#5bcc22\u2033 _builder_version=\"4.16\u2033 _module_preset=\"default\" global_colors_info=\"{}\"]<\/p>\n<p>Nous avons r\u00e9cemment achet\u00e9 une brasserie de 10 litres \u00e0 Prettech Canada et nous sommes tr\u00e8s satisfaits de la qualit\u00e9 du produit et de la main-d'\u0153uvre. Nous avons eu quelques probl\u00e8mes mineurs en cours de route, mais Michael a \u00e9t\u00e9 en mesure de les r\u00e9soudre rapidement et de nous aider jusqu'\u00e0 ce que nous soyons enti\u00e8rement satisfaits.<\/p>\n<p>[\/et_pb_testimonial][et_pb_testimonial author=\"Dana B\" company_name=\"Skyline Brewing Co.\" quote_icon_color=\"#5bcc22\u2033 _builder_version=\"4.16\u2033 _module_preset=\"default\" global_colors_info=\"{}\"]<\/p>\n<p>J'ai eu une excellente exp\u00e9rience avec Mike de Prettech, qui a rendu la commande et la finalisation du produit tr\u00e8s simples et beaucoup moins accablantes. Des lignes de communication claires ont permis de r\u00e9duire le stress et les inqui\u00e9tudes. Sa capacit\u00e9 \u00e0 personnaliser notre brasserie a permis d'int\u00e9grer notre syst\u00e8me de 10 BBL dans notre petit espace.<\/p>\n<p>[\/et_pb_testimonial][et_pb_testimonial author=\"Matt C.\" company_name=\"Blue Vodka\" quote_icon_color=\"#5bcc22\u2033 _builder_version=\"4.16\u2033 _module_preset=\"default\" global_colors_info=\"{}\"]<\/p>\n<p>J'avais des questions et des probl\u00e8mes de brassage difficiles et Prettech Canada m'a aid\u00e9 \u00e0 les r\u00e9soudre. Non seulement j'ai obtenu les r\u00e9servoirs personnalis\u00e9s dont j'avais besoin, mais aussi les conseils d'experts que je recherchais. Merci \u00e0 Michael et \u00e0 son \u00e9quipe d'avoir pris grand soin de moi. Je n'aurais rien pu demander de plus.<\/p>\n<p>[\/et_pb_testimonial][et_pb_testimonial author=\"Shane S.\" quote_icon_color=\"#5bcc22\u2033 _builder_version=\"4.16\u2033 _module_preset=\"default\" global_colors_info=\"{}\"]<\/p>\n<p>Nous avons v\u00e9cu une exp\u00e9rience formidable avec Michael et l'\u00e9quipe de Prettech. Bien s\u00fbr, il y a eu quelques probl\u00e8mes en cours de route, mais je ne me suis jamais engag\u00e9 dans un projet de quelque envergure que ce soit qui n'en ait pas connu. Michael s'est montr\u00e9 attentif mais jamais pressant tout au long du processus de d\u00e9couverte et de vente, et il a pratiquement atteint tous les objectifs que nous nous \u00e9tions fix\u00e9s. Je ne suis pas s\u00fbr que cet homme dorme jamais (avez-vous un jumeau, Michael ?). Nous avons \u00e9t\u00e9 tenus au courant tout au long du processus et nous sommes extr\u00eamement satisfaits de la qualit\u00e9 de fabrication de notre salle de brassage et des autres r\u00e9cipients.<\/p>\n<p>[\/et_pb_testimonial][\/et_pb_column][\/et_pb_row][\/et_pb_section][et_pb_section fb_built=\"1\u2033 _builder_version=\"4.16\u2033 _module_preset=\"default\" use_background_color_gradient=\"on\" background_color_gradient_stops=\"#140a02 0%|rgba(0,0,0,0,0.13) 100%\" background_color_gradient_overlays_image=\"on\" background_color_gradient_start=\"#140a02\u2033 background_color_gradient_end=\"rgba(0,0,0,0,0,0.13)\" background_image=\"https:\/\/prettechcanada.com\/wp-content\/uploads\/2021\/03\/tank-collage.jpg\" custom_padding=\"72px||52px|||\" global_colors_info=\"{}\"][et_pb_row _builder_version=\"4.16\u2033 _module_preset=\"default\" global_colors_info=\"{}\"][et_pb_column type=\"4_4\u2033 _builder_version=\"4.16\u2033 _module_preset=\"default\" global_colors_info=\"{}\"][et_pb_cta title=\"Vous voulez en savoir plus ?\" button_text=\"Cliquez ici\" _builder_version=\"4.16\u2033 _module_preset=\"default\" header_font_size=\"30px\" body_font_size=\"18px\" background_color=\"rgba(0,0,0,0)\" global_colors_info=\"{}\"]<\/p>\n<p>Il vous suffit de nous contacter et nous vous r\u00e9pondrons dans les plus brefs d\u00e9lais.<\/p>\n<p>[\/et_pb_cta][\/et_pb_column][\/et_pb_row][\/et_pb_section][et_pb_section fb_built=\"1\u2033 _builder_version=\"4.7.7\u2033 _module_preset=\"default\" background_color=\"#000000\u2033 background_enable_image=\"off\" global_module=\"84\u2033 saved_tabs=\"all\" global_colors_info=\"{}\"][et_pb_row column_structure=\"1_3,2_3\u2033 _builder_version=\"4.16\u2033 _module_preset=\"default\" global_colors_info=\"{}\"][et_pb_column type=\"1_3\u2033 _builder_version=\"4.16\u2033 _module_preset=\"default\" global_colors_info=\"{}\"][et_pb_text _builder_version=\"4.16\u2033 _module_preset=\"default\" text_font_size=\"17px\" header_2_text_color=\"#5bcc22\u2033 global_colors_info=\"{}\"]<\/p>\n<h2>Nous contacter<\/h2>\n<p><span style=\"color: #ffffff;\"><\/span><\/p>\n<p><span style=\"color: #ffffff;\"><strong>T\u00e9l : <span style=\"color: #ffffff;\"><a href=\"tel:604.783.6003\" style=\"color: #ffffff;\">604-783-6003<\/a><\/span><br \/>Fax : 778-371-3401<\/strong><\/span><br \/><span style=\"color: #ffffff;\"> <strong> <a href=\"mailto:mike@prettechcanada.com\" style=\"color: #ffffff;\">mike@prettechcanada.com<\/a><\/strong><\/span><\/p>\n<p>[\/et_pb_text][et_pb_button button_url=\"https:\/\/cal.services\/havenplex\/My-Meeting\/dv24IfOAV\" button_text=\"R\u00e9servez du temps avec un ing\u00e9nieur\" _builder_version=\"4.16\u2033 _module_preset=\"default\" custom_button=\"on\" button_text_size=\"15px\" button_text_color=\"#ffff\" button_bg_color=\"#20af1d\" button_icon=\"\ue025||divi||400\u2033 global_colors_info=\"{}\"][\/et_pb_button][et_pb_social_media_follow _builder_version=\"4.16\u2033 _module_preset=\"default\" global_colors_info=\"{}\"][et_pb_social_media_follow_network social_network=\"facebook\" url=\"https:\/\/www.facebook.com\/prettechcanadavancouver\/\" _builder_version=\"4.16\u2033 _module_preset=\"default\" background_color=\"#3b5998\u2033 global_colors_info=\"{}\" follow_button=\"off\" url_new_window=\"on\"]facebook[\/et_pb_social_media_follow_network][et_pb_social_media_follow_network social_network=\"twitter\" url=\"https:\/\/twitter.com\/prettech_canada\" _builder_version=\"4.16\u2033 _module_preset=\"default\" background_color=\"#00aced\" global_colors_info=\"{}\" follow_button=\"off\" url_new_window=\"on\"]twitter[\/et_pb_social_media_follow_network][et_pb_social_media_follow_network social_network=\"instagram\" url=\"https:\/\/www.instagram.com\/prettechcanada\/\" _builder_version=\"4.16\u2033 _module_preset=\"default\" background_color=\"#ea2c59\u2033 global_colors_info=\"{}\" follow_button=\"off\" url_new_window=\"on\"]instagram[\/et_pb_social_media_follow_network][\/et_pb_social_media_follow][\/et_pb_column][et_pb_column type=\"2_3\u2033 _builder_version=\"4.16\u2033 _module_preset=\"default\" global_colors_info=\"{}\"][et_pb_contact_form use_spam_service=\"on\" recaptcha_list=\"Prettech|Prettech-0\u2033 email=\"havenplex@gmail.com\" title=\"Message Prettech Canada\" custom_message=\"%%name%%||et_pb_line_break_holder||%%email%%||et_pb_line_break_holder|%%phone%%||et_pb_line_break_holder||%%company%%||et_pb_line_break_holder|||%%message%%\" success_message=\"Merci pour votre message.\"module_id=\"contactForm\" _builder_version=\"4.18.0\u2033 _module_preset=\u201ddefault\u201d _unique_id=\u201d1f8b8ac7-48bb-4152-a22c-7bf313178c2a\" title_level=\"h4\u2033 title_font=\"||||||||\" title_text_color=\"#5bcc22\u2033 title_font_size=\"24px\" captcha_text_color=\"#ffffff\" custom_button=\"on\" button_text_color=\"#FFFFFF\" button_bg_color=\"#5bcc22\u2033 button_border_color=\"RGBA(0,0,0,0)\" global_colors_info=\"{}\"][et_pb_contact_field field_id=\"Nom\" field_title=\"Nom\" _builder_version=\"4.16\u2033 global_colors_info=\"{}\" button_text_size__hover_enabled=\"off\" button_one_text_size__hover_enabled=\"off\" button_two_text_size__hover_enabled=\"off\" button_text_color__hover_enabled=\"off\" button_one_text_color__hover_enabled=\"off\" button_two_text_color__hover_enabled=\"off\" button_border_width__hover_enabled=\"off\" button_one_border_width__hover_enabled=\"off\" button_two_border_width__hover_enabled=\"off\" button_border_color__hover_enabled=\"off\" button_one_border_color__hover_enabled=\"off\" button_two_border_color__hover_enabled=\"off\" button_border_radius__hover_enabled=\"off\" button_one_border_radius__hover_enabled=\"off\" button_two_border_radius__hover_enabled=\"off\" button_letter_spacing__hover_enabled=\"off\" button_one_letter_spacing__hover_enabled=\"off\" button_two_letter_spacing__hover_enabled=\"off\" button_bg_color__hover_enabled=\"off\" button_one_bg_color__hover_enabled=\"off\" button_two_bg_color__hover_enabled=\"off\"][\/et_pb_contact_field][et_pb_contact_field field_id=\"Email\" field_title=\"Email\" field_type=\"email\" _builder_version=\"4.16\u2033 global_colors_info=\"{}\" button_text_size__hover_enabled=\"off\" button_one_text_size__hover_enabled=\"off\" button_two_text_size__hover_enabled=\"off\" button_text_color__hover_enabled=\"off\" button_one_text_color__hover_enabled=\"off\" button_two_text_color__hover_enabled=\"off\" button_border_width__hover_enabled=\"off\" button_one_border_width__hover_enabled=\"off\" button_two_border_width__hover_enabled=\"off\" button_border_color__hover_enabled=\"off\" button_one_border_color__hover_enabled=\"off\" button_one_border_color__hover_enabled=\"off\" button_two_border_color__hover_enabled=\"off\" button_border_radius__hover_enabled=\"off\" button_one_border_radius__hover_enabled=\"off\" button_two_border_radius__hover_enabled=\"off\" button_letter_spacing__hover_enabled=\"off\" button_one_letter_spacing__hover_enabled=\"off\" button_two_letter_spacing__hover_enabled=\"off\" button_bg_color__hover_enabled=\"off\" button_one_bg_color__hover_enabled=\"off\" button_two_bg_color__hover_enabled=\"off\"][\/et_pb_contact_field][et_pb_contact_field field_id=\"Phone\" field_title=\"Phone\" _builder_version=\"4.16\u2033 global_colors_info=\"{}\" button_text_size__hover_enabled=\"off\" button_one_text_size__hover_enabled=\"off\" button_two_text_size__hover_enabled=\"off\" button_text_color__hover_enabled=\"off\" button_one_text_color__hover_enabled=\"off\" button_two_text_color__hover_enabled=\"off\" button_border_width__hover_enabled=\"off\" button_one_border_width__hover_enabled=\"off\" button_two_border_width__hover_enabled=\"off\" button_border_color__hover_enabled=\"off\" button_one_border_color__hover_enabled=\"off\" button_one_border_color__hover_enabled=\"off\" button_two_border_color__hover_enabled=\"off\" button_border_radius__hover_enabled=\"off\" button_one_border_radius__hover_enabled=\"off\" button_two_border_radius__hover_enabled=\"off\" button_letter_spacing__hover_enabled=\"off\" button_one_letter_spacing__hover_enabled=\"off\" button_two_letter_spacing__hover_enabled=\"off\" button_bg_color__hover_enabled=\"off\" button_one_bg_color__hover_enabled=\"off\" button_two_bg_color__hover_enabled=\"off\"][\/et_pb_contact_field][et_pb_contact_field field_id=\"Entreprise\" field_title=\"Entreprise\" _builder_version=\"4.16\u2033 global_colors_info=\"{}\" button_text_size__hover_enabled=\"off\" button_one_text_size__hover_enabled=\"off\" button_two_text_size__hover_enabled=\"off\" button_text_color__hover_enabled=\"off\" button_one_text_color__hover_enabled=\"off\" button_two_text_color__hover_enabled=\"off\" button_border_width__hover_enabled=\"off\" button_one_border_width__hover_enabled=\"off\" button_two_border_width__hover_enabled=\"off\" button_border_color__hover_enabled=\"off\" button_one_border_color__hover_enabled=\"off\" button_two_border_color__hover_enabled=\"off\" button_border_radius__hover_enabled=\"off\" button_one_border_radius__hover_enabled=\"off\" button_two_border_radius__hover_enabled=\"off\" button_letter_spacing__hover_enabled=\"off\" button_one_letter_spacing__hover_enabled=\"off\" button_two_letter_spacing__hover_enabled=\"off\" button_bg_color__hover_enabled=\"off\" button_one_bg_color__hover_enabled=\"off\" button_two_bg_color__hover_enabled=\"off\"][\/et_pb_contact_field][et_pb_contact_field field_id=\"Message\" field_title=\"Message\" field_type=\"text\" fullwidth_field=\"on\" _builder_version=\"4.16\u2033 global_colors_info=\"{}\" button_text_size__hover_enabled=\"off\" button_one_text_size__hover_enabled=\"off\" button_two_text_size__hover_enabled=\"off\" button_text_color__hover_enabled=\"off\" button_one_text_color__hover_enabled=\"off\" button_two_text_color__hover_enabled=\"off\" button_border_width__hover_enabled=\"off\" button_one_border_width__hover_enabled=\"off\" button_two_border_width__hover_enabled=\"off\" button_border_color__hover_enabled=\"off\" button_one_border_color__hover_enabled=\"off\" button_one_border_color__hover_enabled=\"off\" button_two_border_color__hover_enabled=\"off\" button_border_radius__hover_enabled=\"off\" button_one_border_radius__hover_enabled=\"off\" button_two_border_radius__hover_enabled=\"off\" button_letter_spacing__hover_enabled=\"off\" button_one_letter_spacing__hover_enabled=\"off\" button_two_letter_spacing__hover_enabled=\"off\" button_bg_color__hover_enabled=\"off\" button_one_bg_color__hover_enabled=\"off\" button_two_bg_color__hover_enabled=\"off\"][\/et_pb_contact_field][\/et_pb_contact_form][et_pb_text _builder_version=\"4.16\u2033 _module_preset=\"default\" text_font_size=\"11px\" global_colors_info=\"{}\"]<\/p>\n<div class=\"\">\n<div><span style=\"color: #ffffff;\"><span class=\"enlighter-text\"><span style=\"color: #999999;\">Ce site est prot\u00e9g\u00e9 par reCAPTCHA et la technologie Google<\/span>\u00a0<\/span><span class=\"enlighter-g1\"><\/span><span style=\"color: #999999;\"><a href=\"https:\/\/policies.google.com\/privacy\" target=\"_blank\" rel=\"noopener noreferrer\" style=\"color: #999999;\"><span class=\"enlighter-text\">Politique de confidentialit\u00e9<\/span><\/a><\/span><span class=\"enlighter-text\"><span style=\"color: #ff0000;\">\u00a0<\/span><span style=\"color: #999999;\">et<\/span><span style=\"color: #ff0000;\">\u00a0<\/span><\/span><span class=\"enlighter-text\"><span style=\"color: #999999;\"><a href=\"https:\/\/policies.google.com\/terms\" target=\"_blank\" rel=\"noopener noreferrer\" style=\"color: #999999;\">Conditions d'utilisation<\/a><\/span>\u00a0<\/span><span class=\"enlighter-text\" style=\"color: #999999;\">s'appliquer.<\/span><\/span><\/div>\n<\/div>\n<p>[\/et_pb_text][\/et_pb_column][\/et_pb_row][\/et_pb_section]<\/p>","protected":false},"excerpt":{"rendered":"<p>Si vous \u00eates \u00e0 la recherche de la meilleure offre, d'un \u00e9quipement de la plus haute qualit\u00e9, Prettech Canada est la meilleure entreprise \u00e0 choisir. Je vis en Alaska et j'\u00e9tais inquiet \u00e0 l'id\u00e9e de traiter avec une entreprise internationale, mais j'ai d\u00e9couvert que mes inqui\u00e9tudes \u00e9taient sans fondement. Ma salle de brassage et mes r\u00e9servoirs avaient des soudures parfaites et je suis [...]<\/p>","protected":false},"author":1,"featured_media":0,"parent":0,"menu_order":0,"comment_status":"closed","ping_status":"closed","template":"","meta":{"_et_pb_use_builder":"on","_et_pb_old_content":"<!-- wp:divi\/placeholder \/-->","_et_gb_content_width":"","_monsterinsights_skip_tracking":false,"_monsterinsights_sitenote_active":false,"_monsterinsights_sitenote_note":"","_monsterinsights_sitenote_category":0,"footnotes":""},"class_list":["post-29","page","type-page","status-publish","hentry"],"aioseo_notices":[],"_links":{"self":[{"href":"https:\/\/prettechcanada.com\/fr\/wp-json\/wp\/v2\/pages\/29","targetHints":{"allow":["GET"]}}],"collection":[{"href":"https:\/\/prettechcanada.com\/fr\/wp-json\/wp\/v2\/pages"}],"about":[{"href":"https:\/\/prettechcanada.com\/fr\/wp-json\/wp\/v2\/types\/page"}],"author":[{"embeddable":true,"href":"https:\/\/prettechcanada.com\/fr\/wp-json\/wp\/v2\/users\/1"}],"replies":[{"embeddable":true,"href":"https:\/\/prettechcanada.com\/fr\/wp-json\/wp\/v2\/comments?post=29"}],"version-history":[{"count":1,"href":"https:\/\/prettechcanada.com\/fr\/wp-json\/wp\/v2\/pages\/29\/revisions"}],"predecessor-version":[{"id":562,"href":"https:\/\/prettechcanada.com\/fr\/wp-json\/wp\/v2\/pages\/29\/revisions\/562"}],"wp:attachment":[{"href":"https:\/\/prettechcanada.com\/fr\/wp-json\/wp\/v2\/media?parent=29"}],"curies":[{"name":"wp","href":"https:\/\/api.w.org\/{rel}","templated":true}]}}